{"id":5656,"date":"2022-05-09T11:39:46","date_gmt":"2022-05-09T09:39:46","guid":{"rendered":"https:\/\/coeurcristal.com\/la-semilla-de-la-vida\/"},"modified":"2025-05-31T11:27:33","modified_gmt":"2025-05-31T09:27:33","slug":"la-semilla-de-la-vida","status":"publish","type":"product","link":"https:\/\/coeurcristal.com\/es\/la-semilla-de-la-vida\/","title":{"rendered":"La semilla de la vida"},"content":{"rendered":"<p>Surgida directamente de los poderosos arquetipos de la geometr\u00eda sagrada, la Semilla de Vida Coraz\u00f3n de Cristal ofrece un <strong>apoyo esencial para todo trabajo alqu\u00edmico humano<\/strong>.<\/p>\n<p>Anclada en la materialidad terrestre (4 caras), la Semilla de Vida del Coraz\u00f3n de Cristal deposita la magia de la semilla fecundada por la Esencia Divina en el interior de cada ser humano. El origen de toda vida y de toda conciencia. <\/p>\n<p>Nos permite <strong>centrarnos en nuestras propias capacidades y desplegarlas seg\u00fan nuestros ritmos esenciales<\/strong>.<\/p>\n<p>En t\u00e9rminos pr\u00e1cticos, el GVCC permitir\u00e1 al usuario sentirse <strong>regenerado, calmado y tranquilo<\/strong> a diario. Una mayor <strong>interiorizaci\u00f3n <\/strong>pasiva permitir\u00e1 que el <strong>movimiento <\/strong>activo hacia <strong>las capacidades <\/strong>se despliegue seg\u00fan ritmos transformadores. <\/p>\n<p>Coloca el lado yang masculino (dise\u00f1o elevado) hacia fuera y el lado yin femenino (dise\u00f1o hueco) hacia dentro para mantener la comunicaci\u00f3n.<\/p>\n<p>Para meditar, al rev\u00e9s.<\/p>\n","protected":false},"excerpt":{"rendered":"<p>El primero de los instrumentos del coraz\u00f3n de cristal, proporciona protecci\u00f3n, centrado y creatividad.<\/p>\n","protected":false},"featured_media":4488,"comment_status":"open","ping_status":"closed","template":"","meta":{"site-sidebar-layout":"default","site-content-layout":"default","ast-site-content-layout":"default","site-content-style":"default","site-sidebar-style":"default","ast-global-header-display":"","ast-banner-title-visibility":"","ast-main-header-display":"","ast-hfb-above-header-display":"","ast-hfb-below-header-display":"","ast-hfb-mobile-header-display":"","site-post-title":"","ast-breadcrumbs-content":"","ast-featured-img":"","footer-sml-layout":"","ast-disable-related-posts":"","theme-transparent-header-meta":"default","adv-header-id-meta":"","stick-header-meta":"","header-above-stick-meta":"","header-main-stick-meta":"","header-below-stick-meta":"","astra-migrate-meta-layouts":"default","ast-page-background-enabled":"default","ast-page-background-meta":{"desktop":{"background-color":"var(--ast-global-color-4)","background-image":"","background-repeat":"repeat","background-position":"center center","background-size":"auto","background-attachment":"scroll","background-type":"","background-media":"","overlay-type":"","overlay-color":"","overlay-opacity":"","overlay-gradient":""},"tablet":{"background-color":"","background-image":"","background-repeat":"repeat","background-position":"center center","background-size":"auto","background-attachment":"scroll","background-type":"","background-media":"","overlay-type":"","overlay-color":"","overlay-opacity":"","overlay-gradient":""},"mobile":{"background-color":"","background-image":"","background-repeat":"repeat","background-position":"center center","background-size":"auto","background-attachment":"scroll","background-type":"","background-media":"","overlay-type":"","overlay-color":"","overlay-opacity":"","overlay-gradient":""}},"ast-content-background-meta":{"desktop":{"background-color":"var(--ast-global-color-5)","background-image":"","background-repeat":"repeat","background-position":"center center","background-size":"auto","background-attachment":"scroll","background-type":"","background-media":"","overlay-type":"","overlay-color":"","overlay-opacity":"","overlay-gradient":""},"tablet":{"background-color":"var(--ast-global-color-5)","background-image":"","background-repeat":"repeat","background-position":"center center","background-size":"auto","background-attachment":"scroll","background-type":"","background-media":"","overlay-type":"","overlay-color":"","overlay-opacity":"","overlay-gradient":""},"mobile":{"background-color":"var(--ast-global-color-5)","background-image":"","background-repeat":"repeat","background-position":"center center","background-size":"auto","background-attachment":"scroll","background-type":"","background-media":"","overlay-type":"","overlay-color":"","overlay-opacity":"","overlay-gradient":""}}},"product_brand":[],"product_cat":[125],"product_tag":[],"class_list":{"0":"post-5656","1":"product","2":"type-product","3":"status-publish","4":"has-post-thumbnail","6":"product_cat-pendientes","7":"product_shipping_class-colgantes","8":"desktop-align-left","9":"tablet-align-left","10":"mobile-align-left","11":"ast-product-gallery-layout-vertical","12":"ast-product-gallery-with-no-image","13":"ast-magnify-disabled","14":"ast-product-tabs-layout-horizontal","16":"first","17":"instock","18":"taxable","19":"shipping-taxable","20":"purchasable","21":"product-type-simple"},"_links":{"self":[{"href":"https:\/\/coeurcristal.com\/es\/wp-json\/wp\/v2\/product\/5656","targetHints":{"allow":["GET"]}}],"collection":[{"href":"https:\/\/coeurcristal.com\/es\/wp-json\/wp\/v2\/product"}],"about":[{"href":"https:\/\/coeurcristal.com\/es\/wp-json\/wp\/v2\/types\/product"}],"replies":[{"embeddable":true,"href":"https:\/\/coeurcristal.com\/es\/wp-json\/wp\/v2\/comments?post=5656"}],"wp:featuredmedia":[{"embeddable":true,"href":"https:\/\/coeurcristal.com\/es\/wp-json\/wp\/v2\/media\/4488"}],"wp:attachment":[{"href":"https:\/\/coeurcristal.com\/es\/wp-json\/wp\/v2\/media?parent=5656"}],"wp:term":[{"taxonomy":"product_brand","embeddable":true,"href":"https:\/\/coeurcristal.com\/es\/wp-json\/wp\/v2\/product_brand?post=5656"},{"taxonomy":"product_cat","embeddable":true,"href":"https:\/\/coeurcristal.com\/es\/wp-json\/wp\/v2\/product_cat?post=5656"},{"taxonomy":"product_tag","embeddable":true,"href":"https:\/\/coeurcristal.com\/es\/wp-json\/wp\/v2\/product_tag?post=5656"}],"curies":[{"name":"wp","href":"https:\/\/api.w.org\/{rel}","templated":true}]}}