{"id":5655,"date":"2022-05-09T09:46:41","date_gmt":"2022-05-09T09:46:41","guid":{"rendered":"https:\/\/coeurcristal.com\/el-maestro-corazon-de-cristal\/"},"modified":"2025-05-31T11:27:28","modified_gmt":"2025-05-31T09:27:28","slug":"el-maestro-corazon-de-cristal","status":"publish","type":"product","link":"https:\/\/coeurcristal.com\/es\/el-maestro-corazon-de-cristal\/","title":{"rendered":"El Maestro Coraz\u00f3n de Cristal"},"content":{"rendered":"<p><strong>El Maestro Coraz\u00f3n de Cristal<\/strong> inicia una transmutaci\u00f3n profunda de todos los sistemas codificados, programados y adoctrinados, ya sea en materia humana o en cualquier otra materia: f\u00edsica, qu\u00edmica, emocional, espiritual, mental, astral&#8230;<\/p>\n<p>El Cristal Maestro Coraz\u00f3n act\u00faa directamente sobre la cadena molecular y <strong>reinicia la armon\u00eda<\/strong> y la sinergia b\u00e1sicas esenciales.<\/p>\n<p>Aplicado a los formatos existentes, tendr\u00e1 un profundo efecto sobre su inocuidad con respecto a todas las formas de vida terrenal y espiritual. Cualquier estructura as\u00ed modificada en su estructura b\u00e1sica esencial ver\u00e1 amplificada su radiaci\u00f3n en tonos estructurales esenciales. Se borrar\u00e1n todas las interferencias para que s\u00f3lo se emitan o reciban tonos arm\u00f3nicos.<br \/>\n<strong><br \/>\nAs\u00ed, aplicado a un producto qu\u00edmico, el Coraz\u00f3n de Cristal Maestro actuar\u00e1 sobre las estructuras moleculares para devolver a los principios activos sus modalidades y su eficacia, esto en una radiaci\u00f3n luminosa esencial. Para ello, ser\u00e1 necesario imponer el haz desde la base del Coraz\u00f3n de Cristal Maestro o desde el lado grande. <\/strong>.<\/p>\n<p>Ejemplo: Si tienes que tomar un tratamiento qu\u00edmico o una planta, deja primero la base o el lado grande del Cristal Maestro Coraz\u00f3n contra el producto para equilibrar los efectos secundarios, y despu\u00e9s coloca el lado peque\u00f1o contra el producto para mejorar los efectos beneficiosos.<\/p>\n<p>Aplicado al cuerpo humano, el <strong>Cristal del Coraz\u00f3n Maestro act\u00faa directamente sobre nuestros cuerpos sutiles <\/strong>seg\u00fan las intenciones expresadas durante la exposici\u00f3n.<\/p>\n<p><strong>MCC alinea cada estructura con la radiaci\u00f3n de frecuencia divina y rearmoniza todo lo que diverge, con infinito respeto por cada necesidad inherente a la evoluci\u00f3n humana.<\/strong><br \/>\nUn material se transmutar\u00e1 independientemente de la intenci\u00f3n expresada o no en el momento de la exposici\u00f3n. Un cuerpo humano, en cambio, se transmutar\u00e1 seg\u00fan la conciencia que lleve. <\/p>\n<p><strong>La intenci\u00f3n expresada en correlaci\u00f3n con la consciencia portadora de la intenci\u00f3n ser\u00e1 esencial. Los patrones inconscientes profundos que dirigen toda nuestra conciencia pueden armonizarse para que la persona que desee sanarlos conscientemente se reconcilie con las partes m\u00e1s elevadas de su Ser. <\/strong><\/p>\n","protected":false},"excerpt":{"rendered":"<p><strong>Una herramienta excelente para transmutar energ\u00edas pesadas y discordantes<\/strong>.<\/p>\n","protected":false},"featured_media":4431,"comment_status":"open","ping_status":"closed","template":"","meta":{"site-sidebar-layout":"default","site-content-layout":"default","ast-site-content-layout":"default","site-content-style":"default","site-sidebar-style":"default","ast-global-header-display":"","ast-banner-title-visibility":"","ast-main-header-display":"","ast-hfb-above-header-display":"","ast-hfb-below-header-display":"","ast-hfb-mobile-header-display":"","site-post-title":"","ast-breadcrumbs-content":"","ast-featured-img":"","footer-sml-layout":"","ast-disable-related-posts":"","theme-transparent-header-meta":"default","adv-header-id-meta":"","stick-header-meta":"","header-above-stick-meta":"","header-main-stick-meta":"","header-below-stick-meta":"","astra-migrate-meta-layouts":"default","ast-page-background-enabled":"default","ast-page-background-meta":{"desktop":{"background-color":"var(--ast-global-color-4)","background-image":"","background-repeat":"repeat","background-position":"center center","background-size":"auto","background-attachment":"scroll","background-type":"","background-media":"","overlay-type":"","overlay-color":"","overlay-opacity":"","overlay-gradient":""},"tablet":{"background-color":"","background-image":"","background-repeat":"repeat","background-position":"center center","background-size":"auto","background-attachment":"scroll","background-type":"","background-media":"","overlay-type":"","overlay-color":"","overlay-opacity":"","overlay-gradient":""},"mobile":{"background-color":"","background-image":"","background-repeat":"repeat","background-position":"center center","background-size":"auto","background-attachment":"scroll","background-type":"","background-media":"","overlay-type":"","overlay-color":"","overlay-opacity":"","overlay-gradient":""}},"ast-content-background-meta":{"desktop":{"background-color":"var(--ast-global-color-5)","background-image":"","background-repeat":"repeat","background-position":"center center","background-size":"auto","background-attachment":"scroll","background-type":"","background-media":"","overlay-type":"","overlay-color":"","overlay-opacity":"","overlay-gradient":""},"tablet":{"background-color":"var(--ast-global-color-5)","background-image":"","background-repeat":"repeat","background-position":"center center","background-size":"auto","background-attachment":"scroll","background-type":"","background-media":"","overlay-type":"","overlay-color":"","overlay-opacity":"","overlay-gradient":""},"mobile":{"background-color":"var(--ast-global-color-5)","background-image":"","background-repeat":"repeat","background-position":"center center","background-size":"auto","background-attachment":"scroll","background-type":"","background-media":"","overlay-type":"","overlay-color":"","overlay-opacity":"","overlay-gradient":""}}},"product_brand":[],"product_cat":[119],"product_tag":[],"class_list":{"0":"post-5655","1":"product","2":"type-product","3":"status-publish","4":"has-post-thumbnail","6":"product_cat-herramientas","7":"desktop-align-left","8":"tablet-align-left","9":"mobile-align-left","10":"ast-product-gallery-layout-vertical","11":"ast-magnify-disabled","12":"ast-product-tabs-layout-horizontal","14":"first","15":"instock","16":"taxable","17":"shipping-taxable","18":"purchasable","19":"product-type-simple"},"_links":{"self":[{"href":"https:\/\/coeurcristal.com\/es\/wp-json\/wp\/v2\/product\/5655","targetHints":{"allow":["GET"]}}],"collection":[{"href":"https:\/\/coeurcristal.com\/es\/wp-json\/wp\/v2\/product"}],"about":[{"href":"https:\/\/coeurcristal.com\/es\/wp-json\/wp\/v2\/types\/product"}],"replies":[{"embeddable":true,"href":"https:\/\/coeurcristal.com\/es\/wp-json\/wp\/v2\/comments?post=5655"}],"wp:featuredmedia":[{"embeddable":true,"href":"https:\/\/coeurcristal.com\/es\/wp-json\/wp\/v2\/media\/4431"}],"wp:attachment":[{"href":"https:\/\/coeurcristal.com\/es\/wp-json\/wp\/v2\/media?parent=5655"}],"wp:term":[{"taxonomy":"product_brand","embeddable":true,"href":"https:\/\/coeurcristal.com\/es\/wp-json\/wp\/v2\/product_brand?post=5655"},{"taxonomy":"product_cat","embeddable":true,"href":"https:\/\/coeurcristal.com\/es\/wp-json\/wp\/v2\/product_cat?post=5655"},{"taxonomy":"product_tag","embeddable":true,"href":"https:\/\/coeurcristal.com\/es\/wp-json\/wp\/v2\/product_tag?post=5655"}],"curies":[{"name":"wp","href":"https:\/\/api.w.org\/{rel}","templated":true}]}}