{"id":5651,"date":"2022-05-09T09:45:01","date_gmt":"2022-05-09T07:45:01","guid":{"rendered":"https:\/\/coeurcristal.com\/el-angel-corazon-de-cristal\/"},"modified":"2025-05-31T11:27:23","modified_gmt":"2025-05-31T09:27:23","slug":"el-angel-corazon-de-cristal","status":"publish","type":"product","link":"https:\/\/coeurcristal.com\/es\/el-angel-corazon-de-cristal\/","title":{"rendered":"El \u00c1ngel Coraz\u00f3n de Cristal"},"content":{"rendered":"<p>Directamente activo en la multidimensionalidad, el \u00c1ngel de Cristal <strong>abre las puertas de nuestro ADN para salir de la dualidad hacia la Trinidad, fuente de la Unidad<\/strong>.<\/p>\n<p>Actuando directamente en los 3 planos del ser humano (Vida, Coraz\u00f3n, Esp\u00edritu) ofrece una correlaci\u00f3n inmediata de la Trinidad humana hacia la Unidad Divina.<\/p>\n<p>Posicionada en su base estable (3D), se despliega en los tres planos en un zarcillo esencial, conectando sucesiva y simult\u00e1neamente las dimensiones 4\u00aa, 5\u00aa y 6\u00aa, ofreciendo una <strong>actualizaci\u00f3n profunda, suave y estable<\/strong> a las estructuras energ\u00e9ticas expuestas.<\/p>\n<p>De este modo, el Cristal Coraz\u00f3n de \u00c1ngel ofrecer\u00e1 suavemente una actualizaci\u00f3n profunda de todos los sistemas del cuerpo humano, cualesquiera que sean y cualquiera que sea la conciencia del ser. Su suavidad inherente implica muy <strong>poca resistencia a los sistemas expuestos <\/strong>, por lo que la penetraci\u00f3n es sencilla, eficaz y dosificada en funci\u00f3n de las necesidades encontradas. <\/p>\n<p>Concretamente, en la densidad de la materia humana,<strong> el \u00c1ngel Coraz\u00f3n de Cristal ser\u00e1 un aliado de elecci\u00f3n para cualquier empresa de liberaci\u00f3n<\/strong>, sea cual sea.<\/p>\n<p>A veces ya hemos liberado ciertas creencias limitantes en nuestra psique, y el \u00c1ngel Coraz\u00f3n de Cristal nos invita a liberarlas en nuestro ADN.<\/p>\n","protected":false},"excerpt":{"rendered":"<p><strong>Nos invita a liberarnos de nuestras falsas creencias y patrones obsoletos inscritos en nuestros chakras y ADN.<\/strong><\/p>\n","protected":false},"featured_media":4569,"comment_status":"open","ping_status":"closed","template":"","meta":{"site-sidebar-layout":"default","site-content-layout":"default","ast-site-content-layout":"default","site-content-style":"default","site-sidebar-style":"default","ast-global-header-display":"","ast-banner-title-visibility":"","ast-main-header-display":"","ast-hfb-above-header-display":"","ast-hfb-below-header-display":"","ast-hfb-mobile-header-display":"","site-post-title":"","ast-breadcrumbs-content":"","ast-featured-img":"","footer-sml-layout":"","ast-disable-related-posts":"","theme-transparent-header-meta":"default","adv-header-id-meta":"","stick-header-meta":"","header-above-stick-meta":"","header-main-stick-meta":"","header-below-stick-meta":"","astra-migrate-meta-layouts":"default","ast-page-background-enabled":"default","ast-page-background-meta":{"desktop":{"background-color":"var(--ast-global-color-4)","background-image":"","background-repeat":"repeat","background-position":"center center","background-size":"auto","background-attachment":"scroll","background-type":"","background-media":"","overlay-type":"","overlay-color":"","overlay-opacity":"","overlay-gradient":""},"tablet":{"background-color":"","background-image":"","background-repeat":"repeat","background-position":"center center","background-size":"auto","background-attachment":"scroll","background-type":"","background-media":"","overlay-type":"","overlay-color":"","overlay-opacity":"","overlay-gradient":""},"mobile":{"background-color":"","background-image":"","background-repeat":"repeat","background-position":"center center","background-size":"auto","background-attachment":"scroll","background-type":"","background-media":"","overlay-type":"","overlay-color":"","overlay-opacity":"","overlay-gradient":""}},"ast-content-background-meta":{"desktop":{"background-color":"var(--ast-global-color-5)","background-image":"","background-repeat":"repeat","background-position":"center center","background-size":"auto","background-attachment":"scroll","background-type":"","background-media":"","overlay-type":"","overlay-color":"","overlay-opacity":"","overlay-gradient":""},"tablet":{"background-color":"var(--ast-global-color-5)","background-image":"","background-repeat":"repeat","background-position":"center center","background-size":"auto","background-attachment":"scroll","background-type":"","background-media":"","overlay-type":"","overlay-color":"","overlay-opacity":"","overlay-gradient":""},"mobile":{"background-color":"var(--ast-global-color-5)","background-image":"","background-repeat":"repeat","background-position":"center center","background-size":"auto","background-attachment":"scroll","background-type":"","background-media":"","overlay-type":"","overlay-color":"","overlay-opacity":"","overlay-gradient":""}}},"product_brand":[],"product_cat":[119],"product_tag":[],"class_list":{"0":"post-5651","1":"product","2":"type-product","3":"status-publish","4":"has-post-thumbnail","6":"product_cat-herramientas","7":"desktop-align-left","8":"tablet-align-left","9":"mobile-align-left","10":"ast-product-gallery-layout-vertical","11":"ast-product-gallery-with-no-image","12":"ast-magnify-disabled","13":"ast-product-tabs-layout-horizontal","15":"first","16":"instock","17":"taxable","18":"shipping-taxable","19":"purchasable","20":"product-type-simple"},"_links":{"self":[{"href":"https:\/\/coeurcristal.com\/es\/wp-json\/wp\/v2\/product\/5651","targetHints":{"allow":["GET"]}}],"collection":[{"href":"https:\/\/coeurcristal.com\/es\/wp-json\/wp\/v2\/product"}],"about":[{"href":"https:\/\/coeurcristal.com\/es\/wp-json\/wp\/v2\/types\/product"}],"replies":[{"embeddable":true,"href":"https:\/\/coeurcristal.com\/es\/wp-json\/wp\/v2\/comments?post=5651"}],"wp:featuredmedia":[{"embeddable":true,"href":"https:\/\/coeurcristal.com\/es\/wp-json\/wp\/v2\/media\/4569"}],"wp:attachment":[{"href":"https:\/\/coeurcristal.com\/es\/wp-json\/wp\/v2\/media?parent=5651"}],"wp:term":[{"taxonomy":"product_brand","embeddable":true,"href":"https:\/\/coeurcristal.com\/es\/wp-json\/wp\/v2\/product_brand?post=5651"},{"taxonomy":"product_cat","embeddable":true,"href":"https:\/\/coeurcristal.com\/es\/wp-json\/wp\/v2\/product_cat?post=5651"},{"taxonomy":"product_tag","embeddable":true,"href":"https:\/\/coeurcristal.com\/es\/wp-json\/wp\/v2\/product_tag?post=5651"}],"curies":[{"name":"wp","href":"https:\/\/api.w.org\/{rel}","templated":true}]}}