{"id":5648,"date":"2022-05-09T09:41:14","date_gmt":"2022-05-09T07:41:14","guid":{"rendered":"https:\/\/coeurcristal.com\/plenitud-del-corazon-de-cristal\/"},"modified":"2025-05-31T11:27:19","modified_gmt":"2025-05-31T09:27:19","slug":"plenitud-del-corazon-de-cristal","status":"publish","type":"product","link":"https:\/\/coeurcristal.com\/es\/plenitud-del-corazon-de-cristal\/","title":{"rendered":"Plenitud del Coraz\u00f3n de Cristal"},"content":{"rendered":"<h3>La Plenitud del Coraz\u00f3n de Cristal (Doudou)<\/h3>\n<p>La plenitud se utiliza para llenar cualquier vac\u00edo (lagunas energ\u00e9ticas) con energ\u00eda luminosa o para remediar deficiencias.<\/p>\n<p>La falta de energ\u00eda act\u00faa como un bloqueo, impidiendo que la energ\u00eda circule.<\/p>\n<p><strong>Ejemplos<\/strong>: Falta de suerte, falta de amor, falta de autoestima, falta de dinero, falta de memoria, falta de atenci\u00f3n.<\/p>\n<p>Este Instrumento devuelve la informaci\u00f3n a las partes de nosotros mismos que han perdido la conciencia de nuestra unidad con la Fuente Divina. De este modo, restablece la verdad sobre la ilusi\u00f3n de vac\u00edo y carencia que hay en nosotros. <\/p>\n<ul>\n<li>Al llenar los vac\u00edos, este instrumento permite que la energ\u00eda fluya libre y abundantemente, sin obst\u00e1culos ni desviaciones.<\/li>\n<li>Al ponerlo en nuestras manos, sentimos una suave sensaci\u00f3n de alivio que nos invade, por eso les encanta a los ni\u00f1os, y tambi\u00e9n a nuestro ni\u00f1o interior.<\/li>\n<li>Proporciona un apoyo eficaz en el proceso de liberarse de los miedos y las adicciones.<\/li>\n<li>Muy eficaz en geobiolog\u00eda para neutralizar las fallas.<\/li>\n<li>Sus extremidades tambi\u00e9n pueden utilizarse para limpiar energ\u00e9ticamente las cristalizaciones del cuerpo.<\/li>\n<p><strong><\/ul>\n<p>Proporciona un apoyo eficaz en el proceso de liberar<\/strong> de miedos y adicciones.<\/p>\n<p>La plenitud del Coraz\u00f3n de Cristal es una herramienta quir\u00fargica de alta precisi\u00f3n para trabajar en las profundidades de las estructuras de energ\u00eda y materia con el fin de restaurar su integridad original.<\/p>\n<p>La Plenitud es una herramienta que s\u00f3lo funciona en la 5\u00aa y 6\u00aa dimensiones, permitiendo restablecer las conexiones del ADN de toda la materia, ofreciendo nuevas perspectivas para el despliegue de todo el potencial.<\/p>\n<p>Rellenando los vac\u00edos, este instrumento permite que la energ\u00eda fluya libre y abundantemente, sin obst\u00e1culos ni desviaciones.<\/p>\n<p><strong>La plenitud (Doudou) une la verticalidad con la horizontalidad, lo finito con lo infinito, lo humano con lo divino.<\/strong><\/p>\n","protected":false},"excerpt":{"rendered":"<p><strong>Permite que nuestra luz llene nuestros vac\u00edos, nuestros huecos energ\u00e9ticos, para borrar nuestros miedos, nuestras dudas y nuestras carencias<\/strong>.<\/p>\n","protected":false},"featured_media":4482,"comment_status":"open","ping_status":"closed","template":"","meta":{"site-sidebar-layout":"default","site-content-layout":"default","ast-site-content-layout":"default","site-content-style":"default","site-sidebar-style":"default","ast-global-header-display":"","ast-banner-title-visibility":"","ast-main-header-display":"","ast-hfb-above-header-display":"","ast-hfb-below-header-display":"","ast-hfb-mobile-header-display":"","site-post-title":"","ast-breadcrumbs-content":"","ast-featured-img":"","footer-sml-layout":"","ast-disable-related-posts":"","theme-transparent-header-meta":"default","adv-header-id-meta":"","stick-header-meta":"","header-above-stick-meta":"","header-main-stick-meta":"","header-below-stick-meta":"","astra-migrate-meta-layouts":"default","ast-page-background-enabled":"default","ast-page-background-meta":{"desktop":{"background-color":"var(--ast-global-color-4)","background-image":"","background-repeat":"repeat","background-position":"center center","background-size":"auto","background-attachment":"scroll","background-type":"","background-media":"","overlay-type":"","overlay-color":"","overlay-opacity":"","overlay-gradient":""},"tablet":{"background-color":"","background-image":"","background-repeat":"repeat","background-position":"center center","background-size":"auto","background-attachment":"scroll","background-type":"","background-media":"","overlay-type":"","overlay-color":"","overlay-opacity":"","overlay-gradient":""},"mobile":{"background-color":"","background-image":"","background-repeat":"repeat","background-position":"center center","background-size":"auto","background-attachment":"scroll","background-type":"","background-media":"","overlay-type":"","overlay-color":"","overlay-opacity":"","overlay-gradient":""}},"ast-content-background-meta":{"desktop":{"background-color":"var(--ast-global-color-5)","background-image":"","background-repeat":"repeat","background-position":"center center","background-size":"auto","background-attachment":"scroll","background-type":"","background-media":"","overlay-type":"","overlay-color":"","overlay-opacity":"","overlay-gradient":""},"tablet":{"background-color":"var(--ast-global-color-5)","background-image":"","background-repeat":"repeat","background-position":"center center","background-size":"auto","background-attachment":"scroll","background-type":"","background-media":"","overlay-type":"","overlay-color":"","overlay-opacity":"","overlay-gradient":""},"mobile":{"background-color":"var(--ast-global-color-5)","background-image":"","background-repeat":"repeat","background-position":"center center","background-size":"auto","background-attachment":"scroll","background-type":"","background-media":"","overlay-type":"","overlay-color":"","overlay-opacity":"","overlay-gradient":""}}},"product_brand":[],"product_cat":[119],"product_tag":[],"class_list":{"0":"post-5648","1":"product","2":"type-product","3":"status-publish","4":"has-post-thumbnail","6":"product_cat-herramientas","7":"desktop-align-left","8":"tablet-align-left","9":"mobile-align-left","10":"ast-product-gallery-layout-vertical","11":"ast-product-gallery-with-no-image","12":"ast-magnify-disabled","13":"ast-product-tabs-layout-horizontal","15":"first","16":"instock","17":"taxable","18":"shipping-taxable","19":"purchasable","20":"product-type-simple"},"_links":{"self":[{"href":"https:\/\/coeurcristal.com\/es\/wp-json\/wp\/v2\/product\/5648","targetHints":{"allow":["GET"]}}],"collection":[{"href":"https:\/\/coeurcristal.com\/es\/wp-json\/wp\/v2\/product"}],"about":[{"href":"https:\/\/coeurcristal.com\/es\/wp-json\/wp\/v2\/types\/product"}],"replies":[{"embeddable":true,"href":"https:\/\/coeurcristal.com\/es\/wp-json\/wp\/v2\/comments?post=5648"}],"wp:featuredmedia":[{"embeddable":true,"href":"https:\/\/coeurcristal.com\/es\/wp-json\/wp\/v2\/media\/4482"}],"wp:attachment":[{"href":"https:\/\/coeurcristal.com\/es\/wp-json\/wp\/v2\/media?parent=5648"}],"wp:term":[{"taxonomy":"product_brand","embeddable":true,"href":"https:\/\/coeurcristal.com\/es\/wp-json\/wp\/v2\/product_brand?post=5648"},{"taxonomy":"product_cat","embeddable":true,"href":"https:\/\/coeurcristal.com\/es\/wp-json\/wp\/v2\/product_cat?post=5648"},{"taxonomy":"product_tag","embeddable":true,"href":"https:\/\/coeurcristal.com\/es\/wp-json\/wp\/v2\/product_tag?post=5648"}],"curies":[{"name":"wp","href":"https:\/\/api.w.org\/{rel}","templated":true}]}}