{"id":5643,"date":"2022-05-08T10:06:55","date_gmt":"2022-05-08T08:06:55","guid":{"rendered":"https:\/\/coeurcristal.com\/la-piramide-azul\/"},"modified":"2022-05-08T10:06:55","modified_gmt":"2022-05-08T08:06:55","slug":"la-piramide-azul","status":"publish","type":"product","link":"https:\/\/coeurcristal.com\/es\/la-piramide-azul\/","title":{"rendered":"La Pir\u00e1mide Azul"},"content":{"rendered":"<p><strong>La pir\u00e1mide azul<\/strong> tiene la capacidad de ense\u00f1arnos a encontrar nuestra paz interior, a desmantelar los pensamientos bloqueados y a superar las dudas. Esta pir\u00e1mide tambi\u00e9n repara la conexi\u00f3n entre la mente y el cuerpo. <\/p>\n<p><span style=\"font-size: 16px;\">Te permite :<\/span><\/p>\n<p>Reforzar <strong>la paz interior y la serenidad<\/strong><br \/>\nEquilibrar <strong>la mente excesivamente fuerte.<\/strong><br \/>\nLiberarnos del control excesivo.<br \/>\n<strong>Aporta paz<\/strong> a las relaciones tensas, ya sea en la familia o en el trabajo.<br \/>\nAlivia el estr\u00e9s excesivo.<br \/>\nNos ayuda a estar centrados, a ser quienes somos y a cuidar de nosotros mismos.<\/p>\n<p>De este modo, ayuda a estabilizar los vectores de <strong>ondas alfa<\/strong> del pensamiento y la reflexi\u00f3n durante los periodos de silencio y autorreflexi\u00f3n, con el fin de abrir las zonas de <strong>conciencia <\/strong>necesarias para la evoluci\u00f3n de la consciencia.<\/p>\n<p>Es eficaz para cualquiera que desee mejorar sus capacidades cognitivas y reflexivas, y porta las energ\u00edas del <strong>Buda <\/strong>Azul, que se ocupa de la evoluci\u00f3n de la conciencia colectiva e individual.<\/p>\n<p>Espec\u00edficamente activo sobre el hipocampo, mejora la <strong>concentraci\u00f3n, la reflexi\u00f3n y la intuici\u00f3n<\/strong>.<\/p>\n","protected":false},"excerpt":{"rendered":"<p><strong>Nos ense\u00f1a a encontrar nuestra paz interior, despeja los pensamientos bloqueados y nos ayuda a superar nuestras dudas.<\/strong><\/p>\n","protected":false},"featured_media":4512,"comment_status":"open","ping_status":"closed","template":"","meta":{"site-sidebar-layout":"default","site-content-layout":"default","ast-site-content-layout":"default","site-content-style":"default","site-sidebar-style":"default","ast-global-header-display":"","ast-banner-title-visibility":"","ast-main-header-display":"","ast-hfb-above-header-display":"","ast-hfb-below-header-display":"","ast-hfb-mobile-header-display":"","site-post-title":"","ast-breadcrumbs-content":"","ast-featured-img":"","footer-sml-layout":"","ast-disable-related-posts":"","theme-transparent-header-meta":"default","adv-header-id-meta":"","stick-header-meta":"","header-above-stick-meta":"","header-main-stick-meta":"","header-below-stick-meta":"","astra-migrate-meta-layouts":"default","ast-page-background-enabled":"default","ast-page-background-meta":{"desktop":{"background-color":"var(--ast-global-color-4)","background-image":"","background-repeat":"repeat","background-position":"center center","background-size":"auto","background-attachment":"scroll","background-type":"","background-media":"","overlay-type":"","overlay-color":"","overlay-opacity":"","overlay-gradient":""},"tablet":{"background-color":"","background-image":"","background-repeat":"repeat","background-position":"center center","background-size":"auto","background-attachment":"scroll","background-type":"","background-media":"","overlay-type":"","overlay-color":"","overlay-opacity":"","overlay-gradient":""},"mobile":{"background-color":"","background-image":"","background-repeat":"repeat","background-position":"center center","background-size":"auto","background-attachment":"scroll","background-type":"","background-media":"","overlay-type":"","overlay-color":"","overlay-opacity":"","overlay-gradient":""}},"ast-content-background-meta":{"desktop":{"background-color":"var(--ast-global-color-5)","background-image":"","background-repeat":"repeat","background-position":"center center","background-size":"auto","background-attachment":"scroll","background-type":"","background-media":"","overlay-type":"","overlay-color":"","overlay-opacity":"","overlay-gradient":""},"tablet":{"background-color":"var(--ast-global-color-5)","background-image":"","background-repeat":"repeat","background-position":"center center","background-size":"auto","background-attachment":"scroll","background-type":"","background-media":"","overlay-type":"","overlay-color":"","overlay-opacity":"","overlay-gradient":""},"mobile":{"background-color":"var(--ast-global-color-5)","background-image":"","background-repeat":"repeat","background-position":"center center","background-size":"auto","background-attachment":"scroll","background-type":"","background-media":"","overlay-type":"","overlay-color":"","overlay-opacity":"","overlay-gradient":""}}},"product_brand":[],"product_cat":[124],"product_tag":[],"class_list":{"0":"post-5643","1":"product","2":"type-product","3":"status-publish","4":"has-post-thumbnail","6":"product_cat-las-piramides","7":"desktop-align-left","8":"tablet-align-left","9":"mobile-align-left","10":"ast-product-gallery-layout-vertical","11":"ast-product-gallery-with-no-image","12":"ast-magnify-disabled","13":"ast-product-tabs-layout-horizontal","15":"first","16":"instock","17":"taxable","18":"shipping-taxable","19":"purchasable","20":"product-type-simple"},"_links":{"self":[{"href":"https:\/\/coeurcristal.com\/es\/wp-json\/wp\/v2\/product\/5643","targetHints":{"allow":["GET"]}}],"collection":[{"href":"https:\/\/coeurcristal.com\/es\/wp-json\/wp\/v2\/product"}],"about":[{"href":"https:\/\/coeurcristal.com\/es\/wp-json\/wp\/v2\/types\/product"}],"replies":[{"embeddable":true,"href":"https:\/\/coeurcristal.com\/es\/wp-json\/wp\/v2\/comments?post=5643"}],"wp:featuredmedia":[{"embeddable":true,"href":"https:\/\/coeurcristal.com\/es\/wp-json\/wp\/v2\/media\/4512"}],"wp:attachment":[{"href":"https:\/\/coeurcristal.com\/es\/wp-json\/wp\/v2\/media?parent=5643"}],"wp:term":[{"taxonomy":"product_brand","embeddable":true,"href":"https:\/\/coeurcristal.com\/es\/wp-json\/wp\/v2\/product_brand?post=5643"},{"taxonomy":"product_cat","embeddable":true,"href":"https:\/\/coeurcristal.com\/es\/wp-json\/wp\/v2\/product_cat?post=5643"},{"taxonomy":"product_tag","embeddable":true,"href":"https:\/\/coeurcristal.com\/es\/wp-json\/wp\/v2\/product_tag?post=5643"}],"curies":[{"name":"wp","href":"https:\/\/api.w.org\/{rel}","templated":true}]}}