{"id":5642,"date":"2022-05-09T09:29:43","date_gmt":"2022-05-09T09:29:43","guid":{"rendered":"https:\/\/coeurcristal.com\/el-pendulo-corazon-de-cristal\/"},"modified":"2025-05-31T11:27:00","modified_gmt":"2025-05-31T09:27:00","slug":"el-pendulo-corazon-de-cristal","status":"publish","type":"product","link":"https:\/\/coeurcristal.com\/es\/el-pendulo-corazon-de-cristal\/","title":{"rendered":"El P\u00e9ndulo Coraz\u00f3n de Cristal"},"content":{"rendered":"<h3>Un p\u00e9ndulo al servicio de la luz.<\/h3>\n<ul>\n<li>Activa las cadenas de ADN<\/li>\n<li>Repara, armoniza y equilibra los cuerpos sutiles captando energ\u00eda y liber\u00e1ndola en las c\u00e9lulas.<\/li>\n<li><strong>Limpia, armoniza y optimiza los chakras<\/strong><\/li>\n<li><strong>Limpia y energiza el agua<\/strong><\/li>\n<li>Limpia objetos, minerales &#8230;<\/li>\n<\/ul>\n<p>Este p\u00e9ndulo Fleur de vie emana una energ\u00eda suave, c\u00e1lida y femenina.<\/p>\n<p>Este p\u00e9ndulo es adecuado tanto para principiantes como para profesionales.<\/p>\n<p>Es muy sensible y f\u00e1cil de usar.<\/p>\n<p>Una de sus ventajas excepcionales es que, como todos los Instrumentos de Coraz\u00f3n de Cristal, no est\u00e1 cargado de energ\u00eda negativa.<\/p>\n<p><strong>Tambi\u00e9n es un transmisor y receptor de luz.<\/strong><\/p>\n<p>Muchos radiestesistas lo han adoptado por esta raz\u00f3n, as\u00ed como por su reactividad.<\/p>\n<p>Para utilizar un p\u00e9ndulo correctamente, necesitas estar \u201calineado\u201d. Este p\u00e9ndulo te permite estar alineado en cuanto lo utilizas. <\/p>\n<p>Es un transmisor (difunde energ\u00eda e informaci\u00f3n) y un receptor (capta las vibraciones y energ\u00edas emitidas por el objeto de investigaci\u00f3n).<\/p>\n<p>Limpia objetos, minerales &#8230;<\/p>\n<p>Este p\u00e9ndulo se utiliza para responder a preguntas sencillas, para trabajar sobre uno mismo en el autocuidado, pero tambi\u00e9n para establecer un diagn\u00f3stico, un balance energ\u00e9tico (para los terapeutas).<\/p>\n<p>Ejemplo: Emite la energ\u00eda necesaria para modificar, regenerar y reparar los cuerpos sutil<u> e informacional de una persona<\/u>.<\/p>\n","protected":false},"excerpt":{"rendered":"<p>Una gu\u00eda verdaderamente luminosa, que nos ayuda a tomar las decisiones correctas de acuerdo con nuestra trayectoria vital.<\/p>\n","protected":false},"featured_media":4485,"comment_status":"open","ping_status":"closed","template":"","meta":{"site-sidebar-layout":"default","site-content-layout":"default","ast-site-content-layout":"default","site-content-style":"default","site-sidebar-style":"default","ast-global-header-display":"","ast-banner-title-visibility":"","ast-main-header-display":"","ast-hfb-above-header-display":"","ast-hfb-below-header-display":"","ast-hfb-mobile-header-display":"","site-post-title":"","ast-breadcrumbs-content":"","ast-featured-img":"","footer-sml-layout":"","ast-disable-related-posts":"","theme-transparent-header-meta":"default","adv-header-id-meta":"","stick-header-meta":"","header-above-stick-meta":"","header-main-stick-meta":"","header-below-stick-meta":"","astra-migrate-meta-layouts":"default","ast-page-background-enabled":"default","ast-page-background-meta":{"desktop":{"background-color":"var(--ast-global-color-4)","background-image":"","background-repeat":"repeat","background-position":"center center","background-size":"auto","background-attachment":"scroll","background-type":"","background-media":"","overlay-type":"","overlay-color":"","overlay-opacity":"","overlay-gradient":""},"tablet":{"background-color":"","background-image":"","background-repeat":"repeat","background-position":"center center","background-size":"auto","background-attachment":"scroll","background-type":"","background-media":"","overlay-type":"","overlay-color":"","overlay-opacity":"","overlay-gradient":""},"mobile":{"background-color":"","background-image":"","background-repeat":"repeat","background-position":"center center","background-size":"auto","background-attachment":"scroll","background-type":"","background-media":"","overlay-type":"","overlay-color":"","overlay-opacity":"","overlay-gradient":""}},"ast-content-background-meta":{"desktop":{"background-color":"var(--ast-global-color-5)","background-image":"","background-repeat":"repeat","background-position":"center center","background-size":"auto","background-attachment":"scroll","background-type":"","background-media":"","overlay-type":"","overlay-color":"","overlay-opacity":"","overlay-gradient":""},"tablet":{"background-color":"var(--ast-global-color-5)","background-image":"","background-repeat":"repeat","background-position":"center center","background-size":"auto","background-attachment":"scroll","background-type":"","background-media":"","overlay-type":"","overlay-color":"","overlay-opacity":"","overlay-gradient":""},"mobile":{"background-color":"var(--ast-global-color-5)","background-image":"","background-repeat":"repeat","background-position":"center center","background-size":"auto","background-attachment":"scroll","background-type":"","background-media":"","overlay-type":"","overlay-color":"","overlay-opacity":"","overlay-gradient":""}}},"product_brand":[],"product_cat":[120,119],"product_tag":[],"class_list":{"0":"post-5642","1":"product","2":"type-product","3":"status-publish","4":"has-post-thumbnail","6":"product_cat-la-matriz-de-la-vida","7":"product_cat-herramientas","8":"product_shipping_class-colgantes","9":"desktop-align-left","10":"tablet-align-left","11":"mobile-align-left","12":"ast-product-gallery-layout-vertical","13":"ast-magnify-disabled","14":"ast-product-tabs-layout-horizontal","16":"first","17":"instock","18":"taxable","19":"shipping-taxable","20":"purchasable","21":"product-type-simple"},"_links":{"self":[{"href":"https:\/\/coeurcristal.com\/es\/wp-json\/wp\/v2\/product\/5642","targetHints":{"allow":["GET"]}}],"collection":[{"href":"https:\/\/coeurcristal.com\/es\/wp-json\/wp\/v2\/product"}],"about":[{"href":"https:\/\/coeurcristal.com\/es\/wp-json\/wp\/v2\/types\/product"}],"replies":[{"embeddable":true,"href":"https:\/\/coeurcristal.com\/es\/wp-json\/wp\/v2\/comments?post=5642"}],"wp:featuredmedia":[{"embeddable":true,"href":"https:\/\/coeurcristal.com\/es\/wp-json\/wp\/v2\/media\/4485"}],"wp:attachment":[{"href":"https:\/\/coeurcristal.com\/es\/wp-json\/wp\/v2\/media?parent=5642"}],"wp:term":[{"taxonomy":"product_brand","embeddable":true,"href":"https:\/\/coeurcristal.com\/es\/wp-json\/wp\/v2\/product_brand?post=5642"},{"taxonomy":"product_cat","embeddable":true,"href":"https:\/\/coeurcristal.com\/es\/wp-json\/wp\/v2\/product_cat?post=5642"},{"taxonomy":"product_tag","embeddable":true,"href":"https:\/\/coeurcristal.com\/es\/wp-json\/wp\/v2\/product_tag?post=5642"}],"curies":[{"name":"wp","href":"https:\/\/api.w.org\/{rel}","templated":true}]}}