{"id":5637,"date":"2022-05-08T10:03:17","date_gmt":"2022-05-08T10:03:17","guid":{"rendered":"https:\/\/coeurcristal.com\/la-piramide-verde-esmeralda\/"},"modified":"2022-05-08T10:03:17","modified_gmt":"2022-05-08T08:03:17","slug":"la-piramide-verde-esmeralda","status":"publish","type":"product","link":"https:\/\/coeurcristal.com\/es\/la-piramide-verde-esmeralda\/","title":{"rendered":"La Pir\u00e1mide Verde Esmeralda"},"content":{"rendered":"<p>Trabajar con la Pir\u00e1mide Verde Esmeralda nos ayuda a <strong>hacer<\/strong> que todas las energ\u00edas en movimiento en nuestra biolog\u00eda <strong>fluyan m\u00e1s libremente<\/strong> en nuestro interior.<\/p>\n<p>Espacio abierto de trascendencia, la Pir\u00e1mide Verde es<strong> una elevaci\u00f3n c\u00f3smica hacia los planos superiores de tu Ser Luminoso.<\/strong><\/p>\n<p>El verde esmeralda en la Trinidad es la energ\u00eda del Padre, el amor incondicional.<\/p>\n<p>Dentro de nuestro plasma sangu\u00edneo hay c\u00e9lulas cuya funci\u00f3n es transportar informaci\u00f3n. Estas c\u00e9lulas llevan este matiz verde esmeralda. Por eso la sangre lleva el color rojo, lo contrario de la frecuencia verde esmeralda en el espectro luminoso.  <\/p>\n<p>&nbsp;<\/p>\n<p><strong>En t\u00e9rminos m\u00e1s generales:  <\/strong><\/p>\n<p>Al trabajar con la conciencia del verde esmeralda, conectamos con estas c\u00e9lulas, que se estimulan y se activan. Llevan la informaci\u00f3n de lo masculino, de la puesta en movimiento, las energ\u00edas yang. Participan en los movimientos ascendentes necesarios en el cuerpo f\u00edsico para neutralizar el peso y la gravedad. De este modo, los fluidos pueden ascender como la savia de los \u00e1rboles.   <\/p>\n<p>As\u00ed pues, la energ\u00eda del Padre, lo masculino, pone en marcha una ascensi\u00f3n. Esto es la trascendencia. El verde esmeralda es la frecuencia de la trascendencia,<strong> el movimiento ascendente hacia el origen.<\/strong>  <\/p>\n<p>&nbsp;<\/p>\n<p><strong>M\u00e1s concretamente:  <\/strong><\/p>\n<p>Por eso <strong>la Pir\u00e1mide Verde Esmeralda<\/strong> es una energ\u00eda curativa, ya que ayuda a poner de nuevo en movimiento las energ\u00edas estancadas y bloqueadas, debido a desequilibrios funcionales o psicol\u00f3gicos.<\/p>\n<p>Es un ba\u00f1o de rejuvenecimiento, porque liberar esas energ\u00edas estancadas y bloqueadas es una liberaci\u00f3n, <strong>un aumento de la vitalidad<\/strong>.<\/p>\n<p>El verde esmeralda invita a la mente a volverse m\u00e1s sana, m\u00e1s \u201cdesrigidizada\u201d, m\u00e1s flexible, volviendo gradualmente al lugar que le corresponde como herramienta al servicio del ser.<\/p>\n<p>De este modo, se hace posible una mayor actividad f\u00edsica y una mejor recuperaci\u00f3n durante el sue\u00f1o, iniciando la transmutaci\u00f3n alqu\u00edmica de la transici\u00f3n a la 5\u00aa dimensi\u00f3n.<\/p>\n<p><strong>De este modo, el ser entra en un dinamismo, una fuerza de vitalidad en la que ya no es necesario esforzarse para trabajar a diario.<\/strong><\/p>\n<p><strong>As\u00ed puede concentrar sus energ\u00edas en las relaciones y entrar en un equilibrio emocional m\u00e1s estable y elaborado<\/strong>. Las situaciones que antes eran de confrontaci\u00f3n se aligeran con esta \u201crespiraci\u00f3n\u201d m\u00e1s plena, esta fluidez, esta ligereza de ser en el mundo f\u00edsico cotidiano. <\/p>\n<p>Adem\u00e1s, una mejor oxigenaci\u00f3n del cerebro permite un mayor poder de concentraci\u00f3n, an\u00e1lisis y s\u00edntesis, y una intelectualizaci\u00f3n m\u00e1s sana y concisa, gracias a la armonizaci\u00f3n de los dos hemisferios de la corteza cerebral, que combina conceptualizaci\u00f3n e intuici\u00f3n.<\/p>\n<p>De la comuni\u00f3n regular con la Pir\u00e1mide Verde Esmeralda surgir\u00e1n grandes mentes en cuerpos sanos.<\/p>\n","protected":false},"excerpt":{"rendered":"<p><strong>Ba\u00f1o de rejuvenecimiento fluidificando las energ\u00edas estancadas.<\/strong><\/p>\n","protected":false},"featured_media":4521,"comment_status":"open","ping_status":"closed","template":"","meta":{"site-sidebar-layout":"default","site-content-layout":"default","ast-site-content-layout":"default","site-content-style":"default","site-sidebar-style":"default","ast-global-header-display":"","ast-banner-title-visibility":"","ast-main-header-display":"","ast-hfb-above-header-display":"","ast-hfb-below-header-display":"","ast-hfb-mobile-header-display":"","site-post-title":"","ast-breadcrumbs-content":"","ast-featured-img":"","footer-sml-layout":"","ast-disable-related-posts":"","theme-transparent-header-meta":"default","adv-header-id-meta":"","stick-header-meta":"","header-above-stick-meta":"","header-main-stick-meta":"","header-below-stick-meta":"","astra-migrate-meta-layouts":"default","ast-page-background-enabled":"default","ast-page-background-meta":{"desktop":{"background-color":"var(--ast-global-color-4)","background-image":"","background-repeat":"repeat","background-position":"center center","background-size":"auto","background-attachment":"scroll","background-type":"","background-media":"","overlay-type":"","overlay-color":"","overlay-opacity":"","overlay-gradient":""},"tablet":{"background-color":"","background-image":"","background-repeat":"repeat","background-position":"center center","background-size":"auto","background-attachment":"scroll","background-type":"","background-media":"","overlay-type":"","overlay-color":"","overlay-opacity":"","overlay-gradient":""},"mobile":{"background-color":"","background-image":"","background-repeat":"repeat","background-position":"center center","background-size":"auto","background-attachment":"scroll","background-type":"","background-media":"","overlay-type":"","overlay-color":"","overlay-opacity":"","overlay-gradient":""}},"ast-content-background-meta":{"desktop":{"background-color":"var(--ast-global-color-5)","background-image":"","background-repeat":"repeat","background-position":"center center","background-size":"auto","background-attachment":"scroll","background-type":"","background-media":"","overlay-type":"","overlay-color":"","overlay-opacity":"","overlay-gradient":""},"tablet":{"background-color":"var(--ast-global-color-5)","background-image":"","background-repeat":"repeat","background-position":"center center","background-size":"auto","background-attachment":"scroll","background-type":"","background-media":"","overlay-type":"","overlay-color":"","overlay-opacity":"","overlay-gradient":""},"mobile":{"background-color":"var(--ast-global-color-5)","background-image":"","background-repeat":"repeat","background-position":"center center","background-size":"auto","background-attachment":"scroll","background-type":"","background-media":"","overlay-type":"","overlay-color":"","overlay-opacity":"","overlay-gradient":""}}},"product_brand":[],"product_cat":[124],"product_tag":[],"class_list":{"0":"post-5637","1":"product","2":"type-product","3":"status-publish","4":"has-post-thumbnail","6":"product_cat-las-piramides","7":"desktop-align-left","8":"tablet-align-left","9":"mobile-align-left","10":"ast-product-gallery-layout-vertical","11":"ast-magnify-disabled","12":"ast-product-tabs-layout-horizontal","14":"first","15":"instock","16":"taxable","17":"shipping-taxable","18":"purchasable","19":"product-type-simple"},"_links":{"self":[{"href":"https:\/\/coeurcristal.com\/es\/wp-json\/wp\/v2\/product\/5637","targetHints":{"allow":["GET"]}}],"collection":[{"href":"https:\/\/coeurcristal.com\/es\/wp-json\/wp\/v2\/product"}],"about":[{"href":"https:\/\/coeurcristal.com\/es\/wp-json\/wp\/v2\/types\/product"}],"replies":[{"embeddable":true,"href":"https:\/\/coeurcristal.com\/es\/wp-json\/wp\/v2\/comments?post=5637"}],"wp:featuredmedia":[{"embeddable":true,"href":"https:\/\/coeurcristal.com\/es\/wp-json\/wp\/v2\/media\/4521"}],"wp:attachment":[{"href":"https:\/\/coeurcristal.com\/es\/wp-json\/wp\/v2\/media?parent=5637"}],"wp:term":[{"taxonomy":"product_brand","embeddable":true,"href":"https:\/\/coeurcristal.com\/es\/wp-json\/wp\/v2\/product_brand?post=5637"},{"taxonomy":"product_cat","embeddable":true,"href":"https:\/\/coeurcristal.com\/es\/wp-json\/wp\/v2\/product_cat?post=5637"},{"taxonomy":"product_tag","embeddable":true,"href":"https:\/\/coeurcristal.com\/es\/wp-json\/wp\/v2\/product_tag?post=5637"}],"curies":[{"name":"wp","href":"https:\/\/api.w.org\/{rel}","templated":true}]}}