{"id":5636,"date":"2022-05-08T09:52:19","date_gmt":"2022-05-08T07:52:19","guid":{"rendered":"https:\/\/coeurcristal.com\/la-piramide-rosa-y-verde\/"},"modified":"2022-05-08T09:52:19","modified_gmt":"2022-05-08T07:52:19","slug":"la-piramide-rosa-y-verde","status":"publish","type":"product","link":"https:\/\/coeurcristal.com\/es\/la-piramide-rosa-y-verde\/","title":{"rendered":"La pir\u00e1mide rosa y verde"},"content":{"rendered":"<p>Reconexi\u00f3n entre los planos superiores del Ser y los planos de uni\u00f3n con la Madre Divina.<\/p>\n<p><strong>Libera<\/strong> plazas de entidades de baja dimensi\u00f3n.<\/p>\n<p><strong>Conciliar el yin y el yang.<\/strong><\/p>\n<p><strong>Limpieza<\/strong> y conciliaci\u00f3n de espacios.<\/p>\n<p><strong>Libera<\/strong> a las almas errantes,<strong> libera<\/strong> lugares de entidades de baja vibraci\u00f3n que mantienen pautas recurrentes de confinamiento, libera a las almas errantes y<strong> las dirige hacia la luz. <\/strong> <\/p>\n<p>Combinando multiplicidad y multidimensionalidad, la Pir\u00e1mide Multicolor Verde y Rosa combina maravillosamente el potencial de cada una de las dos identidades de color.<\/p>\n<p>&nbsp;<\/p>\n","protected":false},"excerpt":{"rendered":"<p><strong>Equilibrio y armon\u00eda entre el coraz\u00f3n f\u00edsico y el espiritual.<\/strong><\/p>\n","protected":false},"featured_media":4515,"comment_status":"open","ping_status":"closed","template":"","meta":{"site-sidebar-layout":"default","site-content-layout":"default","ast-site-content-layout":"default","site-content-style":"default","site-sidebar-style":"default","ast-global-header-display":"","ast-banner-title-visibility":"","ast-main-header-display":"","ast-hfb-above-header-display":"","ast-hfb-below-header-display":"","ast-hfb-mobile-header-display":"","site-post-title":"","ast-breadcrumbs-content":"","ast-featured-img":"","footer-sml-layout":"","ast-disable-related-posts":"","theme-transparent-header-meta":"default","adv-header-id-meta":"","stick-header-meta":"","header-above-stick-meta":"","header-main-stick-meta":"","header-below-stick-meta":"","astra-migrate-meta-layouts":"default","ast-page-background-enabled":"default","ast-page-background-meta":{"desktop":{"background-color":"var(--ast-global-color-4)","background-image":"","background-repeat":"repeat","background-position":"center center","background-size":"auto","background-attachment":"scroll","background-type":"","background-media":"","overlay-type":"","overlay-color":"","overlay-opacity":"","overlay-gradient":""},"tablet":{"background-color":"","background-image":"","background-repeat":"repeat","background-position":"center center","background-size":"auto","background-attachment":"scroll","background-type":"","background-media":"","overlay-type":"","overlay-color":"","overlay-opacity":"","overlay-gradient":""},"mobile":{"background-color":"","background-image":"","background-repeat":"repeat","background-position":"center center","background-size":"auto","background-attachment":"scroll","background-type":"","background-media":"","overlay-type":"","overlay-color":"","overlay-opacity":"","overlay-gradient":""}},"ast-content-background-meta":{"desktop":{"background-color":"var(--ast-global-color-5)","background-image":"","background-repeat":"repeat","background-position":"center center","background-size":"auto","background-attachment":"scroll","background-type":"","background-media":"","overlay-type":"","overlay-color":"","overlay-opacity":"","overlay-gradient":""},"tablet":{"background-color":"var(--ast-global-color-5)","background-image":"","background-repeat":"repeat","background-position":"center center","background-size":"auto","background-attachment":"scroll","background-type":"","background-media":"","overlay-type":"","overlay-color":"","overlay-opacity":"","overlay-gradient":""},"mobile":{"background-color":"var(--ast-global-color-5)","background-image":"","background-repeat":"repeat","background-position":"center center","background-size":"auto","background-attachment":"scroll","background-type":"","background-media":"","overlay-type":"","overlay-color":"","overlay-opacity":"","overlay-gradient":""}}},"product_brand":[],"product_cat":[124],"product_tag":[],"class_list":{"0":"post-5636","1":"product","2":"type-product","3":"status-publish","4":"has-post-thumbnail","6":"product_cat-las-piramides","7":"desktop-align-left","8":"tablet-align-left","9":"mobile-align-left","10":"ast-product-gallery-layout-vertical","11":"ast-magnify-disabled","12":"ast-product-tabs-layout-horizontal","14":"first","15":"instock","16":"taxable","17":"shipping-taxable","18":"purchasable","19":"product-type-simple"},"_links":{"self":[{"href":"https:\/\/coeurcristal.com\/es\/wp-json\/wp\/v2\/product\/5636","targetHints":{"allow":["GET"]}}],"collection":[{"href":"https:\/\/coeurcristal.com\/es\/wp-json\/wp\/v2\/product"}],"about":[{"href":"https:\/\/coeurcristal.com\/es\/wp-json\/wp\/v2\/types\/product"}],"replies":[{"embeddable":true,"href":"https:\/\/coeurcristal.com\/es\/wp-json\/wp\/v2\/comments?post=5636"}],"wp:featuredmedia":[{"embeddable":true,"href":"https:\/\/coeurcristal.com\/es\/wp-json\/wp\/v2\/media\/4515"}],"wp:attachment":[{"href":"https:\/\/coeurcristal.com\/es\/wp-json\/wp\/v2\/media?parent=5636"}],"wp:term":[{"taxonomy":"product_brand","embeddable":true,"href":"https:\/\/coeurcristal.com\/es\/wp-json\/wp\/v2\/product_brand?post=5636"},{"taxonomy":"product_cat","embeddable":true,"href":"https:\/\/coeurcristal.com\/es\/wp-json\/wp\/v2\/product_cat?post=5636"},{"taxonomy":"product_tag","embeddable":true,"href":"https:\/\/coeurcristal.com\/es\/wp-json\/wp\/v2\/product_tag?post=5636"}],"curies":[{"name":"wp","href":"https:\/\/api.w.org\/{rel}","templated":true}]}}