{"id":5634,"date":"2022-05-08T10:08:19","date_gmt":"2022-05-08T10:08:19","guid":{"rendered":"https:\/\/coeurcristal.com\/la-piramide-transparente\/"},"modified":"2022-05-08T10:08:19","modified_gmt":"2022-05-08T08:08:19","slug":"la-piramide-transparente","status":"publish","type":"product","link":"https:\/\/coeurcristal.com\/es\/la-piramide-transparente\/","title":{"rendered":"La pir\u00e1mide transparente"},"content":{"rendered":"<p style=\"background: white; vertical-align: baseline; margin: 0cm 0cm 21.0pt 0cm;\">Esencialmente vector de <strong>purificaci\u00f3n<\/strong> a todos los niveles, la Pir\u00e1mide Transparente ofrece a los seres conectados a ella una conexi\u00f3n profunda con los planos del<strong>alma<\/strong> y los <strong>seres sutiles<\/strong> que la rodean.<br \/>\nLa Pir\u00e1mide Transparente ofrece una conexi\u00f3n esencial con el mundo de los<strong> pensamientos et\u00e9reos<\/strong>, sin\u00f3nimo de <strong>reflexi\u00f3n filos\u00f3fica<\/strong>, <strong>sabidur\u00eda<\/strong> y <strong>virtudes<\/strong>.<\/p>\n<ul>\n<li>Libera la mente, ilumina y abre nuevos horizontes.<br \/>\nAbre la intuici\u00f3n y la claridad interior.<br \/>\nAyuda en el aprendizaje y el estudio, al aumentar la concentraci\u00f3n.<br \/>\nMejora la creatividad en todos los \u00e1mbitos.<\/li>\n<\/ul>\n<p style=\"background: white; vertical-align: baseline; margin: 0cm 0cm 21.0pt 0cm;\">Utilizada regularmente, esta herramienta puede ayudarte a resolver problemas profundamente arraigados, a recibir tecnolog\u00edas avanzadas y en evoluci\u00f3n, a recibir nueva informaci\u00f3n trascendental y a escuchar poderosos ecos de los mundos divino y et\u00e9reo.<\/p>\n<p>Cuando se utilice en una obra, esta pir\u00e1mide se conectar\u00e1 con el  <strong>Anales akh\u00e1sicos<\/strong>  y permitir\u00e1 el uso de todos los  <strong>conocimiento trascendente<\/strong>  en beneficio de la humanidad.<\/p>\n<p>Ser\u00e1 la antena para recibir informaci\u00f3n, y los seres ser\u00e1n entonces el vector humano para traducir y traducir estos datos. Esto, por supuesto, s\u00f3lo se pondr\u00e1 a disposici\u00f3n de aquellos seres cuyas estructuras energ\u00e9ticas lleven esta conexi\u00f3n espec\u00edfica incluso hoy en d\u00eda. <\/p>\n<p>M\u00e1s concretamente, en el cuerpo humano, la <strong>Pir\u00e1mide Transparente<\/strong> favorece la<strong> libre circulaci\u00f3n de fluidos<\/strong> como la linfa.<\/p>\n<p>Como vector de las aguas primordiales, permite una amplia circulaci\u00f3n de la informaci\u00f3n, fomentando una conexi\u00f3n profunda con la esencia misma del Ser a trav\u00e9s del vector del alma.<\/p>\n<p>La Pir\u00e1mide Transparente se depositar\u00e1 en particular en el  <strong>ra\u00edces del pelo. Uno de los efectos inmediatos de esta herramienta es favorecer la activaci\u00f3n de la antena intermedia relativa situada en la ra\u00edz del pelo.   <\/strong>Esta antena proporciona un v\u00ednculo directo entre todos los mundos sutiles y el mundo divino.<\/p>\n<p>Por tanto, es \u00fatil para una persona en un proceso de mediumnidad.<\/p>\n","protected":false},"excerpt":{"rendered":"<p><strong>Vector de purificaci\u00f3n, ofrece una conexi\u00f3n profunda con los planos del alma.<\/strong><\/p>\n","protected":false},"featured_media":4533,"comment_status":"open","ping_status":"closed","template":"","meta":{"site-sidebar-layout":"default","site-content-layout":"default","ast-site-content-layout":"default","site-content-style":"default","site-sidebar-style":"default","ast-global-header-display":"","ast-banner-title-visibility":"","ast-main-header-display":"","ast-hfb-above-header-display":"","ast-hfb-below-header-display":"","ast-hfb-mobile-header-display":"","site-post-title":"","ast-breadcrumbs-content":"","ast-featured-img":"","footer-sml-layout":"","ast-disable-related-posts":"","theme-transparent-header-meta":"default","adv-header-id-meta":"","stick-header-meta":"","header-above-stick-meta":"","header-main-stick-meta":"","header-below-stick-meta":"","astra-migrate-meta-layouts":"default","ast-page-background-enabled":"default","ast-page-background-meta":{"desktop":{"background-color":"var(--ast-global-color-4)","background-image":"","background-repeat":"repeat","background-position":"center center","background-size":"auto","background-attachment":"scroll","background-type":"","background-media":"","overlay-type":"","overlay-color":"","overlay-opacity":"","overlay-gradient":""},"tablet":{"background-color":"","background-image":"","background-repeat":"repeat","background-position":"center center","background-size":"auto","background-attachment":"scroll","background-type":"","background-media":"","overlay-type":"","overlay-color":"","overlay-opacity":"","overlay-gradient":""},"mobile":{"background-color":"","background-image":"","background-repeat":"repeat","background-position":"center center","background-size":"auto","background-attachment":"scroll","background-type":"","background-media":"","overlay-type":"","overlay-color":"","overlay-opacity":"","overlay-gradient":""}},"ast-content-background-meta":{"desktop":{"background-color":"var(--ast-global-color-5)","background-image":"","background-repeat":"repeat","background-position":"center center","background-size":"auto","background-attachment":"scroll","background-type":"","background-media":"","overlay-type":"","overlay-color":"","overlay-opacity":"","overlay-gradient":""},"tablet":{"background-color":"var(--ast-global-color-5)","background-image":"","background-repeat":"repeat","background-position":"center center","background-size":"auto","background-attachment":"scroll","background-type":"","background-media":"","overlay-type":"","overlay-color":"","overlay-opacity":"","overlay-gradient":""},"mobile":{"background-color":"var(--ast-global-color-5)","background-image":"","background-repeat":"repeat","background-position":"center center","background-size":"auto","background-attachment":"scroll","background-type":"","background-media":"","overlay-type":"","overlay-color":"","overlay-opacity":"","overlay-gradient":""}}},"product_brand":[],"product_cat":[124],"product_tag":[],"class_list":{"0":"post-5634","1":"product","2":"type-product","3":"status-publish","4":"has-post-thumbnail","6":"product_cat-las-piramides","7":"desktop-align-left","8":"tablet-align-left","9":"mobile-align-left","10":"ast-product-gallery-layout-vertical","11":"ast-product-gallery-with-no-image","12":"ast-magnify-disabled","13":"ast-product-tabs-layout-horizontal","15":"first","16":"instock","17":"taxable","18":"shipping-taxable","19":"purchasable","20":"product-type-simple"},"_links":{"self":[{"href":"https:\/\/coeurcristal.com\/es\/wp-json\/wp\/v2\/product\/5634","targetHints":{"allow":["GET"]}}],"collection":[{"href":"https:\/\/coeurcristal.com\/es\/wp-json\/wp\/v2\/product"}],"about":[{"href":"https:\/\/coeurcristal.com\/es\/wp-json\/wp\/v2\/types\/product"}],"replies":[{"embeddable":true,"href":"https:\/\/coeurcristal.com\/es\/wp-json\/wp\/v2\/comments?post=5634"}],"wp:featuredmedia":[{"embeddable":true,"href":"https:\/\/coeurcristal.com\/es\/wp-json\/wp\/v2\/media\/4533"}],"wp:attachment":[{"href":"https:\/\/coeurcristal.com\/es\/wp-json\/wp\/v2\/media?parent=5634"}],"wp:term":[{"taxonomy":"product_brand","embeddable":true,"href":"https:\/\/coeurcristal.com\/es\/wp-json\/wp\/v2\/product_brand?post=5634"},{"taxonomy":"product_cat","embeddable":true,"href":"https:\/\/coeurcristal.com\/es\/wp-json\/wp\/v2\/product_cat?post=5634"},{"taxonomy":"product_tag","embeddable":true,"href":"https:\/\/coeurcristal.com\/es\/wp-json\/wp\/v2\/product_tag?post=5634"}],"curies":[{"name":"wp","href":"https:\/\/api.w.org\/{rel}","templated":true}]}}