{"id":5631,"date":"2022-05-09T12:03:58","date_gmt":"2022-05-09T10:03:58","guid":{"rendered":"https:\/\/coeurcristal.com\/el-gran-sello-transparente\/"},"modified":"2025-05-31T11:22:26","modified_gmt":"2025-05-31T09:22:26","slug":"el-gran-sello-transparente","status":"publish","type":"product","link":"https:\/\/coeurcristal.com\/es\/el-gran-sello-transparente\/","title":{"rendered":"El Gran Sello Transparente"},"content":{"rendered":"<h3>El Gran Sello Transparente nos conecta con las esencias sutiles presentes en todo.<\/h3>\n<ul>\n<li><strong>Regula y armoniza el meridiano pulmonar<\/strong><\/li>\n<li><strong>Respiraci\u00f3n m\u00e1s libre y completa<\/strong><\/li>\n<li><strong>Te ayuda a soltarte<\/strong><\/li>\n<li><strong>Liberaci\u00f3n de sentimientos de pena o tristeza<\/strong><\/li>\n<li>Circulaci\u00f3n de energ\u00eda entre el cielo y la tierra<\/li>\n<li>La Puerta al Cosmos<\/li>\n<li>Integraci\u00f3n del cuerpo de cristal<\/li>\n<li>Facilita la libre circulaci\u00f3n de los intercambios de informaci\u00f3n intracelular entre las c\u00e9lulas y entre los 3 cerebros (card\u00edaco, cerebral, ent\u00e9rico).<strong style=\"font-size: 16px;\"> <\/strong><\/li>\n<\/ul>\n<p><strong>El Sello Transparente federa el conjunto de nuestra biolog\u00eda y psique e instala la columna de luz entre el Cielo y la Tierra que somos cuando integramos el cuerpo de cristal.<\/strong><\/p>\n<p>El Sello Transparente nos reconecta con <strong>las aguas primordiales y cristalinas de nuestro <\/strong> cuerpo cristalino: el <strong>suero fisiol\u00f3gico<\/strong> con cristales cristalinos y la <strong>linfa<\/strong> libre de todos los engramas emocionales, el n\u00e9ctar fisiol\u00f3gico del cuerpo cristalino.<\/p>\n<p>Esto facilita la libre circulaci\u00f3n de los intercambios de informaci\u00f3n intracelular entre las c\u00e9lulas y entre los 3 cerebros (card\u00edaco, cerebral, ent\u00e9rico).<\/p>\n<p>La radiaci\u00f3n cristalina emana de la piel.<\/p>\n<p>La linfa cristalina emerge del cuerpo cristalino <sup>(6\u00ba<\/sup> plano) a trav\u00e9s del coraz\u00f3n y se extiende por todo el cuerpo f\u00edsico <sup>(7\u00ba<\/sup> plano) para estimular la aparici\u00f3n de la salud.<\/p>\n<p>Se instaura un estado de paz.<\/p>\n","protected":false},"excerpt":{"rendered":"<p><strong>Elemento aire, regula y armoniza el meridiano pulmonar, proporcion\u00e1ndonos una respiraci\u00f3n m\u00e1s libre y plena.<\/strong><\/p>\n","protected":false},"featured_media":4458,"comment_status":"open","ping_status":"closed","template":"","meta":{"site-sidebar-layout":"default","site-content-layout":"default","ast-site-content-layout":"default","site-content-style":"default","site-sidebar-style":"default","ast-global-header-display":"","ast-banner-title-visibility":"","ast-main-header-display":"","ast-hfb-above-header-display":"","ast-hfb-below-header-display":"","ast-hfb-mobile-header-display":"","site-post-title":"","ast-breadcrumbs-content":"","ast-featured-img":"","footer-sml-layout":"","ast-disable-related-posts":"","theme-transparent-header-meta":"default","adv-header-id-meta":"","stick-header-meta":"","header-above-stick-meta":"","header-main-stick-meta":"","header-below-stick-meta":"","astra-migrate-meta-layouts":"default","ast-page-background-enabled":"default","ast-page-background-meta":{"desktop":{"background-color":"var(--ast-global-color-4)","background-image":"","background-repeat":"repeat","background-position":"center center","background-size":"auto","background-attachment":"scroll","background-type":"","background-media":"","overlay-type":"","overlay-color":"","overlay-opacity":"","overlay-gradient":""},"tablet":{"background-color":"","background-image":"","background-repeat":"repeat","background-position":"center center","background-size":"auto","background-attachment":"scroll","background-type":"","background-media":"","overlay-type":"","overlay-color":"","overlay-opacity":"","overlay-gradient":""},"mobile":{"background-color":"","background-image":"","background-repeat":"repeat","background-position":"center center","background-size":"auto","background-attachment":"scroll","background-type":"","background-media":"","overlay-type":"","overlay-color":"","overlay-opacity":"","overlay-gradient":""}},"ast-content-background-meta":{"desktop":{"background-color":"var(--ast-global-color-5)","background-image":"","background-repeat":"repeat","background-position":"center center","background-size":"auto","background-attachment":"scroll","background-type":"","background-media":"","overlay-type":"","overlay-color":"","overlay-opacity":"","overlay-gradient":""},"tablet":{"background-color":"var(--ast-global-color-5)","background-image":"","background-repeat":"repeat","background-position":"center center","background-size":"auto","background-attachment":"scroll","background-type":"","background-media":"","overlay-type":"","overlay-color":"","overlay-opacity":"","overlay-gradient":""},"mobile":{"background-color":"var(--ast-global-color-5)","background-image":"","background-repeat":"repeat","background-position":"center center","background-size":"auto","background-attachment":"scroll","background-type":"","background-media":"","overlay-type":"","overlay-color":"","overlay-opacity":"","overlay-gradient":""}}},"product_brand":[],"product_cat":[122],"product_tag":[],"class_list":{"0":"post-5631","1":"product","2":"type-product","3":"status-publish","4":"has-post-thumbnail","6":"product_cat-los-sellos","7":"desktop-align-left","8":"tablet-align-left","9":"mobile-align-left","10":"ast-product-gallery-layout-vertical","11":"ast-magnify-disabled","12":"ast-product-tabs-layout-horizontal","14":"first","15":"instock","16":"taxable","17":"shipping-taxable","18":"purchasable","19":"product-type-simple"},"_links":{"self":[{"href":"https:\/\/coeurcristal.com\/es\/wp-json\/wp\/v2\/product\/5631","targetHints":{"allow":["GET"]}}],"collection":[{"href":"https:\/\/coeurcristal.com\/es\/wp-json\/wp\/v2\/product"}],"about":[{"href":"https:\/\/coeurcristal.com\/es\/wp-json\/wp\/v2\/types\/product"}],"replies":[{"embeddable":true,"href":"https:\/\/coeurcristal.com\/es\/wp-json\/wp\/v2\/comments?post=5631"}],"wp:featuredmedia":[{"embeddable":true,"href":"https:\/\/coeurcristal.com\/es\/wp-json\/wp\/v2\/media\/4458"}],"wp:attachment":[{"href":"https:\/\/coeurcristal.com\/es\/wp-json\/wp\/v2\/media?parent=5631"}],"wp:term":[{"taxonomy":"product_brand","embeddable":true,"href":"https:\/\/coeurcristal.com\/es\/wp-json\/wp\/v2\/product_brand?post=5631"},{"taxonomy":"product_cat","embeddable":true,"href":"https:\/\/coeurcristal.com\/es\/wp-json\/wp\/v2\/product_cat?post=5631"},{"taxonomy":"product_tag","embeddable":true,"href":"https:\/\/coeurcristal.com\/es\/wp-json\/wp\/v2\/product_tag?post=5631"}],"curies":[{"name":"wp","href":"https:\/\/api.w.org\/{rel}","templated":true}]}}