{"id":5622,"date":"2022-05-09T12:00:14","date_gmt":"2022-05-09T10:00:14","guid":{"rendered":"https:\/\/coeurcristal.com\/el-gran-sello-indigo\/"},"modified":"2022-05-09T12:00:14","modified_gmt":"2022-05-09T10:00:14","slug":"el-gran-sello-indigo","status":"publish","type":"product","link":"https:\/\/coeurcristal.com\/es\/el-gran-sello-indigo\/","title":{"rendered":"El Gran Sello \u00cdndigo"},"content":{"rendered":"<h3>El Sello \u00cdndigo es el gran maestro constructor de las Aguas del Cielo y de la Tierra.<\/h3>\n<p>Lleva el poder de Realizaci\u00f3n y Manifestaci\u00f3n de la Llama \u00cdndigo.<\/p>\n<p>Colocado sobre el ombligo del cuerpo humano, abre la puerta a una profunda descristalizaci\u00f3n:<\/p>\n<ul>\n<li>L\u00edquidos del cuerpo f\u00edsico: suero fisiol\u00f3gico, linfa, sangre, l\u00edquido cefalorraqu\u00eddeo<\/li>\n<li>Todos los fluidos de los cuerpos sutiles.<\/li>\n<\/ul>\n<p><strong>Por tanto, tendr\u00e1 una acci\u00f3n fluidificante espec\u00edfica <\/strong>sobre las emociones profundamente cristalizadas, ya que las hormonas son transportadas por los fluidos corporales.<\/p>\n<p>La exposici\u00f3n regular y en profundidad al Sello \u00cdndigo en el ombligo puede aliviar algunos de estos s\u00edntomas:<\/p>\n<ul>\n<li>pena: l\u00e1grimas no derramadas congeladas en los tejidos del cuerpo f\u00edsico, exceso de agua<\/li>\n<li>ira: desecaci\u00f3n de los tejidos por deshidrataci\u00f3n causada por el exceso de fuego<\/li>\n<li>tristeza: los tejidos se secan por falta de aire, se encrespan<\/li>\n<li>nostalgia: eterizaci\u00f3n de los tejidos por exceso de aire<\/li>\n<li>dureza: endurecimiento de los tejidos debido al exceso de tierra<\/li>\n<li>rigidez: endurecimiento de los tejidos por exceso de metal<\/li>\n<\/ul>\n<p>En un terreno, ayuda a armonizar las corrientes tel\u00faricas terrestres ligadas al agua. Neutraliza la influencia nociva de un arroyo bajo una casa. Purifica y drena vibratoriamente las infiltraciones en los suelos, los muros y todos los materiales para conseguir un equilibrio hidr\u00e1ulico eficaz. Esto se transmitir\u00e1 despu\u00e9s al material mediante todas las obras necesarias.   <\/p>\n","protected":false},"excerpt":{"rendered":"<p><strong>Regula y armoniza los meridianos del ri\u00f1\u00f3n y la vejiga, ayud\u00e1ndonos a eliminar toxinas y a mejorar nuestra vitalidad.<\/strong><\/p>\n","protected":false},"featured_media":4437,"comment_status":"open","ping_status":"closed","template":"","meta":{"site-sidebar-layout":"default","site-content-layout":"default","ast-site-content-layout":"default","site-content-style":"default","site-sidebar-style":"default","ast-global-header-display":"","ast-banner-title-visibility":"","ast-main-header-display":"","ast-hfb-above-header-display":"","ast-hfb-below-header-display":"","ast-hfb-mobile-header-display":"","site-post-title":"","ast-breadcrumbs-content":"","ast-featured-img":"","footer-sml-layout":"","ast-disable-related-posts":"","theme-transparent-header-meta":"default","adv-header-id-meta":"","stick-header-meta":"","header-above-stick-meta":"","header-main-stick-meta":"","header-below-stick-meta":"","astra-migrate-meta-layouts":"default","ast-page-background-enabled":"default","ast-page-background-meta":{"desktop":{"background-color":"var(--ast-global-color-4)","background-image":"","background-repeat":"repeat","background-position":"center center","background-size":"auto","background-attachment":"scroll","background-type":"","background-media":"","overlay-type":"","overlay-color":"","overlay-opacity":"","overlay-gradient":""},"tablet":{"background-color":"","background-image":"","background-repeat":"repeat","background-position":"center center","background-size":"auto","background-attachment":"scroll","background-type":"","background-media":"","overlay-type":"","overlay-color":"","overlay-opacity":"","overlay-gradient":""},"mobile":{"background-color":"","background-image":"","background-repeat":"repeat","background-position":"center center","background-size":"auto","background-attachment":"scroll","background-type":"","background-media":"","overlay-type":"","overlay-color":"","overlay-opacity":"","overlay-gradient":""}},"ast-content-background-meta":{"desktop":{"background-color":"var(--ast-global-color-5)","background-image":"","background-repeat":"repeat","background-position":"center center","background-size":"auto","background-attachment":"scroll","background-type":"","background-media":"","overlay-type":"","overlay-color":"","overlay-opacity":"","overlay-gradient":""},"tablet":{"background-color":"var(--ast-global-color-5)","background-image":"","background-repeat":"repeat","background-position":"center center","background-size":"auto","background-attachment":"scroll","background-type":"","background-media":"","overlay-type":"","overlay-color":"","overlay-opacity":"","overlay-gradient":""},"mobile":{"background-color":"var(--ast-global-color-5)","background-image":"","background-repeat":"repeat","background-position":"center center","background-size":"auto","background-attachment":"scroll","background-type":"","background-media":"","overlay-type":"","overlay-color":"","overlay-opacity":"","overlay-gradient":""}}},"product_brand":[],"product_cat":[122],"product_tag":[],"class_list":{"0":"post-5622","1":"product","2":"type-product","3":"status-publish","4":"has-post-thumbnail","6":"product_cat-los-sellos","7":"desktop-align-left","8":"tablet-align-left","9":"mobile-align-left","10":"ast-product-gallery-layout-vertical","11":"ast-magnify-disabled","12":"ast-product-tabs-layout-horizontal","14":"first","15":"instock","16":"taxable","17":"shipping-taxable","18":"purchasable","19":"product-type-simple"},"_links":{"self":[{"href":"https:\/\/coeurcristal.com\/es\/wp-json\/wp\/v2\/product\/5622","targetHints":{"allow":["GET"]}}],"collection":[{"href":"https:\/\/coeurcristal.com\/es\/wp-json\/wp\/v2\/product"}],"about":[{"href":"https:\/\/coeurcristal.com\/es\/wp-json\/wp\/v2\/types\/product"}],"replies":[{"embeddable":true,"href":"https:\/\/coeurcristal.com\/es\/wp-json\/wp\/v2\/comments?post=5622"}],"wp:featuredmedia":[{"embeddable":true,"href":"https:\/\/coeurcristal.com\/es\/wp-json\/wp\/v2\/media\/4437"}],"wp:attachment":[{"href":"https:\/\/coeurcristal.com\/es\/wp-json\/wp\/v2\/media?parent=5622"}],"wp:term":[{"taxonomy":"product_brand","embeddable":true,"href":"https:\/\/coeurcristal.com\/es\/wp-json\/wp\/v2\/product_brand?post=5622"},{"taxonomy":"product_cat","embeddable":true,"href":"https:\/\/coeurcristal.com\/es\/wp-json\/wp\/v2\/product_cat?post=5622"},{"taxonomy":"product_tag","embeddable":true,"href":"https:\/\/coeurcristal.com\/es\/wp-json\/wp\/v2\/product_tag?post=5622"}],"curies":[{"name":"wp","href":"https:\/\/api.w.org\/{rel}","templated":true}]}}