{"id":5621,"date":"2022-05-09T12:12:34","date_gmt":"2022-05-09T12:12:34","guid":{"rendered":"https:\/\/coeurcristal.com\/el-cubo-de-metatron\/"},"modified":"2026-04-11T16:41:38","modified_gmt":"2026-04-11T14:41:38","slug":"el-cubo-de-metatron","status":"publish","type":"product","link":"https:\/\/coeurcristal.com\/es\/el-cubo-de-metatron\/","title":{"rendered":"El Cubo de Metatr\u00f3n"},"content":{"rendered":"<h3>Las funciones del Cubo de Metatr\u00f3n :<\/h3>\n<ul>\n<li>Reorganizaci\u00f3n de la biolog\u00eda<\/li>\n<li>Aclarar la conciencia<\/li>\n<li>Federaci\u00f3n mundial (el hormiguero donde todos est\u00e1n al servicio de la unidad)<\/li>\n<\/ul>\n<p><strong>\u00bfCu\u00e1les son las consecuencias?<\/strong><strong> <\/strong><\/p>\n<ul>\n<li style=\"list-style-type: none;\">\n<ul>\n<li>Desaparece la negatividad ps\u00edquica: irritabilidad, impaciencia, fastidio.<\/li>\n<li>Las entidades se revelan: las m\u00e1s ligeras son expulsadas, la presencia de las m\u00e1s poderosas se revela.<\/li>\n<li>Estructuras m\u00e1s densas<\/li>\n<li>Estabilizaci\u00f3n de la psique.<\/li>\n<li><strong>Reequilibrar el sistema<\/strong><\/li>\n<li><strong>Armonizaci\u00f3n de los hemisferios cerebrales.<\/strong><\/li>\n<\/ul>\n<\/li>\n<\/ul>\n<p>Estas consecuencias son muchas y variadas, dependiendo de lo que experimente cada persona.<\/p>\n<p><strong>Como todos los Instrumentos del Coraz\u00f3n de Cristal, el Cubo tiene un \u00fanico objetivo: devolvernos a un estado sano y natural de funcionamiento \u00f3ptimo.<\/strong><\/p>\n<p>Experimentamos constantemente un movimiento de contracci\u00f3n y luego de relajaci\u00f3n, como una respiraci\u00f3n, en el microcosmos y en el macrocosmos. El Cubo de Metatr\u00f3n lo revela en nuestra biolog\u00eda. <\/p>\n<p>Vivimos en un estado permanente de tensi\u00f3n en nuestra materia dual, peque\u00f1as tensiones que se experimentan en nuestra carne, \u00f3rganos y tejidos, como contracciones. Estas tensiones permiten la densificaci\u00f3n de las energ\u00edas hasta la materia de los cuerpos f\u00edsicos. Son inherentes a la materia densa, tal como la percibimos con nuestros sentidos.  <\/p>\n<p>Seg\u00fan el estado de salud de la biolog\u00eda, las tensiones var\u00edan de muy leves a muy fuertes y pueden contraer violentamente o incluso rigidizar el cuerpo f\u00edsico.<\/p>\n<p>En el estado cristalino, el estado de coherencia, armon\u00eda y equilibrio, la tensi\u00f3n es m\u00ednima, se reduce al m\u00ednimo.<\/p>\n<p><strong>El Cubo de Metatr\u00f3n<\/strong>, <u>colocado entre los pies<\/u>, nos permite entrar en una conciencia fina de lo que ocurre en las capas subterr\u00e1neas de nuestra biolog\u00eda y, por consiguiente, de nuestra psique, y sentir esas tensiones de las que no somos conscientes en la conciencia despierta porque son permanentes y cr\u00f3nicas.<\/p>\n<p>Capa a capa, mediante la exposici\u00f3n regular, el Cubo revela estas tensiones para que puedan neutralizarse. Porque en cuanto sentimos una tensi\u00f3n, nos relajamos conscientemente hasta que se disuelve. Nos abrimos a sentir esas contracciones, esas tensiones en nuestra carne que corresponden a nuestros mayores miedos.    <strong>Cuanto m\u00e1s les acojamos, m\u00e1s les permitiremos relajarse.<\/strong><\/p>\n<p>En segundo lugar, descubrimos que estas tensiones son se\u00f1uelos que revelan otras tensiones m\u00e1s profundas y antiguas. Y una vez m\u00e1s las acogemos, nos relajamos. Y una vez m\u00e1s se revelan otras tensiones. Y seguimos este ciclo, esta b\u00fasqueda del tesoro. Y las nuevas tensiones reveladas pueden estar de nuevo en esta primera parte de nuestro cuerpo, pero en un estrato m\u00e1s profundo.    <\/p>\n<p>De este modo, estrato tras estrato, nos domesticamos, volvemos en espiral al origen de lo que somos, atravesando nuestras capas de miedo y las tensiones de la materia.<\/p>\n<p>Porque estos miedos son los que nos hacen existir. Capa sobre capa, son nuestra identificaci\u00f3n con la materia. <strong>  Cuanto m\u00e1s los liberamos, m\u00e1s nos desidentificamos, m\u00e1s volvemos al punto fuente original que hay en nosotros.<\/strong><\/p>\n","protected":false},"excerpt":{"rendered":"<p><strong>Complemento masculino de la matriz de la vida, ilumina nuestras tensiones m\u00e1s profundas para liberarlas.<\/strong><\/p>\n","protected":false},"featured_media":4572,"comment_status":"open","ping_status":"closed","template":"","meta":{"site-sidebar-layout":"default","site-content-layout":"default","ast-site-content-layout":"default","site-content-style":"default","site-sidebar-style":"default","ast-global-header-display":"","ast-banner-title-visibility":"","ast-main-header-display":"","ast-hfb-above-header-display":"","ast-hfb-below-header-display":"","ast-hfb-mobile-header-display":"","site-post-title":"","ast-breadcrumbs-content":"","ast-featured-img":"","footer-sml-layout":"","ast-disable-related-posts":"","theme-transparent-header-meta":"default","adv-header-id-meta":"","stick-header-meta":"","header-above-stick-meta":"","header-main-stick-meta":"","header-below-stick-meta":"","astra-migrate-meta-layouts":"default","ast-page-background-enabled":"default","ast-page-background-meta":{"desktop":{"background-color":"var(--ast-global-color-4)","background-image":"","background-repeat":"repeat","background-position":"center center","background-size":"auto","background-attachment":"scroll","background-type":"","background-media":"","overlay-type":"","overlay-color":"","overlay-opacity":"","overlay-gradient":""},"tablet":{"background-color":"","background-image":"","background-repeat":"repeat","background-position":"center center","background-size":"auto","background-attachment":"scroll","background-type":"","background-media":"","overlay-type":"","overlay-color":"","overlay-opacity":"","overlay-gradient":""},"mobile":{"background-color":"","background-image":"","background-repeat":"repeat","background-position":"center center","background-size":"auto","background-attachment":"scroll","background-type":"","background-media":"","overlay-type":"","overlay-color":"","overlay-opacity":"","overlay-gradient":""}},"ast-content-background-meta":{"desktop":{"background-color":"var(--ast-global-color-5)","background-image":"","background-repeat":"repeat","background-position":"center center","background-size":"auto","background-attachment":"scroll","background-type":"","background-media":"","overlay-type":"","overlay-color":"","overlay-opacity":"","overlay-gradient":""},"tablet":{"background-color":"var(--ast-global-color-5)","background-image":"","background-repeat":"repeat","background-position":"center center","background-size":"auto","background-attachment":"scroll","background-type":"","background-media":"","overlay-type":"","overlay-color":"","overlay-opacity":"","overlay-gradient":""},"mobile":{"background-color":"var(--ast-global-color-5)","background-image":"","background-repeat":"repeat","background-position":"center center","background-size":"auto","background-attachment":"scroll","background-type":"","background-media":"","overlay-type":"","overlay-color":"","overlay-opacity":"","overlay-gradient":""}}},"product_brand":[],"product_cat":[119],"product_tag":[],"class_list":{"0":"post-5621","1":"product","2":"type-product","3":"status-publish","4":"has-post-thumbnail","6":"product_cat-herramientas","7":"desktop-align-left","8":"tablet-align-left","9":"mobile-align-left","10":"ast-product-gallery-layout-vertical","11":"ast-magnify-disabled","12":"ast-product-single-variable","13":"ast-product-tabs-layout-horizontal","15":"first","16":"instock","17":"taxable","18":"shipping-taxable","19":"purchasable","20":"product-type-variable"},"_links":{"self":[{"href":"https:\/\/coeurcristal.com\/es\/wp-json\/wp\/v2\/product\/5621","targetHints":{"allow":["GET"]}}],"collection":[{"href":"https:\/\/coeurcristal.com\/es\/wp-json\/wp\/v2\/product"}],"about":[{"href":"https:\/\/coeurcristal.com\/es\/wp-json\/wp\/v2\/types\/product"}],"replies":[{"embeddable":true,"href":"https:\/\/coeurcristal.com\/es\/wp-json\/wp\/v2\/comments?post=5621"}],"wp:featuredmedia":[{"embeddable":true,"href":"https:\/\/coeurcristal.com\/es\/wp-json\/wp\/v2\/media\/4572"}],"wp:attachment":[{"href":"https:\/\/coeurcristal.com\/es\/wp-json\/wp\/v2\/media?parent=5621"}],"wp:term":[{"taxonomy":"product_brand","embeddable":true,"href":"https:\/\/coeurcristal.com\/es\/wp-json\/wp\/v2\/product_brand?post=5621"},{"taxonomy":"product_cat","embeddable":true,"href":"https:\/\/coeurcristal.com\/es\/wp-json\/wp\/v2\/product_cat?post=5621"},{"taxonomy":"product_tag","embeddable":true,"href":"https:\/\/coeurcristal.com\/es\/wp-json\/wp\/v2\/product_tag?post=5621"}],"curies":[{"name":"wp","href":"https:\/\/api.w.org\/{rel}","templated":true}]}}