{"id":5620,"date":"2022-05-12T14:15:40","date_gmt":"2022-05-12T14:15:40","guid":{"rendered":"https:\/\/coeurcristal.com\/la-matriz-de-la-vida-xxl\/"},"modified":"2025-05-31T11:22:15","modified_gmt":"2025-05-31T09:22:15","slug":"la-matriz-de-la-vida-xxl","status":"publish","type":"product","link":"https:\/\/coeurcristal.com\/es\/la-matriz-de-la-vida-xxl\/","title":{"rendered":"La Matriz de la Vida XXL"},"content":{"rendered":"<h2>La matriz de la vida XXL<\/h2>\n<p>Lo divino se revela en sus 32 rosetas hexagonales (6 p\u00e9talos) y lo humano en sus 12 rosetas pentagonales (5 p\u00e9talos), que son 12 puertas en el ADN, 12 mutaciones posibles, 12 niveles de materia. Uniendo estos hex\u00e1gonos y pent\u00e1gonos se crea una esfera. Este estado esf\u00e9rico se siente como una plenitud, una completud cuando se activa el cuerpo de cristal, este cuerpo divino que precede al cuerpo biol\u00f3gico.  <\/p>\n<p>Conectando los 12 hex\u00e1gonos se crea un icosaedro, la forma geom\u00e9trica del elemento agua, que constituye esencialmente la biolog\u00eda de los cuerpos f\u00edsicos.<\/p>\n<p>De este modo, la Matriz de la Vida nos permite volver a despertar los engramas cristalinos de nuestro cuerpo divino, <strong>el cuerpo cristalino,<\/strong> en nuestra biolog\u00eda <strong>, y devolver a las mol\u00e9culas de agua la perfecci\u00f3n de su forma original.<\/strong><\/p>\n<p>La transmutaci\u00f3n de la biolog\u00eda en este estado de coherencia, armon\u00eda y equilibrio del cuerpo cristalino tiene lugar a trav\u00e9s de tres vectores esenciales: la m\u00e9dula \u00f3sea, la sangre y el suero fisiol\u00f3gico.<\/p>\n\n<p>&nbsp;<\/p>\n<p><strong>1\u00aa etapa: activar la conexi\u00f3n con el cuerpo cristalino<\/strong><\/p>\n<p>La Matriz de la Vida activa los sensores del cuerpo cristalino. Son ra\u00edces y antenas cristalinas, flexibles y fluidas, que ondean graciosamente a nuestro alrededor. Estos sensores nos vinculan a la rejilla cr\u00edstica cristalina que rodea la Tierra.  <\/p>\n<p>Activarlas nos permite conectar con las frecuencias cristalinas superiores de la Tierra y las estrellas, y apoyarnos en el trabajo alqu\u00edmico de transmutar nuestra biolog\u00eda.<\/p>\n<p><strong>Fase 2: desmaterializaci\u00f3n de los engramas t\u00f3xicos<\/strong><\/p>\n<p>Las creencias subterr\u00e1neas y profundamente arraigadas (mentales y emocionales, derivadas de traumas, experiencias y aprendizajes pasados), los patrones operativos (que son estrategias de supervivencia para evitar el encuentro con nuestras penas enterradas y negadas), los pensamientos y las emociones (estimulados por formas de pensamiento y la adhesi\u00f3n a egregores) crean materia ps\u00edquica, que es la fuente de dolencias, malestares y enfermedades biol\u00f3gicas. Esta materia vil y corrupta (necrosis, pus, filamentos alienantes, capullos negros, gangas esclerosantes) se descompone, disuelve y desmaterializa gradualmente, porque no puede existir en el plano del cuerpo cristalino. <\/p>\n<p>Esta limpieza de engramas t\u00f3xicos tambi\u00e9n se consigue mediante la transmutaci\u00f3n de la linfa.<\/p>\n<p>La linfa es un n\u00e9ctar fisiol\u00f3gico. Se alquimiza cuando transmutamos nuestras emociones en estados de gracia, paz y amor. Esto se debe a que la linfa es el portador biol\u00f3gico de todos los engramas emocionales que constituyen la base de la enfermedad, de los estados de desequilibrio sintom\u00e1ticos de desequilibrios en la psique. Cuando transmutamos la linfa, cuando le devolvemos su cualidad de n\u00e9ctar, entramos en un estado de salud biol\u00f3gica. El estado de gracia se experimenta a trav\u00e9s de la linfa purificada.    <\/p>\n<p>La transmutaci\u00f3n de la linfa tiene lugar a trav\u00e9s del color rojo de los Sellos, Ruedas y Pir\u00e1mides, que permiten drenar los engramas emocionales alienantes.<\/p>\n<p><strong>3\u00aa etapa: reestructuraci\u00f3n biol\u00f3gica<\/strong><\/p>\n<p>El sistema nervioso tiene una funci\u00f3n equilibradora y estabilizadora en la biolog\u00eda. La duramadre, que envuelve todo el sistema nervioso central, es reinformada por la Matriz de la Vida. Esta reinformaci\u00f3n en el plano del cuerpo cristalino, <strong>el cuerpo de la coherencia, la armon\u00eda y el equilibrio, reestructura la biolog\u00eda y transforma el equilibrio y el orden biol\u00f3gicos<\/strong>. De este modo, podemos experimentar la plenitud, la totalidad y el estado esf\u00e9rico.   <\/p>\n<p>La Matriz de la Vida codifica el suero fisiol\u00f3gico (el fluido en el coraz\u00f3n de las c\u00e9lulas) permitiendo que se reorganicen los cristales de agua en la biolog\u00eda. Esto genera una reorganizaci\u00f3n celular en todos los \u00f3rganos del cuerpo f\u00edsico, dando lugar a profundas transformaciones ps\u00edquicas y biol\u00f3gicas, que se experimentar\u00e1n en la manifestaci\u00f3n externa de situaciones, fen\u00f3menos y s\u00edntomas, quiz\u00e1s una profunda desintoxicaci\u00f3n, una purificaci\u00f3n, de s\u00edntomas que podr\u00edan parecer alarmantes al principio. Por tanto, debes ser consciente del proceso.  <\/p>\n<p><strong>4\u00aa etapa: densificaci\u00f3n del cuerpo cristalino en la m\u00e9dula \u00f3sea<\/strong><\/p>\n<p>La aparici\u00f3n del cuerpo cristalino en biolog\u00eda se observa en la transmutaci\u00f3n del s\u00edlice org\u00e1nico en s\u00edlice cristalino. El s\u00edlice est\u00e1 presente en la m\u00e9dula \u00f3sea, la sangre y el tejido fibroso. <\/p>\n<p>La sangre es el veh\u00edculo del elemento \u00c9ter, que encuentra su fuente en el resplandor de la chispa divina, presente en el coraz\u00f3n del coraz\u00f3n del coraz\u00f3n.<\/p>\n<p>El s\u00edlice de la sangre experimenta una transmutaci\u00f3n alqu\u00edmica estelar, a trav\u00e9s del \u00c9ter, y la m\u00e9dula de los huesos experimenta una transmutaci\u00f3n alqu\u00edmica terrenal, a trav\u00e9s de la mutaci\u00f3n de la Tierra. Dos mutaciones que se unen, el Cielo y la Tierra, lo terrestre y lo celeste. <\/p>\n<p>&nbsp;<\/p>\n<p>&nbsp;<\/p>\n<p>&nbsp;<\/p>\n","protected":false},"excerpt":{"rendered":"<p><strong>La Matriz de la Vida XXL nos invita a subir una marcha en nuestro camino hacia el despertar cristalino.<\/strong><\/p>\n<p><strong>Si est\u00e1s preparado para una purificaci\u00f3n intensa y una tasa vibratoria muy alta, te encantar\u00e1.<\/strong><\/p>\n<p><strong>Perfecta para trabajar con grupos de personas.<\/strong><\/p>\n","protected":false},"featured_media":4098,"comment_status":"open","ping_status":"closed","template":"","meta":{"site-sidebar-layout":"default","site-content-layout":"default","ast-site-content-layout":"default","site-content-style":"default","site-sidebar-style":"default","ast-global-header-display":"","ast-banner-title-visibility":"","ast-main-header-display":"","ast-hfb-above-header-display":"","ast-hfb-below-header-display":"","ast-hfb-mobile-header-display":"","site-post-title":"","ast-breadcrumbs-content":"","ast-featured-img":"","footer-sml-layout":"","ast-disable-related-posts":"","theme-transparent-header-meta":"default","adv-header-id-meta":"","stick-header-meta":"","header-above-stick-meta":"","header-main-stick-meta":"","header-below-stick-meta":"","astra-migrate-meta-layouts":"default","ast-page-background-enabled":"default","ast-page-background-meta":{"desktop":{"background-color":"var(--ast-global-color-4)","background-image":"","background-repeat":"repeat","background-position":"center center","background-size":"auto","background-attachment":"scroll","background-type":"","background-media":"","overlay-type":"","overlay-color":"","overlay-opacity":"","overlay-gradient":""},"tablet":{"background-color":"","background-image":"","background-repeat":"repeat","background-position":"center center","background-size":"auto","background-attachment":"scroll","background-type":"","background-media":"","overlay-type":"","overlay-color":"","overlay-opacity":"","overlay-gradient":""},"mobile":{"background-color":"","background-image":"","background-repeat":"repeat","background-position":"center center","background-size":"auto","background-attachment":"scroll","background-type":"","background-media":"","overlay-type":"","overlay-color":"","overlay-opacity":"","overlay-gradient":""}},"ast-content-background-meta":{"desktop":{"background-color":"var(--ast-global-color-5)","background-image":"","background-repeat":"repeat","background-position":"center center","background-size":"auto","background-attachment":"scroll","background-type":"","background-media":"","overlay-type":"","overlay-color":"","overlay-opacity":"","overlay-gradient":""},"tablet":{"background-color":"var(--ast-global-color-5)","background-image":"","background-repeat":"repeat","background-position":"center center","background-size":"auto","background-attachment":"scroll","background-type":"","background-media":"","overlay-type":"","overlay-color":"","overlay-opacity":"","overlay-gradient":""},"mobile":{"background-color":"var(--ast-global-color-5)","background-image":"","background-repeat":"repeat","background-position":"center center","background-size":"auto","background-attachment":"scroll","background-type":"","background-media":"","overlay-type":"","overlay-color":"","overlay-opacity":"","overlay-gradient":""}}},"product_brand":[],"product_cat":[120],"product_tag":[],"class_list":{"0":"post-5620","1":"product","2":"type-product","3":"status-publish","4":"has-post-thumbnail","6":"product_cat-la-matriz-de-la-vida","7":"desktop-align-left","8":"tablet-align-left","9":"mobile-align-left","10":"ast-product-gallery-layout-vertical","11":"ast-magnify-disabled","12":"ast-product-single-variable","13":"ast-product-tabs-layout-horizontal","15":"first","16":"instock","17":"taxable","18":"shipping-taxable","19":"purchasable","20":"product-type-variable","21":"has-default-attributes"},"_links":{"self":[{"href":"https:\/\/coeurcristal.com\/es\/wp-json\/wp\/v2\/product\/5620","targetHints":{"allow":["GET"]}}],"collection":[{"href":"https:\/\/coeurcristal.com\/es\/wp-json\/wp\/v2\/product"}],"about":[{"href":"https:\/\/coeurcristal.com\/es\/wp-json\/wp\/v2\/types\/product"}],"replies":[{"embeddable":true,"href":"https:\/\/coeurcristal.com\/es\/wp-json\/wp\/v2\/comments?post=5620"}],"wp:featuredmedia":[{"embeddable":true,"href":"https:\/\/coeurcristal.com\/es\/wp-json\/wp\/v2\/media\/4098"}],"wp:attachment":[{"href":"https:\/\/coeurcristal.com\/es\/wp-json\/wp\/v2\/media?parent=5620"}],"wp:term":[{"taxonomy":"product_brand","embeddable":true,"href":"https:\/\/coeurcristal.com\/es\/wp-json\/wp\/v2\/product_brand?post=5620"},{"taxonomy":"product_cat","embeddable":true,"href":"https:\/\/coeurcristal.com\/es\/wp-json\/wp\/v2\/product_cat?post=5620"},{"taxonomy":"product_tag","embeddable":true,"href":"https:\/\/coeurcristal.com\/es\/wp-json\/wp\/v2\/product_tag?post=5620"}],"curies":[{"name":"wp","href":"https:\/\/api.w.org\/{rel}","templated":true}]}}