{"id":5615,"date":"2022-05-09T12:07:04","date_gmt":"2022-05-09T10:07:04","guid":{"rendered":"https:\/\/coeurcristal.com\/el-gran-sello-violeta-oscuro\/"},"modified":"2025-05-31T11:21:56","modified_gmt":"2025-05-31T09:21:56","slug":"el-gran-sello-violeta-oscuro","status":"publish","type":"product","link":"https:\/\/coeurcristal.com\/es\/el-gran-sello-violeta-oscuro\/","title":{"rendered":"El Gran Sello Violeta Oscuro"},"content":{"rendered":"<h3>El Sello Violeta &#8211; Poderoso alquimista<\/h3>\n<p>Trabaja en lo m\u00e1s profundo del cuerpo humano para extraer todas las matrices t\u00f3xicas de la memoria, transmutarlas y regenerar los tejidos informativos y materiales.<\/p>\n<ul>\n<li>Colocado sobre el ombligo, despliega varios embudos entrelazados que penetran en el cuerpo y conectan con el Shushumna (canal energ\u00e9tico de la m\u00e9dula espinal).<\/li>\n<li>Un embudo rojo inicial perfora la matriz (memorial, emocional, mental, org\u00e1nica, etc.), revelada por la intenci\u00f3n del tratamiento, como una aguja perfora un absceso y activa la circulaci\u00f3n de los fluidos que han sido obstaculizados, detenidos o inmovilizados.<\/li>\n<li>Las energ\u00edas vuelven a estar en movimiento.<\/li>\n<li>Un<sup>2\u00ba<\/sup> embudo violeta activa un proceso de transmutaci\u00f3n:<\/li>\n<li>Desintoxicaci\u00f3n: en la matriz trabajada, las energ\u00edas t\u00f3xicas se desprenden de las energ\u00edas sanas que estaban absorbiendo.<\/li>\n<li>Aspiraci\u00f3n de energ\u00edas t\u00f3xicas en el v\u00f3rtice violeta<\/li>\n<li>Transmutaci\u00f3n de estas energ\u00edas<\/li>\n<li>Aspiraci\u00f3n de estas energ\u00edas transmutadas en un<sup>3er<\/sup> embudo dorado, que regenera la materia seg\u00fan el Plan Divino.<\/li>\n<li>Inyecci\u00f3n de energ\u00edas transmutadas y regeneradas en la matriz.<\/li>\n<li>Acci\u00f3n protectora del proceso por un<sup>4\u00ba<\/sup> embudo de platino, que es el \u201cgarante\u201d. Es el capullo protector que ofrecen las Energ\u00edas Cr\u00edsticas en la materia. <\/li>\n<\/ul>\n","protected":false},"excerpt":{"rendered":"<p>El Sello Violeta funciona en transmutaci\u00f3n con la Llama Violeta.<\/p>\n","protected":false},"featured_media":3999,"comment_status":"open","ping_status":"closed","template":"","meta":{"site-sidebar-layout":"default","site-content-layout":"default","ast-site-content-layout":"default","site-content-style":"default","site-sidebar-style":"default","ast-global-header-display":"","ast-banner-title-visibility":"","ast-main-header-display":"","ast-hfb-above-header-display":"","ast-hfb-below-header-display":"","ast-hfb-mobile-header-display":"","site-post-title":"","ast-breadcrumbs-content":"","ast-featured-img":"","footer-sml-layout":"","ast-disable-related-posts":"","theme-transparent-header-meta":"default","adv-header-id-meta":"","stick-header-meta":"","header-above-stick-meta":"","header-main-stick-meta":"","header-below-stick-meta":"","astra-migrate-meta-layouts":"default","ast-page-background-enabled":"default","ast-page-background-meta":{"desktop":{"background-color":"var(--ast-global-color-4)","background-image":"","background-repeat":"repeat","background-position":"center center","background-size":"auto","background-attachment":"scroll","background-type":"","background-media":"","overlay-type":"","overlay-color":"","overlay-opacity":"","overlay-gradient":""},"tablet":{"background-color":"","background-image":"","background-repeat":"repeat","background-position":"center center","background-size":"auto","background-attachment":"scroll","background-type":"","background-media":"","overlay-type":"","overlay-color":"","overlay-opacity":"","overlay-gradient":""},"mobile":{"background-color":"","background-image":"","background-repeat":"repeat","background-position":"center center","background-size":"auto","background-attachment":"scroll","background-type":"","background-media":"","overlay-type":"","overlay-color":"","overlay-opacity":"","overlay-gradient":""}},"ast-content-background-meta":{"desktop":{"background-color":"var(--ast-global-color-5)","background-image":"","background-repeat":"repeat","background-position":"center center","background-size":"auto","background-attachment":"scroll","background-type":"","background-media":"","overlay-type":"","overlay-color":"","overlay-opacity":"","overlay-gradient":""},"tablet":{"background-color":"var(--ast-global-color-5)","background-image":"","background-repeat":"repeat","background-position":"center center","background-size":"auto","background-attachment":"scroll","background-type":"","background-media":"","overlay-type":"","overlay-color":"","overlay-opacity":"","overlay-gradient":""},"mobile":{"background-color":"var(--ast-global-color-5)","background-image":"","background-repeat":"repeat","background-position":"center center","background-size":"auto","background-attachment":"scroll","background-type":"","background-media":"","overlay-type":"","overlay-color":"","overlay-opacity":"","overlay-gradient":""}}},"product_brand":[],"product_cat":[122],"product_tag":[],"class_list":{"0":"post-5615","1":"product","2":"type-product","3":"status-publish","4":"has-post-thumbnail","6":"product_cat-los-sellos","7":"desktop-align-left","8":"tablet-align-left","9":"mobile-align-left","10":"ast-product-gallery-layout-vertical","11":"ast-product-gallery-with-no-image","12":"ast-magnify-disabled","13":"ast-product-tabs-layout-horizontal","15":"first","16":"instock","17":"taxable","18":"shipping-taxable","19":"purchasable","20":"product-type-simple"},"_links":{"self":[{"href":"https:\/\/coeurcristal.com\/es\/wp-json\/wp\/v2\/product\/5615","targetHints":{"allow":["GET"]}}],"collection":[{"href":"https:\/\/coeurcristal.com\/es\/wp-json\/wp\/v2\/product"}],"about":[{"href":"https:\/\/coeurcristal.com\/es\/wp-json\/wp\/v2\/types\/product"}],"replies":[{"embeddable":true,"href":"https:\/\/coeurcristal.com\/es\/wp-json\/wp\/v2\/comments?post=5615"}],"wp:featuredmedia":[{"embeddable":true,"href":"https:\/\/coeurcristal.com\/es\/wp-json\/wp\/v2\/media\/3999"}],"wp:attachment":[{"href":"https:\/\/coeurcristal.com\/es\/wp-json\/wp\/v2\/media?parent=5615"}],"wp:term":[{"taxonomy":"product_brand","embeddable":true,"href":"https:\/\/coeurcristal.com\/es\/wp-json\/wp\/v2\/product_brand?post=5615"},{"taxonomy":"product_cat","embeddable":true,"href":"https:\/\/coeurcristal.com\/es\/wp-json\/wp\/v2\/product_cat?post=5615"},{"taxonomy":"product_tag","embeddable":true,"href":"https:\/\/coeurcristal.com\/es\/wp-json\/wp\/v2\/product_tag?post=5615"}],"curies":[{"name":"wp","href":"https:\/\/api.w.org\/{rel}","templated":true}]}}