{"id":5614,"date":"2022-05-12T14:06:31","date_gmt":"2022-05-12T12:06:31","guid":{"rendered":"https:\/\/coeurcristal.com\/la-llama-doble-triple\/"},"modified":"2025-05-31T11:21:53","modified_gmt":"2025-05-31T09:21:53","slug":"la-llama-doble-triple","status":"publish","type":"product","link":"https:\/\/coeurcristal.com\/es\/la-llama-doble-triple\/","title":{"rendered":"La llama doble triple"},"content":{"rendered":"<p><em><strong>La Luz de la Verdad disuelve el velo de la ilusi\u00f3n, as\u00ed el Ser irradia su Glorioso Esplendor<\/strong><\/em><\/p>\n<p>La Doble Llama Triple es un cetro, el de Cristo Rey, el Ni\u00f1o Divino, hijo\/hija del Padre\/Madre.<\/p>\n<p>Mucho m\u00e1s potente y completa que la Llama Triple, es mejor reservarla para terapeutas experimentados.<\/p>\n<p>Las dos bolas en la base de las llamas creadas por las dos manos ahuecadas del Padre\/Madre: Llama Rosa = Matriz de Creaci\u00f3n y Llama Azul = <strong>Poder de Manifestaci\u00f3n como Creaci\u00f3n\/criatura pura<\/strong>: Espiral helicoidal dorada = Materializaci\u00f3n<\/p>\n<p>El resultado es una poderosa desintoxicaci\u00f3n (fuerza centr\u00edfuga) y reprogramaci\u00f3n (fuerza centr\u00edpeta).<br \/>\nAl liberarnos de recuerdos, toxinas e informaci\u00f3n negativa, la Llama Triple revela nuestra perfecci\u00f3n interior.<br \/>\nSu poderosa luz revela y transmuta nuestras heridas m\u00e1s profundas, ya est\u00e9n inscritas en nuestros chakras, en nuestros cuerpos sutiles o en la memoria celular de nuestro cuerpo f\u00edsico.<br \/>\nTambi\u00e9n es eficaz para limpiar y transformar los lugares donde vivimos, trabajamos o descansamos. Utilizado sobre nuestros alimentos, borrar\u00e1 la informaci\u00f3n negativa acumulada durante el transporte y todos los intermediarios entre el cultivo y el consumo.<strong><\/p>\n<p>Utilizado sobre cristales, minerales, joyas, piedras preciosas, etc., \u201ciluminar\u00e1\u201d su Luz interior y los encontrar\u00e1s m\u00e1s brillantes, puros y vibrantes.<\/strong> <\/p>\n<p>&nbsp;<\/p>\n","protected":false},"excerpt":{"rendered":"<p><em><strong>La luz de la verdad<\/strong><\/em>.<\/p>\n","protected":false},"featured_media":4428,"comment_status":"open","ping_status":"closed","template":"","meta":{"site-sidebar-layout":"default","site-content-layout":"default","ast-site-content-layout":"default","site-content-style":"default","site-sidebar-style":"default","ast-global-header-display":"","ast-banner-title-visibility":"","ast-main-header-display":"","ast-hfb-above-header-display":"","ast-hfb-below-header-display":"","ast-hfb-mobile-header-display":"","site-post-title":"","ast-breadcrumbs-content":"","ast-featured-img":"","footer-sml-layout":"","ast-disable-related-posts":"","theme-transparent-header-meta":"default","adv-header-id-meta":"","stick-header-meta":"","header-above-stick-meta":"","header-main-stick-meta":"","header-below-stick-meta":"","astra-migrate-meta-layouts":"default","ast-page-background-enabled":"default","ast-page-background-meta":{"desktop":{"background-color":"var(--ast-global-color-4)","background-image":"","background-repeat":"repeat","background-position":"center center","background-size":"auto","background-attachment":"scroll","background-type":"","background-media":"","overlay-type":"","overlay-color":"","overlay-opacity":"","overlay-gradient":""},"tablet":{"background-color":"","background-image":"","background-repeat":"repeat","background-position":"center center","background-size":"auto","background-attachment":"scroll","background-type":"","background-media":"","overlay-type":"","overlay-color":"","overlay-opacity":"","overlay-gradient":""},"mobile":{"background-color":"","background-image":"","background-repeat":"repeat","background-position":"center center","background-size":"auto","background-attachment":"scroll","background-type":"","background-media":"","overlay-type":"","overlay-color":"","overlay-opacity":"","overlay-gradient":""}},"ast-content-background-meta":{"desktop":{"background-color":"var(--ast-global-color-5)","background-image":"","background-repeat":"repeat","background-position":"center center","background-size":"auto","background-attachment":"scroll","background-type":"","background-media":"","overlay-type":"","overlay-color":"","overlay-opacity":"","overlay-gradient":""},"tablet":{"background-color":"var(--ast-global-color-5)","background-image":"","background-repeat":"repeat","background-position":"center center","background-size":"auto","background-attachment":"scroll","background-type":"","background-media":"","overlay-type":"","overlay-color":"","overlay-opacity":"","overlay-gradient":""},"mobile":{"background-color":"var(--ast-global-color-5)","background-image":"","background-repeat":"repeat","background-position":"center center","background-size":"auto","background-attachment":"scroll","background-type":"","background-media":"","overlay-type":"","overlay-color":"","overlay-opacity":"","overlay-gradient":""}}},"product_brand":[],"product_cat":[119],"product_tag":[],"class_list":{"0":"post-5614","1":"product","2":"type-product","3":"status-publish","4":"has-post-thumbnail","6":"product_cat-herramientas","7":"desktop-align-left","8":"tablet-align-left","9":"mobile-align-left","10":"ast-product-gallery-layout-vertical","11":"ast-magnify-disabled","12":"ast-product-tabs-layout-horizontal","14":"first","15":"instock","16":"taxable","17":"shipping-taxable","18":"purchasable","19":"product-type-simple"},"_links":{"self":[{"href":"https:\/\/coeurcristal.com\/es\/wp-json\/wp\/v2\/product\/5614","targetHints":{"allow":["GET"]}}],"collection":[{"href":"https:\/\/coeurcristal.com\/es\/wp-json\/wp\/v2\/product"}],"about":[{"href":"https:\/\/coeurcristal.com\/es\/wp-json\/wp\/v2\/types\/product"}],"replies":[{"embeddable":true,"href":"https:\/\/coeurcristal.com\/es\/wp-json\/wp\/v2\/comments?post=5614"}],"wp:featuredmedia":[{"embeddable":true,"href":"https:\/\/coeurcristal.com\/es\/wp-json\/wp\/v2\/media\/4428"}],"wp:attachment":[{"href":"https:\/\/coeurcristal.com\/es\/wp-json\/wp\/v2\/media?parent=5614"}],"wp:term":[{"taxonomy":"product_brand","embeddable":true,"href":"https:\/\/coeurcristal.com\/es\/wp-json\/wp\/v2\/product_brand?post=5614"},{"taxonomy":"product_cat","embeddable":true,"href":"https:\/\/coeurcristal.com\/es\/wp-json\/wp\/v2\/product_cat?post=5614"},{"taxonomy":"product_tag","embeddable":true,"href":"https:\/\/coeurcristal.com\/es\/wp-json\/wp\/v2\/product_tag?post=5614"}],"curies":[{"name":"wp","href":"https:\/\/api.w.org\/{rel}","templated":true}]}}