{"id":5611,"date":"2024-11-04T07:53:09","date_gmt":"2024-11-04T06:53:09","guid":{"rendered":"https:\/\/coeurcristal.com\/el-templo-naranja\/"},"modified":"2025-05-31T11:21:46","modified_gmt":"2025-05-31T09:21:46","slug":"el-templo-naranja","status":"publish","type":"product","link":"https:\/\/coeurcristal.com\/es\/el-templo-naranja\/","title":{"rendered":"El Templo Naranja"},"content":{"rendered":"<p><strong>El templo naranja es :<\/strong><\/p>\n<ul>\n<li><strong><strong>La Revelaci\u00f3n del Talento<\/strong><\/strong><\/li>\n<li><strong><strong>Soberan\u00eda<\/strong><\/strong><\/li>\n<li><strong><strong>Libertad y Autonom\u00eda<\/strong><\/strong><\/li>\n<\/ul>\n<p><em>  El mantra, el aliento del Templo Naranja:<\/em><\/p>\n<p><strong><em>\u201cYo soy la Manifestaci\u00f3n de todos mis Potenciales\u201d.<\/em><\/strong><\/p>\n<p><strong>El Templo Naranja puede contribuir a:<\/strong><\/p>\n<ul>\n<li>Abierto<strong> a lo Sagrado Masculino,<\/strong> permite <strong>la alineaci\u00f3n y la expansi\u00f3n de lo Masculino en nuestro interior. <\/strong> <\/li>\n<\/ul>\n<p>Permite <strong>al Hombre reencontrar su lugar,<\/strong> su fuerza, calmada, tranquilizadora, estructurante, libre de miedos y engramas.<\/p>\n<p>Permite a las mujeres aceptar su propia polaridad masculina y <strong>abrazar plenamente el resplandor y las cualidades de lo masculino <\/strong>.  <\/p>\n<ul>\n<li>Unifica las polaridades, permitiendo que lo sagrado masculino y femenino trabajen juntos en la materia.<\/li>\n<li>Aporta <strong>alineaci\u00f3n, orden, rectitud, compromiso, pero tambi\u00e9n crecimiento, expansi\u00f3n, superaci\u00f3n de uno mismo <\/strong> <\/li>\n<li>Nos recuerda <strong>nuestra responsabilidad, nuestro compromiso con nuestra alma,<\/strong> permiti\u00e9ndonos encontrar el camino hacia nuestra alma, <strong>para que \u00e9sta pueda expresarse libre y alegremente. <\/strong> <\/li>\n<li>Despierta la conciencia de nuestro potencial dorado, permiti\u00e9ndonos acceder a nuestra riqueza interior y a todas nuestras facultades.<\/li>\n<li>Acoger el tesoro interior. El oro interior. El oro interior <strong>revela nuestro potencial de transmutaci\u00f3n, tambi\u00e9n de alquimia interior.<\/strong>  <\/li>\n<\/ul>\n<p>Nos recuerda nuestra <strong>capacidad de sacar Oro de nuestras manos a trav\u00e9s de la manifestaci\u00f3n.<\/strong><\/p>\n<p><strong>La manifestaci\u00f3n de nuestro potencial y riqueza interior.<\/strong><\/p>\n<ul>\n<li><strong>Nos ayudar\u00e1 a realizar todo nuestro potencial y a activar nuestro mayor potencial interior, en consonancia con nuestra mayor riqueza interior.<\/strong><\/li>\n<\/ul>\n<p>Nos reintroduce en el camino de la abundancia, que est\u00e1 enraizado en la plenitud de nosotros mismos.<\/p>\n<p><strong>Es un catalizador de todas nuestras posibilidades.<\/strong><\/p>\n<p>Nos conduce hacia lo absoluto que hay en nosotros, record\u00e1ndonos que un ser realizado<strong> transmuta por su sola presencia, <\/strong>sin hacer nada y sin proyecci\u00f3n alguna, los bloqueos a la realizaci\u00f3n de los seres que le rodean, por el mero hecho de estar ah\u00ed, presente, en este mundo.<strong> <\/strong><\/p>\n<p><strong>A nivel espiritual:<\/strong><\/p>\n<p>Cuando meditamos con \u00e9l, y se instala la calma, nos muestra<strong>el camino hacia la Sabidur\u00eda Intemporal Encarnada <\/strong>.  <\/p>\n<ul>\n<li>Nos invita a <strong>despojarnos del manto del ego, las<\/strong> creencias y la personalidad.<\/li>\n<li><strong>Unifica, fuera del espacio-tiempo, todas las dimensiones del ser que somos.<\/strong><strong>\u2028<\/strong><\/li>\n<\/ul>\n<p>Activa el Conocimiento Sagrado en nuestro interior, y <strong>nos recuerda nuestra responsabilidad y nuestro compromiso espiritual, adquiridos antes de nuestra encarnaci\u00f3n<\/strong>.<\/p>\n<p><strong>Mentalmente :<\/strong><\/p>\n<p>Como una linterna en la oscuridad, elimina las dudas,<strong> aportando claridad o alineaci\u00f3n.<\/strong><\/p>\n<p>Nos libera de las proyecciones \u201cpoder-firmeza-dinero\u201d de las que se alimenta nuestro ser cuando a\u00fan no es aut\u00f3nomo.<\/p>\n<p>&nbsp;<\/p>\n<p><strong>Emocionalmente:<\/strong><\/p>\n<ul>\n<li><strong>Te permite recuperar tu propio poder<\/strong> cuando se lo has cedido a otra persona, o a una organizaci\u00f3n, por ignorancia, obligaci\u00f3n o debilidad.<\/li>\n<li>Nos permite redescubrir la autoridad dentro de nosotros mismos, nuestra soberan\u00eda interior. El poder correcto alineado para servir a nuestra alma. <\/li>\n<\/ul>\n<p>Puede ayudar a liberarse de la dependencia, la codependencia, el control o la p\u00e9rdida de autonom\u00eda emocional.<\/p>\n<p>&nbsp;<\/p>\n<p><strong>Transgeneracionalmente:<\/strong><\/p>\n<p>Cura el linaje masculino.<\/p>\n<p>Reparar\u00e1 los patrones, las distorsiones y los miedos de los linajes masculinos.<\/p>\n<p>Ayuda a las personas a<strong>  Sanar los miedos transgeneracionales. Tambi\u00e9n los recuerdos de guerra.   <\/strong><\/p>\n<p>Favorecer\u00e1 la <strong>reconciliaci\u00f3n<\/strong> con el padre arquet\u00edpico.<\/p>\n<p>&nbsp;<\/p>\n<p><strong>En el plano k\u00e1rmico :<\/strong><\/p>\n<ul>\n<li><strong>Limpia los recuerdos k\u00e1rmicos de abuso de poder.  <\/strong><\/li>\n<li>Limpia <strong>las l\u00edneas del tiempo, <\/strong>en cuanto a los golpes y traumas vividos, pero tambi\u00e9n en cuanto a las acciones que han creado nudos y retroalimentaciones.<\/li>\n<\/ul>\n","protected":false},"excerpt":{"rendered":"<p><strong>Revela fuerza, soberan\u00eda para la libertad y la autonom\u00eda.<\/strong><\/p>\n","protected":false},"featured_media":6107,"comment_status":"open","ping_status":"closed","template":"","meta":{"site-sidebar-layout":"default","site-content-layout":"","ast-site-content-layout":"default","site-content-style":"default","site-sidebar-style":"default","ast-global-header-display":"","ast-banner-title-visibility":"","ast-main-header-display":"","ast-hfb-above-header-display":"","ast-hfb-below-header-display":"","ast-hfb-mobile-header-display":"","site-post-title":"","ast-breadcrumbs-content":"","ast-featured-img":"","footer-sml-layout":"","ast-disable-related-posts":"","theme-transparent-header-meta":"default","adv-header-id-meta":"","stick-header-meta":"","header-above-stick-meta":"","header-main-stick-meta":"","header-below-stick-meta":"","astra-migrate-meta-layouts":"default","ast-page-background-enabled":"default","ast-page-background-meta":{"desktop":{"background-color":"var(--ast-global-color-4)","background-image":"","background-repeat":"repeat","background-position":"center center","background-size":"auto","background-attachment":"scroll","background-type":"","background-media":"","overlay-type":"","overlay-color":"","overlay-opacity":"","overlay-gradient":""},"tablet":{"background-color":"","background-image":"","background-repeat":"repeat","background-position":"center center","background-size":"auto","background-attachment":"scroll","background-type":"","background-media":"","overlay-type":"","overlay-color":"","overlay-opacity":"","overlay-gradient":""},"mobile":{"background-color":"","background-image":"","background-repeat":"repeat","background-position":"center center","background-size":"auto","background-attachment":"scroll","background-type":"","background-media":"","overlay-type":"","overlay-color":"","overlay-opacity":"","overlay-gradient":""}},"ast-content-background-meta":{"desktop":{"background-color":"var(--ast-global-color-5)","background-image":"","background-repeat":"repeat","background-position":"center center","background-size":"auto","background-attachment":"scroll","background-type":"","background-media":"","overlay-type":"","overlay-color":"","overlay-opacity":"","overlay-gradient":""},"tablet":{"background-color":"var(--ast-global-color-5)","background-image":"","background-repeat":"repeat","background-position":"center center","background-size":"auto","background-attachment":"scroll","background-type":"","background-media":"","overlay-type":"","overlay-color":"","overlay-opacity":"","overlay-gradient":""},"mobile":{"background-color":"var(--ast-global-color-5)","background-image":"","background-repeat":"repeat","background-position":"center center","background-size":"auto","background-attachment":"scroll","background-type":"","background-media":"","overlay-type":"","overlay-color":"","overlay-opacity":"","overlay-gradient":""}}},"product_brand":[],"product_cat":[123],"product_tag":[],"class_list":{"0":"post-5611","1":"product","2":"type-product","3":"status-publish","4":"has-post-thumbnail","6":"product_cat-los-templos","7":"desktop-align-left","8":"tablet-align-left","9":"mobile-align-left","10":"ast-product-gallery-layout-vertical","11":"ast-magnify-disabled","12":"ast-product-tabs-layout-horizontal","14":"first","15":"instock","16":"taxable","17":"shipping-taxable","18":"purchasable","19":"product-type-simple"},"_links":{"self":[{"href":"https:\/\/coeurcristal.com\/es\/wp-json\/wp\/v2\/product\/5611","targetHints":{"allow":["GET"]}}],"collection":[{"href":"https:\/\/coeurcristal.com\/es\/wp-json\/wp\/v2\/product"}],"about":[{"href":"https:\/\/coeurcristal.com\/es\/wp-json\/wp\/v2\/types\/product"}],"replies":[{"embeddable":true,"href":"https:\/\/coeurcristal.com\/es\/wp-json\/wp\/v2\/comments?post=5611"}],"wp:featuredmedia":[{"embeddable":true,"href":"https:\/\/coeurcristal.com\/es\/wp-json\/wp\/v2\/media\/6107"}],"wp:attachment":[{"href":"https:\/\/coeurcristal.com\/es\/wp-json\/wp\/v2\/media?parent=5611"}],"wp:term":[{"taxonomy":"product_brand","embeddable":true,"href":"https:\/\/coeurcristal.com\/es\/wp-json\/wp\/v2\/product_brand?post=5611"},{"taxonomy":"product_cat","embeddable":true,"href":"https:\/\/coeurcristal.com\/es\/wp-json\/wp\/v2\/product_cat?post=5611"},{"taxonomy":"product_tag","embeddable":true,"href":"https:\/\/coeurcristal.com\/es\/wp-json\/wp\/v2\/product_tag?post=5611"}],"curies":[{"name":"wp","href":"https:\/\/api.w.org\/{rel}","templated":true}]}}