{"id":5610,"date":"2022-06-06T15:38:07","date_gmt":"2022-06-06T15:38:07","guid":{"rendered":"https:\/\/coeurcristal.com\/la-piramide-rosa-fucsia\/"},"modified":"2025-05-31T11:21:39","modified_gmt":"2025-05-31T09:21:39","slug":"la-piramide-rosa-fucsia","status":"publish","type":"product","link":"https:\/\/coeurcristal.com\/es\/la-piramide-rosa-fucsia\/","title":{"rendered":"La Pir\u00e1mide Rosa Fucsia"},"content":{"rendered":"<p>Emblema de la Madre, la Pir\u00e1mide Rosa Fucsia es una intercesora con las energ\u00edas de la Madre Divina en todos los planos en los que trabaja directamente.<\/p>\n<p><strong>Conectado a la matriz del Coraz\u00f3n de la Tierra, abre el Centro del Coraz\u00f3n a trav\u00e9s de las ra\u00edces de la Tierra<\/strong>.<\/p>\n<p>Esta Pir\u00e1mide nos ofrece un contacto directo con la faceta de lo Sagrado Femenino que hay en nosotros, con la Madre Divina, la Matriz de los Mundos, Isis.<\/p>\n<p>La Pir\u00e1mide Rosa Fucsia se recomienda para trabajar nuestras estructuras ventrales, el bajo vientre, los \u00f3rganos sexuales, esa zona de nuestra biolog\u00eda donde experimentamos el equilibrio de las polaridades.<\/p>\n<p>Su uso es muy intenso.<\/p>\n<p>Nos permite tejer la malla coherente de nuestro v\u00ednculo sustancial con la Matriz de los Mundos, la Matriz Madre y Nutridora, conocida en las civilizaciones antiguas como Isis y por muchos otros nombres.<\/p>\n<p><strong>Es el v\u00ednculo nutritivo matriz con la Madre Tierra. Un v\u00ednculo permanente mientras el cuerpo f\u00edsico est\u00e9 vivo, encarnado en este planeta. <\/strong><\/p>\n<p>Muy activo en las memorias vinculadas a estos conflictos entre mujeres y hombres o entre mujeres y hombres.<\/p>\n<p><strong><br \/>\nEsta Pir\u00e1mide activar\u00e1 inicialmente las estructuras reactivas en los seres o lugares, para abrir un espacio de conciencia necesario para la reconciliaci\u00f3n posterior.<\/strong><\/p>\n<p><strong>La Pir\u00e1mide Rosa Fucsia activa la libre circulaci\u00f3n de los fluidos hormonales.<\/strong><\/p>\n<p><strong>La Pir\u00e1mide Coraz\u00f3n de Cristal Rosa Fucsia es un aliado clave en la elecci\u00f3n de reequilibrar las polaridades de nuestra biolog\u00eda y nuestra psique.<\/strong><\/p>\n<p>Te aconsejamos encarecidamente que combines este trabajo con la Pir\u00e1mide con un estilo de vida saludable, una dieta sana y equilibrada y ejercicio f\u00edsico. Porque el trabajo para reconciliar polaridades genera una liberaci\u00f3n masiva de toxinas del cuerpo f\u00edsico. Bebe tambi\u00e9n mucho l\u00edquido, para ayudar a que los fluidos fluyan por todo el cuerpo f\u00edsico.<br \/>\n<strong><br \/>\nDe este modo, desintoxicamos profundamente nuestro cuerpo f\u00edsico. Y al hacerlo, restableceremos gradualmente el equilibrio de nuestra salud. <\/strong>.<\/p>\n<p><strong>El uso intensivo de esta Pir\u00e1mide es muy exigente en todos los niveles de nuestro ser.<\/strong><\/p>\n","protected":false},"excerpt":{"rendered":"<p>Conciencia y armonizaci\u00f3n del aspecto femenino en cada uno de nosotros.<\/p>\n","protected":false},"featured_media":4500,"comment_status":"open","ping_status":"closed","template":"","meta":{"site-sidebar-layout":"default","site-content-layout":"default","ast-site-content-layout":"default","site-content-style":"default","site-sidebar-style":"default","ast-global-header-display":"","ast-banner-title-visibility":"","ast-main-header-display":"","ast-hfb-above-header-display":"","ast-hfb-below-header-display":"","ast-hfb-mobile-header-display":"","site-post-title":"","ast-breadcrumbs-content":"","ast-featured-img":"","footer-sml-layout":"","ast-disable-related-posts":"","theme-transparent-header-meta":"default","adv-header-id-meta":"","stick-header-meta":"","header-above-stick-meta":"","header-main-stick-meta":"","header-below-stick-meta":"","astra-migrate-meta-layouts":"default","ast-page-background-enabled":"default","ast-page-background-meta":{"desktop":{"background-color":"var(--ast-global-color-4)","background-image":"","background-repeat":"repeat","background-position":"center center","background-size":"auto","background-attachment":"scroll","background-type":"","background-media":"","overlay-type":"","overlay-color":"","overlay-opacity":"","overlay-gradient":""},"tablet":{"background-color":"","background-image":"","background-repeat":"repeat","background-position":"center center","background-size":"auto","background-attachment":"scroll","background-type":"","background-media":"","overlay-type":"","overlay-color":"","overlay-opacity":"","overlay-gradient":""},"mobile":{"background-color":"","background-image":"","background-repeat":"repeat","background-position":"center center","background-size":"auto","background-attachment":"scroll","background-type":"","background-media":"","overlay-type":"","overlay-color":"","overlay-opacity":"","overlay-gradient":""}},"ast-content-background-meta":{"desktop":{"background-color":"var(--ast-global-color-5)","background-image":"","background-repeat":"repeat","background-position":"center center","background-size":"auto","background-attachment":"scroll","background-type":"","background-media":"","overlay-type":"","overlay-color":"","overlay-opacity":"","overlay-gradient":""},"tablet":{"background-color":"var(--ast-global-color-5)","background-image":"","background-repeat":"repeat","background-position":"center center","background-size":"auto","background-attachment":"scroll","background-type":"","background-media":"","overlay-type":"","overlay-color":"","overlay-opacity":"","overlay-gradient":""},"mobile":{"background-color":"var(--ast-global-color-5)","background-image":"","background-repeat":"repeat","background-position":"center center","background-size":"auto","background-attachment":"scroll","background-type":"","background-media":"","overlay-type":"","overlay-color":"","overlay-opacity":"","overlay-gradient":""}}},"product_brand":[],"product_cat":[124],"product_tag":[],"class_list":{"0":"post-5610","1":"product","2":"type-product","3":"status-publish","4":"has-post-thumbnail","6":"product_cat-las-piramides","7":"desktop-align-left","8":"tablet-align-left","9":"mobile-align-left","10":"ast-product-gallery-layout-vertical","11":"ast-magnify-disabled","12":"ast-product-tabs-layout-horizontal","14":"first","15":"instock","16":"taxable","17":"shipping-taxable","18":"purchasable","19":"product-type-simple"},"_links":{"self":[{"href":"https:\/\/coeurcristal.com\/es\/wp-json\/wp\/v2\/product\/5610","targetHints":{"allow":["GET"]}}],"collection":[{"href":"https:\/\/coeurcristal.com\/es\/wp-json\/wp\/v2\/product"}],"about":[{"href":"https:\/\/coeurcristal.com\/es\/wp-json\/wp\/v2\/types\/product"}],"replies":[{"embeddable":true,"href":"https:\/\/coeurcristal.com\/es\/wp-json\/wp\/v2\/comments?post=5610"}],"wp:featuredmedia":[{"embeddable":true,"href":"https:\/\/coeurcristal.com\/es\/wp-json\/wp\/v2\/media\/4500"}],"wp:attachment":[{"href":"https:\/\/coeurcristal.com\/es\/wp-json\/wp\/v2\/media?parent=5610"}],"wp:term":[{"taxonomy":"product_brand","embeddable":true,"href":"https:\/\/coeurcristal.com\/es\/wp-json\/wp\/v2\/product_brand?post=5610"},{"taxonomy":"product_cat","embeddable":true,"href":"https:\/\/coeurcristal.com\/es\/wp-json\/wp\/v2\/product_cat?post=5610"},{"taxonomy":"product_tag","embeddable":true,"href":"https:\/\/coeurcristal.com\/es\/wp-json\/wp\/v2\/product_tag?post=5610"}],"curies":[{"name":"wp","href":"https:\/\/api.w.org\/{rel}","templated":true}]}}