{"id":5609,"date":"2022-06-12T09:16:44","date_gmt":"2022-06-12T07:16:44","guid":{"rendered":"https:\/\/coeurcristal.com\/la-piramide-rosa-palido\/"},"modified":"2025-05-31T11:21:35","modified_gmt":"2025-05-31T09:21:35","slug":"la-piramide-rosa-palido","status":"publish","type":"product","link":"https:\/\/coeurcristal.com\/es\/la-piramide-rosa-palido\/","title":{"rendered":"La pir\u00e1mide rosa p\u00e1lido"},"content":{"rendered":"<p><strong>Energ\u00eda suave, tranquila y calmante.<\/strong><\/p>\n<p>Nos ayuda a conectar poderosamente con el Amor Universal abriendo el chakra del Coraz\u00f3n.<\/p>\n<p>Pir\u00e1mide del <strong>Amor Universal, del Amor Propio y de la Paz Interior.<\/strong><br \/>\nConecta con nuestra belleza interior y cambia nuestra percepci\u00f3n de la<strong> Belleza<\/strong> en general.<\/p>\n<p>La Pir\u00e1mide Rosa P\u00e1lido alinea nuestra conciencia con el amor <strong>divino, la compasi\u00f3n, la tolerancia y la bondad<\/strong>.<\/p>\n<p>Ayuda a superar los d\u00e9ficits emocionales y los traumas infantiles.<\/p>\n<p>Rosa Nacarado: en la Trinidad, es el coraz\u00f3n de la Madre Divina,<strong> su dulzura, su bondad, su paciencia, su amor incondicional, las energ\u00edas marianas<\/strong>.<\/p>\n<p><strong>Aportar\u00e1 m\u00e1s delicadeza entre la madre y el beb\u00e9 durante la lactancia.<\/strong><\/p>\n<p>Es un b\u00e1lsamo para el coraz\u00f3n.<\/p>\n","protected":false},"excerpt":{"rendered":"<p><strong>Ayuda a liberar las emociones, a exteriorizar los sentimientos, a reparar las heridas emocionales y a calmar los dolores del coraz\u00f3n.<\/strong><\/p>\n","protected":false},"featured_media":4509,"comment_status":"open","ping_status":"closed","template":"","meta":{"site-sidebar-layout":"default","site-content-layout":"default","ast-site-content-layout":"default","site-content-style":"default","site-sidebar-style":"default","ast-global-header-display":"","ast-banner-title-visibility":"","ast-main-header-display":"","ast-hfb-above-header-display":"","ast-hfb-below-header-display":"","ast-hfb-mobile-header-display":"","site-post-title":"","ast-breadcrumbs-content":"","ast-featured-img":"","footer-sml-layout":"","ast-disable-related-posts":"","theme-transparent-header-meta":"default","adv-header-id-meta":"","stick-header-meta":"","header-above-stick-meta":"","header-main-stick-meta":"","header-below-stick-meta":"","astra-migrate-meta-layouts":"default","ast-page-background-enabled":"default","ast-page-background-meta":{"desktop":{"background-color":"var(--ast-global-color-4)","background-image":"","background-repeat":"repeat","background-position":"center center","background-size":"auto","background-attachment":"scroll","background-type":"","background-media":"","overlay-type":"","overlay-color":"","overlay-opacity":"","overlay-gradient":""},"tablet":{"background-color":"","background-image":"","background-repeat":"repeat","background-position":"center center","background-size":"auto","background-attachment":"scroll","background-type":"","background-media":"","overlay-type":"","overlay-color":"","overlay-opacity":"","overlay-gradient":""},"mobile":{"background-color":"","background-image":"","background-repeat":"repeat","background-position":"center center","background-size":"auto","background-attachment":"scroll","background-type":"","background-media":"","overlay-type":"","overlay-color":"","overlay-opacity":"","overlay-gradient":""}},"ast-content-background-meta":{"desktop":{"background-color":"var(--ast-global-color-5)","background-image":"","background-repeat":"repeat","background-position":"center center","background-size":"auto","background-attachment":"scroll","background-type":"","background-media":"","overlay-type":"","overlay-color":"","overlay-opacity":"","overlay-gradient":""},"tablet":{"background-color":"var(--ast-global-color-5)","background-image":"","background-repeat":"repeat","background-position":"center center","background-size":"auto","background-attachment":"scroll","background-type":"","background-media":"","overlay-type":"","overlay-color":"","overlay-opacity":"","overlay-gradient":""},"mobile":{"background-color":"var(--ast-global-color-5)","background-image":"","background-repeat":"repeat","background-position":"center center","background-size":"auto","background-attachment":"scroll","background-type":"","background-media":"","overlay-type":"","overlay-color":"","overlay-opacity":"","overlay-gradient":""}}},"product_brand":[],"product_cat":[124],"product_tag":[],"class_list":{"0":"post-5609","1":"product","2":"type-product","3":"status-publish","4":"has-post-thumbnail","6":"product_cat-las-piramides","7":"desktop-align-left","8":"tablet-align-left","9":"mobile-align-left","10":"ast-product-gallery-layout-vertical","11":"ast-magnify-disabled","12":"ast-product-tabs-layout-horizontal","14":"first","15":"instock","16":"taxable","17":"shipping-taxable","18":"purchasable","19":"product-type-simple"},"_links":{"self":[{"href":"https:\/\/coeurcristal.com\/es\/wp-json\/wp\/v2\/product\/5609","targetHints":{"allow":["GET"]}}],"collection":[{"href":"https:\/\/coeurcristal.com\/es\/wp-json\/wp\/v2\/product"}],"about":[{"href":"https:\/\/coeurcristal.com\/es\/wp-json\/wp\/v2\/types\/product"}],"replies":[{"embeddable":true,"href":"https:\/\/coeurcristal.com\/es\/wp-json\/wp\/v2\/comments?post=5609"}],"wp:featuredmedia":[{"embeddable":true,"href":"https:\/\/coeurcristal.com\/es\/wp-json\/wp\/v2\/media\/4509"}],"wp:attachment":[{"href":"https:\/\/coeurcristal.com\/es\/wp-json\/wp\/v2\/media?parent=5609"}],"wp:term":[{"taxonomy":"product_brand","embeddable":true,"href":"https:\/\/coeurcristal.com\/es\/wp-json\/wp\/v2\/product_brand?post=5609"},{"taxonomy":"product_cat","embeddable":true,"href":"https:\/\/coeurcristal.com\/es\/wp-json\/wp\/v2\/product_cat?post=5609"},{"taxonomy":"product_tag","embeddable":true,"href":"https:\/\/coeurcristal.com\/es\/wp-json\/wp\/v2\/product_tag?post=5609"}],"curies":[{"name":"wp","href":"https:\/\/api.w.org\/{rel}","templated":true}]}}