{"id":5607,"date":"2022-10-07T15:16:33","date_gmt":"2022-10-07T13:16:33","guid":{"rendered":"https:\/\/coeurcristal.com\/la-piramide-turquesa\/"},"modified":"2022-10-07T15:16:33","modified_gmt":"2022-10-07T13:16:33","slug":"la-piramide-turquesa","status":"publish","type":"product","link":"https:\/\/coeurcristal.com\/es\/la-piramide-turquesa\/","title":{"rendered":"La Pir\u00e1mide Turquesa"},"content":{"rendered":"<p>Asociada a la pureza y la inocencia <strong>, la Pir\u00e1mide de Turquesa<\/strong> nos invita a la introspecci\u00f3n, a mirar hacia dentro y vernos tal como \u00e9ramos antes de formarnos, educarnos y disciplinarnos.<\/p>\n<p>La Pir\u00e1mide Turquesa <strong>nos invita a mirar el mundo con los ojos asombrados de un ni\u00f1o,<\/strong> descubriendo con asombro y entusiasmo universos totalmente desconocidos mediante la exploraci\u00f3n sin puntos de referencia.<\/p>\n<p><strong>Nos invita a vivir en el momento presente, sin pasado ni futuro,<\/strong> centrados en la exploraci\u00f3n inmediata, sensible y emocional de cualquier situaci\u00f3n, movimiento o aprendizaje.<br \/>\nAliada de los m\u00fasicos, los poetas y todos los artistas, <strong>nos lleva a redescubrir la alegr\u00eda inocente e<\/strong> ingenua del ni\u00f1o maravillado.<\/p>\n<p>Aplicada regularmente sobre el timo <strong>, la pir\u00e1mide de turquesa<\/strong> ayuda a descristalizar los tejidos escler\u00f3ticos de esta gl\u00e1ndula, lo que es esencial para el proceso de memorizaci\u00f3n, aligerando gradual y regularmente la carga y abriendo la puerta al desaprendizaje, permitiendo la libertad de descubrimiento, exploraci\u00f3n y expresi\u00f3n.<\/p>\n<p>Simplifica los procesos imaginarios y conduce a una mayor fe en lo irracional, lo inaceptable, <strong>abriendo as\u00ed las v\u00edas de despliegue del individuo en el colectivo al que pertenece.<\/strong> Siendo este colectivo una definici\u00f3n formateada por la memorizaci\u00f3n de leyes aprendidas, consideradas como adquiridas por una mayor\u00eda determinante.<\/p>\n<p>Asociada a la pureza y la inocencia, la Pir\u00e1mide de Turquesa nos invita a la introspecci\u00f3n, a mirar hacia dentro y vernos tal como \u00e9ramos antes de formarnos, educarnos y disciplinarnos.<\/p>\n<p>La Pir\u00e1mide Turquesa trabaja en las profundidades de la materia:<\/p>\n<p>Mantiene la cohesi\u00f3n necesaria entre los \u00e1tomos, une entidades independientes y construye puentes armoniosos.<\/p>\n<p>Es un intercesor c\u00f3smico, <strong>un ecualizador, un equilibrador.<\/strong><\/p>\n<p>Ella es la que une, conecta, trae <strong>la verdad, la belleza y la dulzura<\/strong>.<\/p>\n<p>Proporciona los lazos que unen todos los elementos de un conjunto en una relaci\u00f3n armoniosa.<\/p>\n<p>Crea el todo, donde coexisten entidades aparentemente separadas.<\/p>\n<p>Calma, coordina, regenera e iguala todos estos elementos de conexi\u00f3n.<\/p>\n<h3>En la esfera emocional :<\/h3>\n<p>&nbsp;<\/p>\n<p>Amplifica cualquier demanda de v\u00ednculos, conexiones, contacto, comunicaci\u00f3n e intercambio, porque conecta.<\/p>\n<p>Facilita la expresi\u00f3n de un mundo interior <strong>armonioso, pac\u00edfico y coherente, y fomenta<\/strong> el intercambio que une a las personas.<\/p>\n<h3>En la esfera mental :<\/h3>\n<p>&nbsp;<\/p>\n<p>Amplifica la cohesi\u00f3n de los pensamientos, su conexi\u00f3n.<\/p>\n<p>Facilita la extracci\u00f3n de egregores pesados (pensamientos obsesivos) al <strong>armonizar en frecuencias altas,<\/strong> aportando una cohesi\u00f3n que borra las notas falsas y los acordes disonantes.<\/p>\n<p>Facilita<strong> un pensamiento claro, puro y radiante.<\/strong><\/p>\n<p>Fomenta el debate constructivo.<\/p>\n<p><strong>Permite elaborar res\u00famenes sencillos, claros y coherentes.<\/strong><\/p>\n<p><strong>La Pir\u00e1mide Turquesa y el timo<\/strong><\/p>\n<p>El timo es un v\u00f3rtice multidimensional que, una vez reactivado, permite acceder a todas las dimensiones y a todos los universos.<\/p>\n<p>Un camino hacia la realidad del ser.<\/p>\n<p>Sus m\u00faltiples grupos de memoria ofrecen rutas de navegaci\u00f3n para los aventureros y exploradores de todas las posibilidades.<\/p>\n<p><strong>La Pir\u00e1mide Turquesa<\/strong> permite explorar conscientemente estas m\u00faltiples posibilidades.<\/p>\n<p>&nbsp;<\/p>\n","protected":false},"excerpt":{"rendered":"<p><strong>Asociado a la pureza y la inocencia, nos invita a redescubrir nuestro ni\u00f1o interior libre y alegre.<\/strong><\/p>\n","protected":false},"featured_media":4542,"comment_status":"open","ping_status":"closed","template":"","meta":{"site-sidebar-layout":"default","site-content-layout":"default","ast-site-content-layout":"default","site-content-style":"default","site-sidebar-style":"default","ast-global-header-display":"","ast-banner-title-visibility":"","ast-main-header-display":"","ast-hfb-above-header-display":"","ast-hfb-below-header-display":"","ast-hfb-mobile-header-display":"","site-post-title":"","ast-breadcrumbs-content":"","ast-featured-img":"","footer-sml-layout":"","ast-disable-related-posts":"","theme-transparent-header-meta":"default","adv-header-id-meta":"","stick-header-meta":"","header-above-stick-meta":"","header-main-stick-meta":"","header-below-stick-meta":"","astra-migrate-meta-layouts":"default","ast-page-background-enabled":"default","ast-page-background-meta":{"desktop":{"background-color":"var(--ast-global-color-4)","background-image":"","background-repeat":"repeat","background-position":"center center","background-size":"auto","background-attachment":"scroll","background-type":"","background-media":"","overlay-type":"","overlay-color":"","overlay-opacity":"","overlay-gradient":""},"tablet":{"background-color":"","background-image":"","background-repeat":"repeat","background-position":"center center","background-size":"auto","background-attachment":"scroll","background-type":"","background-media":"","overlay-type":"","overlay-color":"","overlay-opacity":"","overlay-gradient":""},"mobile":{"background-color":"","background-image":"","background-repeat":"repeat","background-position":"center center","background-size":"auto","background-attachment":"scroll","background-type":"","background-media":"","overlay-type":"","overlay-color":"","overlay-opacity":"","overlay-gradient":""}},"ast-content-background-meta":{"desktop":{"background-color":"var(--ast-global-color-5)","background-image":"","background-repeat":"repeat","background-position":"center center","background-size":"auto","background-attachment":"scroll","background-type":"","background-media":"","overlay-type":"","overlay-color":"","overlay-opacity":"","overlay-gradient":""},"tablet":{"background-color":"var(--ast-global-color-5)","background-image":"","background-repeat":"repeat","background-position":"center center","background-size":"auto","background-attachment":"scroll","background-type":"","background-media":"","overlay-type":"","overlay-color":"","overlay-opacity":"","overlay-gradient":""},"mobile":{"background-color":"var(--ast-global-color-5)","background-image":"","background-repeat":"repeat","background-position":"center center","background-size":"auto","background-attachment":"scroll","background-type":"","background-media":"","overlay-type":"","overlay-color":"","overlay-opacity":"","overlay-gradient":""}}},"product_brand":[],"product_cat":[124],"product_tag":[],"class_list":{"0":"post-5607","1":"product","2":"type-product","3":"status-publish","4":"has-post-thumbnail","6":"product_cat-las-piramides","7":"desktop-align-left","8":"tablet-align-left","9":"mobile-align-left","10":"ast-product-gallery-layout-vertical","11":"ast-product-gallery-with-no-image","12":"ast-magnify-disabled","13":"ast-product-tabs-layout-horizontal","15":"first","16":"instock","17":"taxable","18":"shipping-taxable","19":"purchasable","20":"product-type-simple"},"_links":{"self":[{"href":"https:\/\/coeurcristal.com\/es\/wp-json\/wp\/v2\/product\/5607","targetHints":{"allow":["GET"]}}],"collection":[{"href":"https:\/\/coeurcristal.com\/es\/wp-json\/wp\/v2\/product"}],"about":[{"href":"https:\/\/coeurcristal.com\/es\/wp-json\/wp\/v2\/types\/product"}],"replies":[{"embeddable":true,"href":"https:\/\/coeurcristal.com\/es\/wp-json\/wp\/v2\/comments?post=5607"}],"wp:featuredmedia":[{"embeddable":true,"href":"https:\/\/coeurcristal.com\/es\/wp-json\/wp\/v2\/media\/4542"}],"wp:attachment":[{"href":"https:\/\/coeurcristal.com\/es\/wp-json\/wp\/v2\/media?parent=5607"}],"wp:term":[{"taxonomy":"product_brand","embeddable":true,"href":"https:\/\/coeurcristal.com\/es\/wp-json\/wp\/v2\/product_brand?post=5607"},{"taxonomy":"product_cat","embeddable":true,"href":"https:\/\/coeurcristal.com\/es\/wp-json\/wp\/v2\/product_cat?post=5607"},{"taxonomy":"product_tag","embeddable":true,"href":"https:\/\/coeurcristal.com\/es\/wp-json\/wp\/v2\/product_tag?post=5607"}],"curies":[{"name":"wp","href":"https:\/\/api.w.org\/{rel}","templated":true}]}}