{"id":5606,"date":"2022-06-12T09:19:54","date_gmt":"2022-06-12T07:19:54","guid":{"rendered":"https:\/\/coeurcristal.com\/la-piramide-roja\/"},"modified":"2022-06-12T09:19:54","modified_gmt":"2022-06-12T07:19:54","slug":"la-piramide-roja","status":"publish","type":"product","link":"https:\/\/coeurcristal.com\/es\/la-piramide-roja\/","title":{"rendered":"La Pir\u00e1mide Roja"},"content":{"rendered":"<p>La Pir\u00e1mide Roja conecta las estructuras energ\u00e9ticas humanas con la lava de la Tierra, el fuego de la Tierra, la sangre de la Tierra.<\/p>\n<p>Un ung\u00fcento para las estructuras humanas, un b\u00e1lsamo para la <strong>desintoxicaci\u00f3n profunda de<\/strong> todos los engramas de alienaci\u00f3n actualmente presentes en el mundo.<\/p>\n<p>El Coraz\u00f3n de Cristal de la Pir\u00e1mide Roja es un aliado para todas las curas de desintoxicaci\u00f3n de drogas y sustancias adictivas, as\u00ed como para los patrones de compulsi\u00f3n y adicci\u00f3n de todo tipo, y para los problemas de dependencia de todo tipo, ya sea de productos, situaciones o seres humanos.<\/p>\n<p>Reconectar con la sangre pura de la Madre de los Mundos, la matriz de los Mundos, la lava terrestre, nos permite armonizar profundamente el fluido sangu\u00edneo.<\/p>\n<p>Nos reconecta de un modo profundo con la lava de la tierra, ayuda a tonificar nuestro fluido sangu\u00edneo y refuerza la capacidad del cuerpo para drenar toxinas.<\/p>\n<p>Este fuego terrenal permitir\u00eda que el fuego del fluido sangu\u00edneo se fortaleciera.<\/p>\n<p>Colocada sobre o bajo los pies, esta Pir\u00e1mide ayuda a los drenajes a fortalecerse y a evacuar las toxinas.<\/p>\n<p>Colocado sobre el perineo, fluidifica la acci\u00f3n de esta piedra angular de toda nuestra estructura f\u00edsica, el esqueleto y los m\u00fasculos, tonific\u00e1ndolos y fortaleci\u00e9ndolos y drenando el exceso de toxinas.<\/p>\n<p><strong>Colocado sobre el ombligo, ayuda a purificar el sistema ent\u00e9rico, el aparato digestivo.<\/strong><\/p>\n<p>Tambi\u00e9n aten\u00faa los efectos t\u00f3xicos de la conexi\u00f3n del ombligo con el inconsciente colectivo. Act\u00faa as\u00ed como un filtro, <strong>pacificando las interacciones de los est\u00edmulos t\u00f3xicos procedentes del inconsciente colectivo.<\/strong> <\/p>\n<p><strong>En resumen, este Cristal Coraz\u00f3n Pir\u00e1mide Rojo drena y ayuda a armonizar el cuerpo f\u00edsico.<\/strong><\/p>\n<p>&nbsp;<\/p>\n","protected":false},"excerpt":{"rendered":"<p><strong>Favorece una desintoxicaci\u00f3n intensa y profunda tanto a nivel f\u00edsico como mental.<\/strong><\/p>\n","protected":false},"featured_media":4506,"comment_status":"open","ping_status":"closed","template":"","meta":{"site-sidebar-layout":"default","site-content-layout":"default","ast-site-content-layout":"default","site-content-style":"default","site-sidebar-style":"default","ast-global-header-display":"","ast-banner-title-visibility":"","ast-main-header-display":"","ast-hfb-above-header-display":"","ast-hfb-below-header-display":"","ast-hfb-mobile-header-display":"","site-post-title":"","ast-breadcrumbs-content":"","ast-featured-img":"","footer-sml-layout":"","ast-disable-related-posts":"","theme-transparent-header-meta":"default","adv-header-id-meta":"","stick-header-meta":"","header-above-stick-meta":"","header-main-stick-meta":"","header-below-stick-meta":"","astra-migrate-meta-layouts":"default","ast-page-background-enabled":"default","ast-page-background-meta":{"desktop":{"background-color":"var(--ast-global-color-4)","background-image":"","background-repeat":"repeat","background-position":"center center","background-size":"auto","background-attachment":"scroll","background-type":"","background-media":"","overlay-type":"","overlay-color":"","overlay-opacity":"","overlay-gradient":""},"tablet":{"background-color":"","background-image":"","background-repeat":"repeat","background-position":"center center","background-size":"auto","background-attachment":"scroll","background-type":"","background-media":"","overlay-type":"","overlay-color":"","overlay-opacity":"","overlay-gradient":""},"mobile":{"background-color":"","background-image":"","background-repeat":"repeat","background-position":"center center","background-size":"auto","background-attachment":"scroll","background-type":"","background-media":"","overlay-type":"","overlay-color":"","overlay-opacity":"","overlay-gradient":""}},"ast-content-background-meta":{"desktop":{"background-color":"var(--ast-global-color-5)","background-image":"","background-repeat":"repeat","background-position":"center center","background-size":"auto","background-attachment":"scroll","background-type":"","background-media":"","overlay-type":"","overlay-color":"","overlay-opacity":"","overlay-gradient":""},"tablet":{"background-color":"var(--ast-global-color-5)","background-image":"","background-repeat":"repeat","background-position":"center center","background-size":"auto","background-attachment":"scroll","background-type":"","background-media":"","overlay-type":"","overlay-color":"","overlay-opacity":"","overlay-gradient":""},"mobile":{"background-color":"var(--ast-global-color-5)","background-image":"","background-repeat":"repeat","background-position":"center center","background-size":"auto","background-attachment":"scroll","background-type":"","background-media":"","overlay-type":"","overlay-color":"","overlay-opacity":"","overlay-gradient":""}}},"product_brand":[],"product_cat":[124],"product_tag":[],"class_list":{"0":"post-5606","1":"product","2":"type-product","3":"status-publish","4":"has-post-thumbnail","6":"product_cat-las-piramides","7":"desktop-align-left","8":"tablet-align-left","9":"mobile-align-left","10":"ast-product-gallery-layout-vertical","11":"ast-product-gallery-with-no-image","12":"ast-magnify-disabled","13":"ast-product-tabs-layout-horizontal","15":"first","16":"instock","17":"taxable","18":"shipping-taxable","19":"purchasable","20":"product-type-simple"},"_links":{"self":[{"href":"https:\/\/coeurcristal.com\/es\/wp-json\/wp\/v2\/product\/5606","targetHints":{"allow":["GET"]}}],"collection":[{"href":"https:\/\/coeurcristal.com\/es\/wp-json\/wp\/v2\/product"}],"about":[{"href":"https:\/\/coeurcristal.com\/es\/wp-json\/wp\/v2\/types\/product"}],"replies":[{"embeddable":true,"href":"https:\/\/coeurcristal.com\/es\/wp-json\/wp\/v2\/comments?post=5606"}],"wp:featuredmedia":[{"embeddable":true,"href":"https:\/\/coeurcristal.com\/es\/wp-json\/wp\/v2\/media\/4506"}],"wp:attachment":[{"href":"https:\/\/coeurcristal.com\/es\/wp-json\/wp\/v2\/media?parent=5606"}],"wp:term":[{"taxonomy":"product_brand","embeddable":true,"href":"https:\/\/coeurcristal.com\/es\/wp-json\/wp\/v2\/product_brand?post=5606"},{"taxonomy":"product_cat","embeddable":true,"href":"https:\/\/coeurcristal.com\/es\/wp-json\/wp\/v2\/product_cat?post=5606"},{"taxonomy":"product_tag","embeddable":true,"href":"https:\/\/coeurcristal.com\/es\/wp-json\/wp\/v2\/product_tag?post=5606"}],"curies":[{"name":"wp","href":"https:\/\/api.w.org\/{rel}","templated":true}]}}