{"id":5605,"date":"2024-10-15T17:03:06","date_gmt":"2024-10-15T15:03:06","guid":{"rendered":"https:\/\/coeurcristal.com\/el-templo-transparente\/"},"modified":"2025-05-31T11:21:29","modified_gmt":"2025-05-31T09:21:29","slug":"el-templo-transparente","status":"publish","type":"product","link":"https:\/\/coeurcristal.com\/es\/el-templo-transparente\/","title":{"rendered":"El Templo Transparente"},"content":{"rendered":"<h2>\u00abPureza<\/h2>\n<ul>\n<li><strong>Depuraci\u00f3n<\/strong><\/li>\n<li><strong>El encuentro con la Gracia<\/strong><\/li>\n<li><strong>Atenci\u00f3n Plena<\/strong><\/li>\n<\/ul>\n<p>El Templo Transparente fomenta la entrada en el coraz\u00f3n, la conexi\u00f3n con el Ser, y conduce a la<strong> introspecci\u00f3n suave<\/strong> y a la uni\u00f3n con el Ser. Ofrece la experiencia de la Conciencia plena, sin dualidad ni interferencia, s\u00f3lo ser. <\/p>\n<p>Crea un espacio mental de<strong> claridad y serenidad.<\/strong><\/p>\n<p><strong>El mantra del Templo Transparente<\/strong><\/p>\n<p><em>\u201cCon cada respiraci\u00f3n, la luz brilla a trav\u00e9s de m\u00ed\u201d.<\/em><\/p>\n<h3><strong>A nivel espiritual:<\/strong><\/h3>\n<ul>\n<li><em><strong>Es la entrega a la Gracia<\/strong><\/em> que permite<strong> un cambio energ\u00e9tico y un salto cu\u00e1ntico<\/strong> a un nuevo nivel vibratorio. Impulsa el proceso de despertar al Renacimiento, iluminando y levantando los velos de la ilusi\u00f3n, iniciando un proceso de <em>purificaci\u00f3n del<\/em> pensamiento.<br \/>\nNos invita a abrir nuestro Coraz\u00f3n Espiritual. <\/li>\n<\/ul>\n<h3><strong>Mentalmente:<\/strong><\/h3>\n<p>Silencia la mente, favoreciendo la transici\u00f3n a las ondas theta y delta, <strong><em>calma a las personas hiperactivas o ansiosas,<\/em><\/strong> y ayuda en tiempos de cambio, sacando orden del caos y calma interior, acentuando nuestra conexi\u00f3n con nuestra Conciencia Superior.<br \/>\nTe permite acogerte a ti mismo sin juzgarte.<\/p>\n<h3><strong>A nivel emocional:  <\/strong><\/h3>\n<p>El Templo Transparente <strong>crea un refugio y estabiliza<\/strong>, aportando <strong>luz y valor<\/strong> ante las emociones dif\u00edciles.<\/p>\n<ul>\n<li>  Encarna la experiencia del desapego, sumergi\u00e9ndote en un estado de conciencia sin riesgo ni miedo.<\/li>\n<li>  Deconstruye la mente, fomentando la <strong>inocencia y la confianza absoluta,<\/strong> y ofrece un lugar de renovaci\u00f3n para las personas hipersensibles.<\/li>\n<li>  Prepara y calma el paso a la otra vida, ayudando a soltar y a reconocer el camino del alma.<\/li>\n<\/ul>\n<h3><strong>A trav\u00e9s de las generaciones<\/strong><\/h3>\n<ul>\n<li>Revela secretos familiares y cargas ancestrales, invit\u00e1ndonos a ver y liberar v\u00ednculos con el pasado.<strong> Permite el discernimiento en sistemas familiares <\/strong>complejos.<\/li>\n<\/ul>\n<h3><strong>En el plano k\u00e1rmico<\/strong><\/h3>\n<ul>\n<li>Favorece la absoluci\u00f3n k\u00e1rmica, revelando los nudos k\u00e1rmicos y aclarando las situaciones de retorno k\u00e1rmico.<\/li>\n<li>Nos recuerda las Leyes C\u00f3smicas y el libre albedr\u00edo, ayud\u00e1ndonos a tomar decisiones que eviten repetir las heridas del pasado.<\/li>\n<\/ul>\n<h3><strong>F\u00edsicamente<\/strong><\/h3>\n<ul>\n<li>Infunde luz pura, actuando sobre el cerebro y liberando las tensiones corporales.<\/li>\n<\/ul>\n<h3><strong>Nivel celular<\/strong><\/h3>\n<ul>\n<li><strong>Aumenta el cociente de luz,<\/strong> revitalizando las c\u00e9lulas y fortaleciendo el aura y el cuerpo et\u00e9rico, creando un capullo luminoso de protecci\u00f3n.<\/li>\n<\/ul>\n<p><strong>Cuando meditamos regularmente<\/strong> con el peque\u00f1o templo transparente, nuestra <strong>aura se vuelve<\/strong> m\u00e1s brillante y su cociente de luz m\u00e1s denso.<\/p>\n<p><strong>El cuerpo et\u00e9rico en particular, nutrido por m\u00e1s luz, se vuelve m\u00e1s denso y menos sensible a las agresiones.<\/strong><\/p>\n","protected":false},"excerpt":{"rendered":"<p><strong>Un encuentro con la pureza en la plena conciencia de uno mismo.<\/strong><\/p>\n","protected":false},"featured_media":6255,"comment_status":"open","ping_status":"closed","template":"","meta":{"site-sidebar-layout":"default","site-content-layout":"","ast-site-content-layout":"default","site-content-style":"default","site-sidebar-style":"default","ast-global-header-display":"","ast-banner-title-visibility":"","ast-main-header-display":"","ast-hfb-above-header-display":"","ast-hfb-below-header-display":"","ast-hfb-mobile-header-display":"","site-post-title":"","ast-breadcrumbs-content":"","ast-featured-img":"","footer-sml-layout":"","ast-disable-related-posts":"","theme-transparent-header-meta":"default","adv-header-id-meta":"","stick-header-meta":"","header-above-stick-meta":"","header-main-stick-meta":"","header-below-stick-meta":"","astra-migrate-meta-layouts":"default","ast-page-background-enabled":"default","ast-page-background-meta":{"desktop":{"background-color":"var(--ast-global-color-4)","background-image":"","background-repeat":"repeat","background-position":"center center","background-size":"auto","background-attachment":"scroll","background-type":"","background-media":"","overlay-type":"","overlay-color":"","overlay-opacity":"","overlay-gradient":""},"tablet":{"background-color":"","background-image":"","background-repeat":"repeat","background-position":"center center","background-size":"auto","background-attachment":"scroll","background-type":"","background-media":"","overlay-type":"","overlay-color":"","overlay-opacity":"","overlay-gradient":""},"mobile":{"background-color":"","background-image":"","background-repeat":"repeat","background-position":"center center","background-size":"auto","background-attachment":"scroll","background-type":"","background-media":"","overlay-type":"","overlay-color":"","overlay-opacity":"","overlay-gradient":""}},"ast-content-background-meta":{"desktop":{"background-color":"var(--ast-global-color-5)","background-image":"","background-repeat":"repeat","background-position":"center center","background-size":"auto","background-attachment":"scroll","background-type":"","background-media":"","overlay-type":"","overlay-color":"","overlay-opacity":"","overlay-gradient":""},"tablet":{"background-color":"var(--ast-global-color-5)","background-image":"","background-repeat":"repeat","background-position":"center center","background-size":"auto","background-attachment":"scroll","background-type":"","background-media":"","overlay-type":"","overlay-color":"","overlay-opacity":"","overlay-gradient":""},"mobile":{"background-color":"var(--ast-global-color-5)","background-image":"","background-repeat":"repeat","background-position":"center center","background-size":"auto","background-attachment":"scroll","background-type":"","background-media":"","overlay-type":"","overlay-color":"","overlay-opacity":"","overlay-gradient":""}}},"product_brand":[],"product_cat":[123],"product_tag":[],"class_list":{"0":"post-5605","1":"product","2":"type-product","3":"status-publish","4":"has-post-thumbnail","6":"product_cat-los-templos","7":"desktop-align-left","8":"tablet-align-left","9":"mobile-align-left","10":"ast-product-gallery-layout-vertical","11":"ast-magnify-disabled","12":"ast-product-tabs-layout-horizontal","14":"first","15":"instock","16":"taxable","17":"shipping-taxable","18":"purchasable","19":"product-type-simple"},"_links":{"self":[{"href":"https:\/\/coeurcristal.com\/es\/wp-json\/wp\/v2\/product\/5605","targetHints":{"allow":["GET"]}}],"collection":[{"href":"https:\/\/coeurcristal.com\/es\/wp-json\/wp\/v2\/product"}],"about":[{"href":"https:\/\/coeurcristal.com\/es\/wp-json\/wp\/v2\/types\/product"}],"replies":[{"embeddable":true,"href":"https:\/\/coeurcristal.com\/es\/wp-json\/wp\/v2\/comments?post=5605"}],"wp:featuredmedia":[{"embeddable":true,"href":"https:\/\/coeurcristal.com\/es\/wp-json\/wp\/v2\/media\/6255"}],"wp:attachment":[{"href":"https:\/\/coeurcristal.com\/es\/wp-json\/wp\/v2\/media?parent=5605"}],"wp:term":[{"taxonomy":"product_brand","embeddable":true,"href":"https:\/\/coeurcristal.com\/es\/wp-json\/wp\/v2\/product_brand?post=5605"},{"taxonomy":"product_cat","embeddable":true,"href":"https:\/\/coeurcristal.com\/es\/wp-json\/wp\/v2\/product_cat?post=5605"},{"taxonomy":"product_tag","embeddable":true,"href":"https:\/\/coeurcristal.com\/es\/wp-json\/wp\/v2\/product_tag?post=5605"}],"curies":[{"name":"wp","href":"https:\/\/api.w.org\/{rel}","templated":true}]}}