{"id":5601,"date":"2024-10-30T11:25:35","date_gmt":"2024-10-30T11:25:35","guid":{"rendered":"https:\/\/coeurcristal.com\/la-llama-triple\/"},"modified":"2025-05-31T11:21:11","modified_gmt":"2025-05-31T09:21:11","slug":"la-llama-triple","status":"publish","type":"product","link":"https:\/\/coeurcristal.com\/es\/la-llama-triple\/","title":{"rendered":"La Llama Triple"},"content":{"rendered":"<p><strong>La Llama Triple es un cetro<\/strong>, el de Cristo Rey, el Ni\u00f1o Divino, hijo\/hija del Padre\/Madre.<\/p>\n<p>La Llama Azul simboliza la <strong>voluntad divina y la protecci\u00f3n<\/strong>. Est\u00e1 vinculada al Arc\u00e1ngel Miguel y transmite cualidades de <strong>fuerza, valor y claridad mental.<\/strong> <\/p>\n<p>La Llama Rosa encarna el amor <strong>divino, la compasi\u00f3n y la sanaci\u00f3n emocional<\/strong>. Se asocia con el Arc\u00e1ngel Chamuel y abre el coraz\u00f3n al amor incondicional y a la paz interior. <\/p>\n<p>La Llama Dorada representa la sabidur\u00eda divina, la iluminaci\u00f3n, la <strong>creatividad y la prosperidad.<\/strong> Est\u00e1 conectada con el Arc\u00e1ngel Uriel e inspira conocimiento y discernimiento espirituales.<\/p>\n<p>Al liberarnos de recuerdos, toxinas e informaci\u00f3n negativa, la Llama Triple revela nuestra perfecci\u00f3n interior.<\/p>\n<p>Su poderosa luz revela y transmuta nuestras heridas m\u00e1s profundas, ya est\u00e9n inscritas en nuestros chakras, en nuestros cuerpos sutiles o en la memoria celular de nuestro cuerpo.<\/p>\n<p>Tambi\u00e9n es eficaz para limpiar y transformar los lugares donde vivimos, trabajamos y descansamos, y para limpiar minerales, joyas, objetos y nuestras gafas. Utilizado sobre los alimentos y el agua, <strong>borrar\u00e1 cualquier informaci\u00f3n energ\u00e9tica negativa que puedan contener.<\/strong> <\/p>\n<p>Disuelve los \u201cvelos\u201d que limitan el resplandor de nuestra Luz interior, as\u00ed como el de cualquier mineral u objeto tratado. El resultado es inmediatamente visible; por ejemplo, las joyas empiezan a brillar como si se hubieran limpiado f\u00edsicamente. <\/p>\n","protected":false},"excerpt":{"rendered":"<p><strong>Su poderosa luz revela y transmuta nuestras heridas m\u00e1s profundas, ya est\u00e9n inscritas en nuestros chakras, en nuestros cuerpos sutiles o en nuestra memoria celular.<\/strong><\/p>\n","protected":false},"featured_media":7172,"comment_status":"open","ping_status":"closed","template":"","meta":{"site-sidebar-layout":"default","site-content-layout":"","ast-site-content-layout":"default","site-content-style":"default","site-sidebar-style":"default","ast-global-header-display":"","ast-banner-title-visibility":"","ast-main-header-display":"","ast-hfb-above-header-display":"","ast-hfb-below-header-display":"","ast-hfb-mobile-header-display":"","site-post-title":"","ast-breadcrumbs-content":"","ast-featured-img":"","footer-sml-layout":"","ast-disable-related-posts":"","theme-transparent-header-meta":"default","adv-header-id-meta":"","stick-header-meta":"","header-above-stick-meta":"","header-main-stick-meta":"","header-below-stick-meta":"","astra-migrate-meta-layouts":"default","ast-page-background-enabled":"default","ast-page-background-meta":{"desktop":{"background-color":"var(--ast-global-color-4)","background-image":"","background-repeat":"repeat","background-position":"center center","background-size":"auto","background-attachment":"scroll","background-type":"","background-media":"","overlay-type":"","overlay-color":"","overlay-opacity":"","overlay-gradient":""},"tablet":{"background-color":"","background-image":"","background-repeat":"repeat","background-position":"center center","background-size":"auto","background-attachment":"scroll","background-type":"","background-media":"","overlay-type":"","overlay-color":"","overlay-opacity":"","overlay-gradient":""},"mobile":{"background-color":"","background-image":"","background-repeat":"repeat","background-position":"center center","background-size":"auto","background-attachment":"scroll","background-type":"","background-media":"","overlay-type":"","overlay-color":"","overlay-opacity":"","overlay-gradient":""}},"ast-content-background-meta":{"desktop":{"background-color":"var(--ast-global-color-5)","background-image":"","background-repeat":"repeat","background-position":"center center","background-size":"auto","background-attachment":"scroll","background-type":"","background-media":"","overlay-type":"","overlay-color":"","overlay-opacity":"","overlay-gradient":""},"tablet":{"background-color":"var(--ast-global-color-5)","background-image":"","background-repeat":"repeat","background-position":"center center","background-size":"auto","background-attachment":"scroll","background-type":"","background-media":"","overlay-type":"","overlay-color":"","overlay-opacity":"","overlay-gradient":""},"mobile":{"background-color":"var(--ast-global-color-5)","background-image":"","background-repeat":"repeat","background-position":"center center","background-size":"auto","background-attachment":"scroll","background-type":"","background-media":"","overlay-type":"","overlay-color":"","overlay-opacity":"","overlay-gradient":""}}},"product_brand":[],"product_cat":[119],"product_tag":[],"class_list":{"0":"post-5601","1":"product","2":"type-product","3":"status-publish","4":"has-post-thumbnail","6":"product_cat-herramientas","7":"desktop-align-left","8":"tablet-align-left","9":"mobile-align-left","10":"ast-product-gallery-layout-vertical","11":"ast-magnify-disabled","12":"ast-product-tabs-layout-horizontal","14":"first","15":"instock","16":"taxable","17":"shipping-taxable","18":"purchasable","19":"product-type-simple"},"_links":{"self":[{"href":"https:\/\/coeurcristal.com\/es\/wp-json\/wp\/v2\/product\/5601","targetHints":{"allow":["GET"]}}],"collection":[{"href":"https:\/\/coeurcristal.com\/es\/wp-json\/wp\/v2\/product"}],"about":[{"href":"https:\/\/coeurcristal.com\/es\/wp-json\/wp\/v2\/types\/product"}],"replies":[{"embeddable":true,"href":"https:\/\/coeurcristal.com\/es\/wp-json\/wp\/v2\/comments?post=5601"}],"wp:featuredmedia":[{"embeddable":true,"href":"https:\/\/coeurcristal.com\/es\/wp-json\/wp\/v2\/media\/7172"}],"wp:attachment":[{"href":"https:\/\/coeurcristal.com\/es\/wp-json\/wp\/v2\/media?parent=5601"}],"wp:term":[{"taxonomy":"product_brand","embeddable":true,"href":"https:\/\/coeurcristal.com\/es\/wp-json\/wp\/v2\/product_brand?post=5601"},{"taxonomy":"product_cat","embeddable":true,"href":"https:\/\/coeurcristal.com\/es\/wp-json\/wp\/v2\/product_cat?post=5601"},{"taxonomy":"product_tag","embeddable":true,"href":"https:\/\/coeurcristal.com\/es\/wp-json\/wp\/v2\/product_tag?post=5601"}],"curies":[{"name":"wp","href":"https:\/\/api.w.org\/{rel}","templated":true}]}}