{"id":5599,"date":"2024-11-04T07:53:55","date_gmt":"2024-11-04T06:53:55","guid":{"rendered":"https:\/\/coeurcristal.com\/el-templo-verde\/"},"modified":"2025-05-31T11:21:10","modified_gmt":"2025-05-31T09:21:10","slug":"el-templo-verde","status":"publish","type":"product","link":"https:\/\/coeurcristal.com\/es\/el-templo-verde\/","title":{"rendered":"El Templo Verde"},"content":{"rendered":"<p>El peque\u00f1o templo verde activa el movimiento de crecimiento en nuestro interior, el movimiento de verdad y equilibrio en nuestro interior.<br \/>\nHace surgir un movimiento m\u00e1s claro en nuestro interior<strong>, facilitando el acceso a nuestro coraz\u00f3n<\/strong>, d\u00e1ndonos un mejor sentido de lo que es correcto para nosotros.<br \/>\nEl peque\u00f1o templo verde activa un proceso de ajuste en nuestro ser.<\/p>\n<h4>El mantra del Templo Verde :<\/h4>\n<h4>\u201cYo soy la vida que acoges en tu interior\u201d.<\/h4>\n<p>&nbsp;<\/p>\n<p>Invita y <strong>estimula en nosotros el pulso de la vida, el movimiento de la vida.<\/strong><\/p>\n<p>Act\u00faa sobre nosotros como el principio activo de la fotos\u00edntesis en las plantas; su energ\u00eda, su frecuencia, su luz penetran en el coraz\u00f3n humano, activ\u00e1ndolo, invitando a la vida, permitiendo el movimiento de la vida, y posibilitando as\u00ed un movimiento de crecimiento.<\/p>\n<p>Activa <strong>el movimiento de la verdad y el equilibrio en nuestro interior: <\/strong>Facilita el acceso a nuestro coraz\u00f3n, d\u00e1ndonos un mejor sentido de lo que es <strong>correcto <\/strong>para nosotros.<\/p>\n<p>Si escuchamos este sentimiento y lo tenemos en cuenta, la exactitud y la verdad reveladas en nosotros mismos nos devolver\u00e1n entonces al equilibrio.<\/p>\n<p>Este movimiento hacia la justicia, la equidad y la verdad repercutir\u00e1 en nuestras relaciones.<\/p>\n<p><strong>Nuestros l\u00edmites ser\u00e1n m\u00e1s claros, y tambi\u00e9n tendremos un acceso m\u00e1s directo a lo que ocurre en nuestras relaciones.<\/strong><\/p>\n<p>Se revelar\u00e1 el teatro de nuestras relaciones. Se revelar\u00e1n los sistemas. <\/p>\n<p>Las memorias colectivas, los egregores y los condicionamientos familiares aparecer\u00e1n con mayor claridad.<\/p>\n<p>Veremos la red y veremos los lugares en los que seguimos atrapados en ella.<\/p>\n<p><strong>Esta visi\u00f3n m\u00e1s clara<\/strong> nos permitir\u00e1 ser m\u00e1s sinceros y aut\u00e9nticos con nosotros mismos y con los dem\u00e1s.<\/p>\n<p><strong>Nos permitir\u00e1 liberar los cordones que ya no sean necesarios.<\/strong><\/p>\n<p>El templo verde nos mostrar\u00e1 lo que nos conviene. Equilibrio . <\/p>\n<p>Lo que es bueno para nuestros corazones .<\/p>\n<p>Es este trabajo de liberaci\u00f3n el que nos pondr\u00e1 en contacto con nuestra DIRECCI\u00d3N, nuestro camino, nuestra Senda y guiar\u00e1 nuestra acci\u00f3n, permiti\u00e9ndole encontrar su fuente en nuestra verdad interior.<\/p>\n<p>Anima al ser humano a hacer la transici\u00f3n (o el retorno) del modelo tridimensional (personalidad\/l\u00edmites) al modelo multidimensional original, insuflando nueva vida al poder del coraz\u00f3n como verdadera fuerza motriz de la evoluci\u00f3n y expansi\u00f3n de la humanidad.<\/p>\n<p>Nos recuerda de d\u00f3nde venimos, como frutos del amor del Creador.<\/p>\n<p>Y nos recuerda hacia d\u00f3nde vamos, mostr\u00e1ndonos la \u00fanica salida del callej\u00f3n sin salida que es posible para la humanidad actual: <strong>el camino del coraz\u00f3n.<\/strong><\/p>\n<p>La Esmeralda del coraz\u00f3n, no hay otro camino.<\/p>\n<p>Es un catalizador para nuestro coraz\u00f3n, que le recuerda sus capacidades.<\/p>\n<p>Nos aleja de la resistencia, de las dualidades de la mente, hacia un espacio en el que la energ\u00eda de la vida y del amor es nuestra \u00fanica gu\u00eda, nuestra verdad, nuestro camino, nuestra senda.<\/p>\n<p><strong>ES EL JARD\u00cdN DEL ED\u00c9N REDESCUBIERTO<\/strong><\/p>\n<h4>A nivel espiritual :<\/h4>\n<p>Nos invita a poner el coraz\u00f3n en el centro de nuestro camino espiritual. Nuestro coraz\u00f3n se convierte en el centro, el centro de la cruz de Cristo se convierte en nuestra gu\u00eda. <\/p>\n<p>Ya no colocamos nuestra espiritualidad en lo alto, ni en lo bajo, la colocamos en nuestro centro, en nuestro coraz\u00f3n.<\/p>\n<p>Ah\u00ed es donde surge la luz, ah\u00ed es donde surge el amor, ah\u00ed es donde surge la vida.<\/p>\n<p>Es un maestro espiritual muy poderoso, que ense\u00f1ar\u00e1 una espiritualidad viva y encarnada, alejada de la b\u00fasqueda del conocimiento, alejada de la b\u00fasqueda m\u00edstica.<\/p>\n<p>Vuelve a poner el amor en el centro de la materia.<\/p>\n<h4>Mental :<\/h4>\n<p>Nos revelar\u00e1 las abstracciones de la mente inferior y sus sinsentidos. Nos ense\u00f1ar\u00e1 a poner la mente al servicio del coraz\u00f3n. <\/p>\n<p>En ese momento, todo nuestro sistema est\u00e1 en sinton\u00eda con los grandes principios rectores del Universo, el orden divino y el movimiento de la vida.<\/p>\n<p>Nos liberar\u00e1 de las limitaciones de la mente inferior, haciendo que el acceso entre la Mente Superior y el Coraz\u00f3n sea m\u00e1s fluido.<\/p>\n<p>&nbsp;<\/p>\n<h4>Emocionalmente:<\/h4>\n<p>&nbsp;<\/p>\n<p><strong>Nos va a ense\u00f1ar, a trav\u00e9s de sus frecuencias, c\u00f3mo toda experiencia puede escucharse y comprenderse con los ojos del coraz\u00f3n.<\/strong><\/p>\n<p>La experiencia es perfectamente exacta y est\u00e1 llena de lecciones que aprender.<\/p>\n<p>A medida que nuestra visi\u00f3n se sintoniza con las frecuencias de nuestra verdadera esencia, todas las cargas emocionales tienen la oportunidad de ser transmutadas.<\/p>\n<p>Nos ense\u00f1a a transmutar instant\u00e1neamente la experiencia que sentimos como negativa (la manifestaci\u00f3n de nuestros miedos).<\/p>\n<p><strong>De este modo, nos ense\u00f1a la ligereza de coraz\u00f3n.<\/strong><\/p>\n<p>Las cargas emocionales pueden liberarse gradualmente.<\/p>\n<p><strong>Las emociones pueden convertirse entonces en un medio de expresi\u00f3n y de transici\u00f3n. Un camino hacia la elevaci\u00f3n. <\/strong><\/p>\n<p>Una fuente de apoyo .<\/p>\n<h4>Transgeneracional :<\/h4>\n<p>&nbsp;<\/p>\n<p>Liberar\u00e1 profundos engramas emocionales transgeneracionales:<\/p>\n<p>En contacto con el Templo Verde, cuando nuestro ser lo invoca y cuando depositamos nuestra conciencia en su presencia ben\u00e9vola:<\/p>\n<p>Las cargas y el equipaje contenidos en nuestros linajes pueden transitar hacia nuestro coraz\u00f3n, para ser iluminados con la conciencia de \u00e9ste, y ser liberados.<\/p>\n<p>Favorece el tr\u00e1nsito de las cargas transgeneracionales hacia nuestro coraz\u00f3n, para su transmutaci\u00f3n.<\/p>\n<p>En cada generaci\u00f3n, se nos invita a reconocer nuestro linaje, a honrar sus dones, a honrar la vida que nos han transmitido nuestros antepasados, pero tambi\u00e9n se nos invita, y se reza por ello, a reparar parte del bagaje que ellos no pudieron eliminar.<\/p>\n<p><strong>El Templo Verde es un instrumento magn\u00edfico para acompa\u00f1ar todas las terapias transgeneracionales,<\/strong> las terapias infantiles, los duelos y los recuerdos que no est\u00e1n en armon\u00eda con la vida.<\/p>\n<p>Podemos pedirle que active en nosotros tal flujo de energ\u00eda de vida y amor, que nada que no est\u00e9 en armon\u00eda con la vida pueda permanecer en nosotros o a nuestro alrededor.<\/p>\n<p>Nos permite invitar a la vida a todas las dimensiones de nuestro ser, incluida la dimensi\u00f3n transgeneracional.<\/p>\n<p>\u00a1Nuestros antepasados s\u00f3lo pueden estarle agradecidos!<\/p>\n<h4>En el plano k\u00e1rmico :<\/h4>\n<p>Podemos activarlo como \u201cLiberador K\u00e1rmico\u201d.<\/p>\n<p>Centrando nuestra atenci\u00f3n en las l\u00edneas del tiempo, pidi\u00e9ndole que trabaje en la curaci\u00f3n de todos los choques que han afectado a nuestra integridad, o alterado el flujo de la vida en nuestro interior.<\/p>\n<p><strong>Sus frecuencias atravesar\u00e1n entonces el espacio-tiempo y, como un reloj k\u00e1rmico, nos ayudar\u00e1 a rearmonizar las frecuencias en las l\u00edneas temporales.<\/strong><\/p>\n<p>Cuando los choques y traumas se liberan en nuestras l\u00edneas temporales, ya no necesitamos experimentarlos hoy para liberarlos.<\/p>\n<p><strong>Con el templo verde, enviamos el amor, la energ\u00eda de la vida y la fluidez a todos los espacios y tiempos de nuestro ser.<\/strong><\/p>\n<h4>F\u00edsico :<\/h4>\n<p>Aliviar\u00e1 las ansiedades:<\/p>\n<p>En nuestro campo colectivo de conciencia, las frecuencias del verde nos conectan con el espacio que hay dentro y fuera de nosotros (la Naturaleza).<\/p>\n<p>Este espacio redescubierto, que ya est\u00e1 dentro de nosotros, nos permite liberar tensiones y dualidades interiores, y nos permite avanzar hacia la paz.<\/p>\n<p>Estas frecuencias verde esmeralda activan el centro del coraz\u00f3n, despert\u00e1ndolo para que pueda funcionar m\u00e1s f\u00e1cilmente y transmutar las cargas que pesan sobre nuestros cuerpos emocional, mental y f\u00edsico.<\/p>\n<p>De este modo, el templo verde <strong>ayudar\u00e1 a crear m\u00e1s espacio, m\u00e1s fluidez y m\u00e1s equilibrio en la circulaci\u00f3n de la energ\u00eda dentro de nuestros cuerpos sutiles y nuestro cuerpo f\u00edsico.<\/strong><\/p>\n<p><strong>Es como un faro para el inconsciente. Todo est\u00e1 ah\u00ed <\/strong><\/p>\n<p><strong>Todo est\u00e1 dentro de nosotros.<\/strong><\/p>\n<p>La vida circula<\/p>\n<p>Con ella, el amor fluye, es tranquilizador.<\/p>\n<h4>A nivel celular:<\/h4>\n<p>El templo verde aporta m\u00e1s espacio al interior de nuestras c\u00e9lulas. Se sincroniza especialmente bien con nuestras c\u00e9lulas. <\/p>\n<p><strong>Al igual que nuestras c\u00e9lulas, es un vector de crecimiento, por lo que la inteligencia del cuerpo reconoce estas frecuencias de crecimiento y nuestras c\u00e9lulas se sincronizan felizmente con ellas.<\/strong><\/p>\n<p>Tambi\u00e9n es un veh\u00edculo de transmutaci\u00f3n e intercambio.<\/p>\n<p>Tambi\u00e9n en este caso, nuestras c\u00e9lulas reconocen estos atributos y se sincronizan m\u00e1s f\u00e1cilmente con estas frecuencias de transmutaci\u00f3n e intercambio.<\/p>\n<p>Lleva informaci\u00f3n vital a nuestras c\u00e9lulas.<\/p>\n<p>Favorece la oxigenaci\u00f3n celular, los intercambios y la fluidez en lo infinitamente peque\u00f1o.<\/p>\n","protected":false},"excerpt":{"rendered":"<p>El movimiento, el crecimiento y la fluidez de la vida.<\/p>\n","protected":false},"featured_media":6228,"comment_status":"open","ping_status":"closed","template":"","meta":{"site-sidebar-layout":"default","site-content-layout":"","ast-site-content-layout":"default","site-content-style":"default","site-sidebar-style":"default","ast-global-header-display":"","ast-banner-title-visibility":"","ast-main-header-display":"","ast-hfb-above-header-display":"","ast-hfb-below-header-display":"","ast-hfb-mobile-header-display":"","site-post-title":"","ast-breadcrumbs-content":"","ast-featured-img":"","footer-sml-layout":"","ast-disable-related-posts":"","theme-transparent-header-meta":"default","adv-header-id-meta":"","stick-header-meta":"","header-above-stick-meta":"","header-main-stick-meta":"","header-below-stick-meta":"","astra-migrate-meta-layouts":"default","ast-page-background-enabled":"default","ast-page-background-meta":{"desktop":{"background-color":"var(--ast-global-color-4)","background-image":"","background-repeat":"repeat","background-position":"center center","background-size":"auto","background-attachment":"scroll","background-type":"","background-media":"","overlay-type":"","overlay-color":"","overlay-opacity":"","overlay-gradient":""},"tablet":{"background-color":"","background-image":"","background-repeat":"repeat","background-position":"center center","background-size":"auto","background-attachment":"scroll","background-type":"","background-media":"","overlay-type":"","overlay-color":"","overlay-opacity":"","overlay-gradient":""},"mobile":{"background-color":"","background-image":"","background-repeat":"repeat","background-position":"center center","background-size":"auto","background-attachment":"scroll","background-type":"","background-media":"","overlay-type":"","overlay-color":"","overlay-opacity":"","overlay-gradient":""}},"ast-content-background-meta":{"desktop":{"background-color":"var(--ast-global-color-5)","background-image":"","background-repeat":"repeat","background-position":"center center","background-size":"auto","background-attachment":"scroll","background-type":"","background-media":"","overlay-type":"","overlay-color":"","overlay-opacity":"","overlay-gradient":""},"tablet":{"background-color":"var(--ast-global-color-5)","background-image":"","background-repeat":"repeat","background-position":"center center","background-size":"auto","background-attachment":"scroll","background-type":"","background-media":"","overlay-type":"","overlay-color":"","overlay-opacity":"","overlay-gradient":""},"mobile":{"background-color":"var(--ast-global-color-5)","background-image":"","background-repeat":"repeat","background-position":"center center","background-size":"auto","background-attachment":"scroll","background-type":"","background-media":"","overlay-type":"","overlay-color":"","overlay-opacity":"","overlay-gradient":""}}},"product_brand":[],"product_cat":[123],"product_tag":[],"class_list":{"0":"post-5599","1":"product","2":"type-product","3":"status-publish","4":"has-post-thumbnail","6":"product_cat-los-templos","7":"desktop-align-left","8":"tablet-align-left","9":"mobile-align-left","10":"ast-product-gallery-layout-vertical","11":"ast-product-gallery-with-no-image","12":"ast-magnify-disabled","13":"ast-product-tabs-layout-horizontal","15":"first","16":"instock","17":"taxable","18":"shipping-taxable","19":"purchasable","20":"product-type-simple"},"_links":{"self":[{"href":"https:\/\/coeurcristal.com\/es\/wp-json\/wp\/v2\/product\/5599","targetHints":{"allow":["GET"]}}],"collection":[{"href":"https:\/\/coeurcristal.com\/es\/wp-json\/wp\/v2\/product"}],"about":[{"href":"https:\/\/coeurcristal.com\/es\/wp-json\/wp\/v2\/types\/product"}],"replies":[{"embeddable":true,"href":"https:\/\/coeurcristal.com\/es\/wp-json\/wp\/v2\/comments?post=5599"}],"wp:featuredmedia":[{"embeddable":true,"href":"https:\/\/coeurcristal.com\/es\/wp-json\/wp\/v2\/media\/6228"}],"wp:attachment":[{"href":"https:\/\/coeurcristal.com\/es\/wp-json\/wp\/v2\/media?parent=5599"}],"wp:term":[{"taxonomy":"product_brand","embeddable":true,"href":"https:\/\/coeurcristal.com\/es\/wp-json\/wp\/v2\/product_brand?post=5599"},{"taxonomy":"product_cat","embeddable":true,"href":"https:\/\/coeurcristal.com\/es\/wp-json\/wp\/v2\/product_cat?post=5599"},{"taxonomy":"product_tag","embeddable":true,"href":"https:\/\/coeurcristal.com\/es\/wp-json\/wp\/v2\/product_tag?post=5599"}],"curies":[{"name":"wp","href":"https:\/\/api.w.org\/{rel}","templated":true}]}}