{"id":5598,"date":"2024-11-12T16:46:02","date_gmt":"2024-11-12T15:46:02","guid":{"rendered":"https:\/\/coeurcristal.com\/el-templo-rosa-y-verde\/"},"modified":"2024-11-12T16:46:02","modified_gmt":"2024-11-12T15:46:02","slug":"el-templo-rosa-y-verde","status":"publish","type":"product","link":"https:\/\/coeurcristal.com\/es\/el-templo-rosa-y-verde\/","title":{"rendered":"El Templo Rosa y Verde"},"content":{"rendered":"<p>El Templo Rosa y Verde es el m\u00e1s suave, el m\u00e1s tierno de los templos&#8230; es el que susurra a nuestros corazones que todo est\u00e1 ah\u00ed, que todo ir\u00e1 bien, que estamos a salvo, que somos capaces y que somos&#8230; tan amados.<\/p>\n<p><strong>El mantra del Templo Verde y Rosa :<\/strong><\/p>\n<p><strong>\u00abYo soy el Amor Original<\/strong><\/p>\n<p><strong>Es :<\/strong><\/p>\n<ul>\n<li><strong>La renovaci\u00f3n del amor<\/strong><\/li>\n<li>Un nuevo soplo de vida<\/li>\n<li>La esperanza<\/li>\n<li>L&#8217;Emergeance<\/li>\n<li>Nuevas Fuerzas<\/li>\n<li>Nuevas energ\u00edas<\/li>\n<li>La pureza del Amor Original<\/li>\n<li>B\u00e1lsamo del coraz\u00f3n<\/li>\n<li><strong>Dejar ir<\/strong><\/li>\n<li>La disoluci\u00f3n de muros y corazas<\/li>\n<li>La luz al final del t\u00fanel<\/li>\n<li>Una llave para la libertad<\/li>\n<li><strong>Una alineaci\u00f3n de todo nuestro ser, con nuestro coraz\u00f3n<\/strong><\/li>\n<\/ul>\n<h3><strong>A nivel espiritual<\/strong><\/h3>\n<p>El templo verde y rosa te permite experimentar la espiritualidad de forma encarnada y gozosa.<\/p>\n<p>Nos inspira a abrazar una espiritualidad m\u00e1s ligera, libre de desaf\u00edos k\u00e1rmicos y de visiones demasiado m\u00edsticas y desarraigadas, donde el amor sea la gu\u00eda, donde el coraz\u00f3n sea el verdadero Maestro Espiritual.<\/p>\n<h3><strong>Salud mental<\/strong><\/h3>\n<p>Ayuda a disolver patrones de pensamiento que ya no sirven a nuestra evoluci\u00f3n, as\u00ed como creencias que no est\u00e1n en armon\u00eda con la energ\u00eda de la vida, la energ\u00eda del amor.<\/p>\n<p><strong>Nos muestra que el amor est\u00e1 en todas partes<\/strong>, incluso en lo que creemos injusto o en lo que pensamos que no es amor.<\/p>\n<p>Nos permite sentir m\u00e1s f\u00e1cilmente c\u00f3mo el Amor de lo Alto ordena cada acontecimiento en el tablero de ajedrez de nuestra vida, para que sirva al <strong>Plan Divino <\/strong>. Nos invita a una perspectiva superior, no dual.<\/p>\n<h3><strong>Emocionalmente  <\/strong><\/h3>\n<p>Purifica y transmuta.<\/p>\n<p><strong>Libera recuerdos de choques y traumas relacionados con el amor.<\/strong><\/p>\n<p>Aporta fe, esperanza y confianza en el camino.<\/p>\n<p><strong>Da la posibilidad de madurez emocional al pasar del amor emocional al Amor.<\/strong><\/p>\n<p>El templo verde y rosa nos ense\u00f1a a amar de verdad.<\/p>\n<h3><strong>A trav\u00e9s de las generaciones  <\/strong><\/h3>\n<p>Es ideal para el trabajo personal en constelaci\u00f3n sist\u00e9mica o familiar.<\/p>\n<p><strong>Aporta entonces la posibilidad de liberar los nudos transgeneracionales en torno al no-amor;<\/strong><\/p>\n<p>Nos invita a liberarnos de los v\u00ednculos amorosos distorsionados del pasado.<\/p>\n<p>Entonces se le pedir\u00e1: \u201cque devuelva la energ\u00eda de la vida y del amor a todos los espacios que llevan la huella del no-amor, en todos los planos de nuestro ser, en todos nuestros linajes\u201d.<\/p>\n<p>Podemos estar seguros de que nuestros gu\u00edas estar\u00e1n cerca para ayudar en el trabajo.<\/p>\n<p>Es como un pilar, un soporte de frecuencias, para esta magn\u00edfica obra de liberaci\u00f3n.<\/p>\n<h3><strong>En el plano k\u00e1rmico :<\/strong><\/h3>\n<p><strong>Ayuda a liberar ciertos desaf\u00edos k\u00e1rmicos<\/strong>, como recuerdos de persecuciones, inquisiciones, abusos de poder, recuerdos de ciertos traumas.<\/p>\n<p>Como las masacres y la caza de brujas, o todas las formas de castigo ordenadas por los poderes espirituales.<\/p>\n<p>Una vez disuelto este miasma k\u00e1rmico, nos muestra las nuevas posibilidades que se abren ante nosotros: como vivir una espiritualidad totalmente sana y plenamente encarnada, <strong>enraizada en el coraz\u00f3n espiritual.<\/strong><\/p>\n<p>Al hacerlo, libera todo nuestro potencial, que estaba encerrado por esas semillas k\u00e1rmicas.<\/p>\n<h3><strong>F\u00edsico :<\/strong><\/h3>\n<p><strong>Invitar\u00e1 al amor a circular en nuestro interior y aliviar\u00e1 as\u00ed al cuerpo de sus tensiones.<\/strong><\/p>\n<p>Consolar\u00e1 al cuerpo de las heridas emocionales almacenadas.<\/p>\n<p>Puede calmar un sistema nervioso debilitado. Ayudar\u00e1 a los ni\u00f1os peque\u00f1os manteniendo una energ\u00eda cercana a <strong>la energ\u00eda original del amor<\/strong> que a\u00fan recuerdan. <\/p>\n<p>Ayudar\u00e1 a los ni\u00f1os hiperactivos proporcion\u00e1ndoles energ\u00eda calmante.<strong> <\/strong><\/p>\n<p>Ayudar\u00e1 a los emp\u00e1ticos y a las personas electrosensibles, aliviando las tensiones y cargas sentidas,<strong> purificando<\/strong> y transmutando.<\/p>\n","protected":false},"excerpt":{"rendered":"<p><strong>Una invitaci\u00f3n a una nueva perspectiva de nuestra comprensi\u00f3n y experiencia del amor.<\/strong><\/p>\n","protected":false},"featured_media":6245,"comment_status":"open","ping_status":"closed","template":"","meta":{"site-sidebar-layout":"default","site-content-layout":"","ast-site-content-layout":"default","site-content-style":"default","site-sidebar-style":"default","ast-global-header-display":"","ast-banner-title-visibility":"","ast-main-header-display":"","ast-hfb-above-header-display":"","ast-hfb-below-header-display":"","ast-hfb-mobile-header-display":"","site-post-title":"","ast-breadcrumbs-content":"","ast-featured-img":"","footer-sml-layout":"","ast-disable-related-posts":"","theme-transparent-header-meta":"default","adv-header-id-meta":"","stick-header-meta":"","header-above-stick-meta":"","header-main-stick-meta":"","header-below-stick-meta":"","astra-migrate-meta-layouts":"default","ast-page-background-enabled":"default","ast-page-background-meta":{"desktop":{"background-color":"var(--ast-global-color-4)","background-image":"","background-repeat":"repeat","background-position":"center center","background-size":"auto","background-attachment":"scroll","background-type":"","background-media":"","overlay-type":"","overlay-color":"","overlay-opacity":"","overlay-gradient":""},"tablet":{"background-color":"","background-image":"","background-repeat":"repeat","background-position":"center center","background-size":"auto","background-attachment":"scroll","background-type":"","background-media":"","overlay-type":"","overlay-color":"","overlay-opacity":"","overlay-gradient":""},"mobile":{"background-color":"","background-image":"","background-repeat":"repeat","background-position":"center center","background-size":"auto","background-attachment":"scroll","background-type":"","background-media":"","overlay-type":"","overlay-color":"","overlay-opacity":"","overlay-gradient":""}},"ast-content-background-meta":{"desktop":{"background-color":"var(--ast-global-color-5)","background-image":"","background-repeat":"repeat","background-position":"center center","background-size":"auto","background-attachment":"scroll","background-type":"","background-media":"","overlay-type":"","overlay-color":"","overlay-opacity":"","overlay-gradient":""},"tablet":{"background-color":"var(--ast-global-color-5)","background-image":"","background-repeat":"repeat","background-position":"center center","background-size":"auto","background-attachment":"scroll","background-type":"","background-media":"","overlay-type":"","overlay-color":"","overlay-opacity":"","overlay-gradient":""},"mobile":{"background-color":"var(--ast-global-color-5)","background-image":"","background-repeat":"repeat","background-position":"center center","background-size":"auto","background-attachment":"scroll","background-type":"","background-media":"","overlay-type":"","overlay-color":"","overlay-opacity":"","overlay-gradient":""}}},"product_brand":[],"product_cat":[123],"product_tag":[],"class_list":{"0":"post-5598","1":"product","2":"type-product","3":"status-publish","4":"has-post-thumbnail","6":"product_cat-los-templos","7":"desktop-align-left","8":"tablet-align-left","9":"mobile-align-left","10":"ast-product-gallery-layout-vertical","11":"ast-product-gallery-with-no-image","12":"ast-magnify-disabled","13":"ast-product-tabs-layout-horizontal","15":"first","16":"instock","17":"taxable","18":"shipping-taxable","19":"purchasable","20":"product-type-simple"},"_links":{"self":[{"href":"https:\/\/coeurcristal.com\/es\/wp-json\/wp\/v2\/product\/5598","targetHints":{"allow":["GET"]}}],"collection":[{"href":"https:\/\/coeurcristal.com\/es\/wp-json\/wp\/v2\/product"}],"about":[{"href":"https:\/\/coeurcristal.com\/es\/wp-json\/wp\/v2\/types\/product"}],"replies":[{"embeddable":true,"href":"https:\/\/coeurcristal.com\/es\/wp-json\/wp\/v2\/comments?post=5598"}],"wp:featuredmedia":[{"embeddable":true,"href":"https:\/\/coeurcristal.com\/es\/wp-json\/wp\/v2\/media\/6245"}],"wp:attachment":[{"href":"https:\/\/coeurcristal.com\/es\/wp-json\/wp\/v2\/media?parent=5598"}],"wp:term":[{"taxonomy":"product_brand","embeddable":true,"href":"https:\/\/coeurcristal.com\/es\/wp-json\/wp\/v2\/product_brand?post=5598"},{"taxonomy":"product_cat","embeddable":true,"href":"https:\/\/coeurcristal.com\/es\/wp-json\/wp\/v2\/product_cat?post=5598"},{"taxonomy":"product_tag","embeddable":true,"href":"https:\/\/coeurcristal.com\/es\/wp-json\/wp\/v2\/product_tag?post=5598"}],"curies":[{"name":"wp","href":"https:\/\/api.w.org\/{rel}","templated":true}]}}