{"id":5597,"date":"2025-02-17T09:24:36","date_gmt":"2025-02-17T08:24:36","guid":{"rendered":"https:\/\/coeurcristal.com\/el-templo-iridiscente\/"},"modified":"2025-05-31T11:21:08","modified_gmt":"2025-05-31T09:21:08","slug":"el-templo-iridiscente","status":"publish","type":"product","link":"https:\/\/coeurcristal.com\/es\/el-templo-iridiscente\/","title":{"rendered":"El Templo Iridiscente"},"content":{"rendered":"<h2>El Templo Iridiscente<\/h2>\n<p>Es un puente hacia lo Divino<br \/>\n\u00c9l es el huevo c\u00f3smico que contiene los secretos de lo Divino<br \/>\n<strong>El Templo Iris\u00e9 puede contribuir a:<\/strong><br \/>\nFomentar el despertar espiritual de la humanidad, y el advenimiento del nuevo humano, as\u00ed como su importancia para los ni\u00f1os en este proceso.<br \/>\n<strong>Nos permite ver lo divino en todo.<\/strong><br \/>\nUna invitaci\u00f3n a ver con los ojos de Dios, a trav\u00e9s de los ojos de Dios.<br \/>\nPuede ser una invitaci\u00f3n a llevar lo divino a la materia, a la vida cotidiana, a nuestro ser y a nuestras relaciones, nuestras creaciones y nuestros proyectos.<\/p>\n<p>Nos permite ver en la profundidad de las cosas, m\u00e1s all\u00e1 de la materia, m\u00e1s all\u00e1 de los distintos planos.<\/p>\n<p>Nos invita a percibir la esencia de lo que est\u00e1 ah\u00ed, delante de nosotros.<br \/>\n<strong>Para ver la Quintaesencia.<\/strong><br \/>\nS\u00f3lo Dios puede ver realmente todo lo que hay en su interior.<\/p>\n<p>Este templo es como el iris de Dios:<br \/>\n<strong>\u00abEs el puente que nos conduce al interior de nosotros mismos.<\/strong><\/p>\n<p>Revela lo oculto, lo vivo, lo bello y lo esencial para la continuidad de la vida.<\/p>\n<p>Activa los sentidos y las percepciones claras, permiti\u00e9ndonos ver\/comprender lo que no podemos ver, lo que est\u00e1 en otros planos de conciencia, en otras dimensiones o lo que est\u00e1 oculto.<\/p>\n<p>Da acceso a una comprensi\u00f3n profunda de los reinos y del Principio de la Vida, mostr\u00e1ndonos lo que es f\u00e9rtil y lo que no lo es.<\/p>\n<p>Armoniza el Timo.<\/p>\n<p>Es :<\/p>\n<p><strong>Elevaci\u00f3n.<br \/>\n<\/strong><strong>La Quintaesencia del Ser.<br \/>\n<\/strong><strong>La Pureza del Coraz\u00f3n.<br \/>\n<\/strong>El despertar de la belleza interior.<br \/>\nEl \u00c1ngel de la Tierra.<br \/>\nEl Mundo Ang\u00e9lico.<br \/>\nEl Cuerpo Arco Iris.<br \/>\nLa Sublimaci\u00f3n de la Materia.<br \/>\n<strong>La Manifestaci\u00f3n de lo Divino en la Tierra.<\/strong><br \/>\nLa Sutileza, el Refinamiento.<br \/>\nLos Principios Divinos Padre-Madre, en su nivel m\u00e1s elevado.<br \/>\nEl Principio Vital, la Matriz F\u00e9rtil, en todos los niveles.<br \/>\nLa Creaci\u00f3n Art\u00edstica y la Belleza, el artista que hay en nosotros.<\/p>\n<p><em><strong>El mensaje de lo divino a trav\u00e9s del Templo Iris\u00e9 :<\/strong><\/em><\/p>\n<p><strong>\u201cEres sublime, eres hija de la Gracia\u201d.<\/strong><\/p>\n<h3>El Templo Iridiscente En el plano espiritual :<\/h3>\n<p>&nbsp;<\/p>\n<p><strong>Ayuda a las personas que construyen puentes entre el mundo espiritual y el nuestro<\/strong>.<\/p>\n<p>Cristo Redentor se encuentra con la Divina Femenina.<\/p>\n<p>Es la Uni\u00f3n Espiritual dentro de uno mismo.<\/p>\n<p>Es el \u201cMani\u201d, del mantra \u201cOm Mani Padme Om\u201d, el diamante tallado y completado dentro del Ser.<strong> <\/strong><\/p>\n<p>El secreto del Universo reside en nuestro interior, y este templo de cristal nos ayuda a establecer un v\u00ednculo con los aspectos m\u00e1s profundos de nosotros mismos, con esa chispa divina.<\/p>\n<p><strong>Ayuda a proteger a los ni\u00f1os y a apoyar su desarrollo. <\/strong><strong>Un aut\u00e9ntico desarrollo espiritual, que les dar\u00e1 el poder y la conciencia de estar unidos con todo.<\/strong><\/p>\n<h3>El Templo del Iris En el plano mental :<\/h3>\n<p>&nbsp;<\/p>\n<p>El templo iridiscente nos permite tomar conciencia de lo que tenemos que decir, desde el lado sensible de nuestro ser.<br \/>\n<strong>Ayuda a liberar sentimientos que necesitan ser expresados.<\/strong><br \/>\nInvita a la comunicaci\u00f3n desde esa parte delicada y sensible de nuestro ser, la comunicaci\u00f3n desde el coraz\u00f3n.<br \/>\nPuede liberar creencias fijas y devolver el movimiento a patrones de pensamiento antiguos y obsoletos.<\/p>\n<h3>El templo iridiscente en el plano emocional :<\/h3>\n<p>Libera densidad y cargas emocionales.<br \/>\nLimpia los chakras, permiti\u00e9ndoles trabajar m\u00e1s eficazmente en nuestro equilibrio y conciencia.<br \/>\nEs el arco iris que une y armoniza los opuestos:<\/p>\n<p><strong>Ayuda a acoger polaridades equilibradas y complementarias, respetando <\/strong><strong>de cada una.<\/strong><\/p>\n<p>Ayuda a los seres en la manifestaci\u00f3n de su elecci\u00f3n de polaridad, e incluso puede ayudarles a aceptar una elecci\u00f3n de homosexualidad, si \u00e9sta permite que se exprese la parte m\u00e1s sensible y aut\u00e9ntica de su ser.<\/p>\n<p><strong>Permite a las mujeres que son demasiado yang hacer las paces con su parte femenina, o a los hombres que son <\/strong><strong>hombres se encuentren con su parte femenina.<\/strong><\/p>\n<p><strong>El templo iridiscente es muy \u00fatil para calmar los choques emocionales profundos.<br \/>\n<\/strong>Utiliza la luz en sus frecuencias m\u00e1s sutiles para transmutar suavemente los choques y permitir que la mente inconsciente retenga s\u00f3lo la parte de la experiencia que sirvi\u00f3 para desplegar la parte sensible del ser.<\/p>\n<h3>El Templo Iridiscente a nivel transgeneracional :<\/h3>\n<p>&nbsp;<\/p>\n<p><strong> <\/strong>Podr\u00eda ayudar a liberar linajes: secretos, cargas relacionadas con la p\u00e9rdida de hijos, suicidios, conmociones no resueltas relacionadas con accidentes o p\u00e9rdidas violentas, o conmociones correspondientes a recuerdos de incesto o violaci\u00f3n.<\/p>\n<p>Podemos confiar a su prisma iridiscente, la transmutaci\u00f3n en los diferentes planos de nuestro ser, de estos recuerdos familiares y de la culpabilidad ligada a ellos.<\/p>\n<h2>El Templo Iridiscente en el plano k\u00e1rmico :<\/h2>\n<p><strong><em> <\/em><\/strong>Puede recordarnos conexiones ang\u00e9licas si las hemos cultivado en otras vidas, o incluso traernos recuerdos lejanos de estados de gracia que ya hemos experimentado con lo divino, en meditaci\u00f3n u oraci\u00f3n.<\/p>\n<p>Esto nos permite redescubrir el camino hacia lo divino dentro de nosotros mismos.<\/p>\n<h2>El templo iridiscente En el plano multidimensional :<\/h2>\n<p>Puede reconectarnos con nuestra familia gal\u00e1ctica, o con t\u00e9cnicas de gu\u00eda cu\u00e1ntica.<\/p>\n<p>La luz iridiscente por s\u00ed sola es tecnolog\u00eda de luz gal\u00e1ctica.<\/p>\n<h3>El templo iridiscente en el plano f\u00edsico :<\/h3>\n<p>Ayuda a purificar las formas de pensamiento que generan emociones pesadas, que podr\u00edan manifestarse en forma de enfermedad en el cuerpo f\u00edsico.<br \/>\nEntonces invitar\u00e1 a los humanos est\u00e9riles a desarrollar su potencial creativo, ya sea dando a luz o desarrollando una creaci\u00f3n art\u00edstica o tecnol\u00f3gica \u00fatil para la humanidad.<\/p>\n<p>Nos coloca en una burbuja de luz, y puede ayudarnos a pasar desapercibidos o a hacernos \u201cinvisibles\u201d cuando es mejor no llamar la atenci\u00f3n.<\/p>\n<h3>El Templo Iris\u00e9 a nivel colectivo y relacional :<\/h3>\n<p>&nbsp;<\/p>\n<p>Eleva las relaciones.<br \/>\nUne a las personas.<br \/>\nFacilita la interacci\u00f3n.<\/p>\n<p>Es la expresi\u00f3n del amor y la bondad, as\u00ed como de las virtudes, situando as\u00ed las relaciones en c\u00edrculos virtuosos. Tambi\u00e9n tiene que ver con la creatividad y con sacar a la luz la belleza. <\/p>\n<p>Ayuda en los \u201creinicios\u201d de las relaciones, al permitirnos superar los \u201cerrores\u201d del pasado que hayan podido afectar a la relaci\u00f3n.<br \/>\nNos ayuda a superar nuestros sentimientos de pesadez y juicio hacia los dem\u00e1s, y as\u00ed ver a los dem\u00e1s bajo una luz diferente.<br \/>\nAl situarnos en un aura de inocencia, puede protegernos de los celos.<br \/>\n<strong>Fomenta la visi\u00f3n del coraz\u00f3n.<\/strong><br \/>\nNos permite ver con la parte m\u00e1s compasiva de nuestro ser.<br \/>\n<strong>Permite que la magia de lo divino magnifique las relaciones y las interacciones.<\/strong><\/p>\n<p>&nbsp;<\/p>\n","protected":false},"excerpt":{"rendered":"<p>Un puente iridiscente hacia la quintaesencia de nuestro ser<\/p>\n","protected":false},"featured_media":6219,"comment_status":"open","ping_status":"closed","template":"","meta":{"site-sidebar-layout":"default","site-content-layout":"","ast-site-content-layout":"default","site-content-style":"default","site-sidebar-style":"default","ast-global-header-display":"","ast-banner-title-visibility":"","ast-main-header-display":"","ast-hfb-above-header-display":"","ast-hfb-below-header-display":"","ast-hfb-mobile-header-display":"","site-post-title":"","ast-breadcrumbs-content":"","ast-featured-img":"","footer-sml-layout":"","ast-disable-related-posts":"","theme-transparent-header-meta":"default","adv-header-id-meta":"","stick-header-meta":"","header-above-stick-meta":"","header-main-stick-meta":"","header-below-stick-meta":"","astra-migrate-meta-layouts":"default","ast-page-background-enabled":"default","ast-page-background-meta":{"desktop":{"background-color":"var(--ast-global-color-4)","background-image":"","background-repeat":"repeat","background-position":"center center","background-size":"auto","background-attachment":"scroll","background-type":"","background-media":"","overlay-type":"","overlay-color":"","overlay-opacity":"","overlay-gradient":""},"tablet":{"background-color":"","background-image":"","background-repeat":"repeat","background-position":"center center","background-size":"auto","background-attachment":"scroll","background-type":"","background-media":"","overlay-type":"","overlay-color":"","overlay-opacity":"","overlay-gradient":""},"mobile":{"background-color":"","background-image":"","background-repeat":"repeat","background-position":"center center","background-size":"auto","background-attachment":"scroll","background-type":"","background-media":"","overlay-type":"","overlay-color":"","overlay-opacity":"","overlay-gradient":""}},"ast-content-background-meta":{"desktop":{"background-color":"var(--ast-global-color-5)","background-image":"","background-repeat":"repeat","background-position":"center center","background-size":"auto","background-attachment":"scroll","background-type":"","background-media":"","overlay-type":"","overlay-color":"","overlay-opacity":"","overlay-gradient":""},"tablet":{"background-color":"var(--ast-global-color-5)","background-image":"","background-repeat":"repeat","background-position":"center center","background-size":"auto","background-attachment":"scroll","background-type":"","background-media":"","overlay-type":"","overlay-color":"","overlay-opacity":"","overlay-gradient":""},"mobile":{"background-color":"var(--ast-global-color-5)","background-image":"","background-repeat":"repeat","background-position":"center center","background-size":"auto","background-attachment":"scroll","background-type":"","background-media":"","overlay-type":"","overlay-color":"","overlay-opacity":"","overlay-gradient":""}}},"product_brand":[],"product_cat":[123],"product_tag":[],"class_list":{"0":"post-5597","1":"product","2":"type-product","3":"status-publish","4":"has-post-thumbnail","6":"product_cat-los-templos","7":"desktop-align-left","8":"tablet-align-left","9":"mobile-align-left","10":"ast-product-gallery-layout-vertical","11":"ast-product-gallery-with-no-image","12":"ast-magnify-disabled","13":"ast-product-tabs-layout-horizontal","15":"first","16":"instock","17":"taxable","18":"shipping-taxable","19":"purchasable","20":"product-type-simple"},"_links":{"self":[{"href":"https:\/\/coeurcristal.com\/es\/wp-json\/wp\/v2\/product\/5597","targetHints":{"allow":["GET"]}}],"collection":[{"href":"https:\/\/coeurcristal.com\/es\/wp-json\/wp\/v2\/product"}],"about":[{"href":"https:\/\/coeurcristal.com\/es\/wp-json\/wp\/v2\/types\/product"}],"replies":[{"embeddable":true,"href":"https:\/\/coeurcristal.com\/es\/wp-json\/wp\/v2\/comments?post=5597"}],"wp:featuredmedia":[{"embeddable":true,"href":"https:\/\/coeurcristal.com\/es\/wp-json\/wp\/v2\/media\/6219"}],"wp:attachment":[{"href":"https:\/\/coeurcristal.com\/es\/wp-json\/wp\/v2\/media?parent=5597"}],"wp:term":[{"taxonomy":"product_brand","embeddable":true,"href":"https:\/\/coeurcristal.com\/es\/wp-json\/wp\/v2\/product_brand?post=5597"},{"taxonomy":"product_cat","embeddable":true,"href":"https:\/\/coeurcristal.com\/es\/wp-json\/wp\/v2\/product_cat?post=5597"},{"taxonomy":"product_tag","embeddable":true,"href":"https:\/\/coeurcristal.com\/es\/wp-json\/wp\/v2\/product_tag?post=5597"}],"curies":[{"name":"wp","href":"https:\/\/api.w.org\/{rel}","templated":true}]}}