{"id":5594,"date":"2024-11-17T15:56:08","date_gmt":"2024-11-17T14:56:08","guid":{"rendered":"https:\/\/coeurcristal.com\/el-templo-del-oro-amarillo\/"},"modified":"2025-09-28T18:56:42","modified_gmt":"2025-09-28T16:56:42","slug":"el-templo-del-oro-amarillo","status":"publish","type":"product","link":"https:\/\/coeurcristal.com\/es\/el-templo-del-oro-amarillo\/","title":{"rendered":"El Templo del Oro Amarillo"},"content":{"rendered":"<p style=\"text-align: left;\"><strong>El templo amarillo es el Alquimista<br \/>\nEl que convierte el plomo en oro<\/strong><\/p>\n<p style=\"text-align: left;\">\u00c9l es la Revelaci\u00f3n,<br \/>\nel que nos permite vernos a nosotros mismos, de verdad.<\/p>\n<p style=\"text-align: left;\">Para verte a plena luz del d\u00eda, para aceptarte en el candelero, en toda tu gloria.<br \/>\nEs una invitaci\u00f3n a redescubrir tu Yo interior.<br \/>\nPara descubrir<strong> tu Yo radiante.<\/strong><br \/>\nEs la frecuencia redescubierta de tu gloria interior, la alquimia de los bloqueos hacia la Autorrealizaci\u00f3n, la revelaci\u00f3n de lo ilusorio.<\/p>\n<p style=\"text-align: left;\">\u00c9l es quien despierta el fuego de la alegr\u00eda en nosotros<br \/>\n, permiti\u00e9ndonos redescubrir todos sus atributos:<\/p>\n<p style=\"text-align: left;\"><strong>RADIACI\u00d3N<br \/>\nCALOR<br \/>\nLUZ  <\/strong><\/p>\n<p style=\"text-align: left;\">Es la<strong> riqueza interior<\/strong> que por fin puede expresarse. Es la comprensi\u00f3n profunda del Gran Todo, donde todo est\u00e1 infinitamente conectado. Y en esta conciencia unificada puede renacer una seguridad interior inalterable. <\/p>\n<p style=\"text-align: left;\">\u00c9l es Samekh -la 15\u00aa letra hebrea-, el Sustentador del Mundo, el Escudo de Luz, no el que separa, sino el que une a la Vida. \u00c9l es el abandono a la luz de Dios, cuando se encuentra esta luz, cuando<strong> se encuentra<\/strong> este<strong> resplandor<\/strong>, ya no hay necesidad de armadura, los miedos desaparecen instant\u00e1neamente de la faz del Mundo.   <span style=\"font-size: 16px;\">Es el ser de luz que irradia en el momento presente. Es la Conciencia Soberana de la Unidad, sentida y revelada en todos nuestros cuerpos. Es la Conciencia de la Humanidad; es el surgimiento del Cuerpo Solar.  <\/span><\/p>\n<p style=\"text-align: left;\">Ofrece una sensaci\u00f3n de liberaci\u00f3n del confinamiento, del miedo y de la pasi\u00f3n. Autonom\u00eda. Es la experiencia de la luz solar y el poder redescubiertos, que ofrece al alma este desaf\u00edo evolutivo tan necesario y las ense\u00f1anzas de sabidur\u00eda asociadas. Es la Alianza con Dios.   <\/p>\n<p style=\"text-align: left;\">El Templo de Amarillo y Oro puede contribuir a :<\/p>\n<p style=\"text-align: left;\"><strong>Para permitirnos avanzar en la vida con conciencia de nuestro valor y de nuestro ser solar. Para permitirnos tener confianza y fe, y encontrar la energ\u00eda y el valor para revelarnos al mundo, en plena luz y gloria. Para permitirnos liberarnos de patrones ilusorios y limitadores. Para permitirnos liberarnos de dependencias y confinamientos. Incluida la dependencia&#8230; de la ilusi\u00f3n. Fomenta todas las formas de autonom\u00eda y libertad (afectiva, emocional, financiera, etc.) \u00a1Nos permite redescubrir la alegr\u00eda de vivir y dejar la depresi\u00f3n en el armario!     <\/strong><\/p>\n<p style=\"text-align: left;\"><strong><br \/>\nA nivel espiritual :<\/strong><\/p>\n<p style=\"text-align: left;\">Nos permite ver nuestra propia naturaleza divina, totalmente espiritual, desvinculada de las limitaciones materiales.<\/p>\n<p style=\"text-align: left;\">Nos permite redescubrir la alegr\u00eda y dejar que nos gu\u00ede en nuestro camino espiritual. Proporciona un descanso de los procesos de limpieza y trabajo interior, que pueden resultar agotadores o desalentadores. Ofrece un lugar donde recargar las pilas y recuperar fuerzas. Te permite :  <\/p>\n<p style=\"text-align: left;\"><strong>&#8211; Toma conciencia de que est\u00e1s a salvo, protegida y apoyada por la Divinidad.<\/strong><br \/>\n<strong>&#8211; Conf\u00eda en la Gracia Divina.<\/strong><br \/>\n<strong>&#8211; Atr\u00e9vete a dejarte amar.<\/strong><\/p>\n<p style=\"text-align: left;\">Es como una fuente<strong> de luz y rejuvenecimiento<\/strong>, que nos permite ver la ilusi\u00f3n del mundo, ver las pautas que causan sufrimiento y los beneficios subyacentes que todos obtienen de ellas. Nos permite ver la trastienda o las alas del gran teatro de la vida, y re\u00edrnos de ello. <\/p>\n<p style=\"text-align: left;\"><strong><br \/>\nMental :<\/strong><\/p>\n<p style=\"text-align: left;\">Fomenta <strong>el optimismo<\/strong> y ayuda a desterrar los pensamientos sombr\u00edos. Fomenta la confianza en uno mismo. La ligereza invita <strong>al humor<\/strong>, al juego y a la travesura. Nos permite abrazar tanto el vac\u00edo como la plenitud, revelando c\u00f3mo ambos funcionan juntos. De este modo, nos reconcilia con la carencia y el vac\u00edo. Nos permite saltar, sumergirnos con fe en estos espacios de descubrimiento y posibilidad. Revela y cura la \u201cpanema\u201d (la pesadez y oscuridad del esp\u00edritu y del alma, en la medicina ancestral amaz\u00f3nica). Lo que llamamos las noches oscuras del alma: nos ayuda a atravesarlas.       <\/p>\n<p style=\"text-align: left;\"><strong>Emocionalmente:<\/strong><\/p>\n<p style=\"text-align: left;\">Destierra las pesadillas. Ahuyenta la pesadez emocional que obstaculiza nuestra libertad de pensar y actuar. Ahuyenta la tristeza y los miedos, devolviendo la confianza, la ligereza y la alegr\u00eda.<strong> Despierta la acci\u00f3n, el logro, la autonom\u00eda emocional y la libertad interior.<\/strong> Te invita a resolver viejos patrones y te ayuda a redescubrir<strong> la alegr\u00eda, la ligereza, la despreocupaci\u00f3n y la confianza de tu ni\u00f1o interior.<\/strong> Ayuda a cortar los cordones energ\u00e9ticos donde hay una lealtad o sujeci\u00f3n oculta, o donde hay un consentimiento t\u00e1cito a la sujeci\u00f3n. Te ayuda a encontrar y ocupar tu lugar.    <\/p>\n<p style=\"text-align: left;\"><strong>A nivel transgeneracional y k\u00e1rmico:<\/strong><\/p>\n<p style=\"text-align: left;\">Ayuda a liberarnos de los egregores familiares, de los contratos de alma no rotos, de las deudas, de las legitimidades, de los contratos y de los v\u00ednculos de dependencia. El Templo Amarillo-Oro nos impulsar\u00e1 en todos los niveles de nuestro ser hacia la conciencia de la autonom\u00eda y la Autorrealizaci\u00f3n.<br \/>\nAyuda a levantar las diversas posibles prohibiciones familiares t\u00e1citas o k\u00e1rmicas: el derecho a existir, el derecho a expresarse, el derecho a re\u00edr, a jugar, el derecho al<strong> placer y a la alegr\u00eda.<\/strong><br \/>\n<strong>El derecho a brillar, El derecho a triunfar, etc.<\/strong><\/p>\n","protected":false},"excerpt":{"rendered":"<p><b>Nos invita a liberarnos de nuestras creencias incapacitantes, para que podamos desplegar nuestros dones y talentos.<\/b><\/p>\n","protected":false},"featured_media":6258,"comment_status":"open","ping_status":"closed","template":"","meta":{"site-sidebar-layout":"default","site-content-layout":"","ast-site-content-layout":"default","site-content-style":"default","site-sidebar-style":"default","ast-global-header-display":"","ast-banner-title-visibility":"","ast-main-header-display":"","ast-hfb-above-header-display":"","ast-hfb-below-header-display":"","ast-hfb-mobile-header-display":"","site-post-title":"","ast-breadcrumbs-content":"","ast-featured-img":"","footer-sml-layout":"","ast-disable-related-posts":"","theme-transparent-header-meta":"default","adv-header-id-meta":"","stick-header-meta":"","header-above-stick-meta":"","header-main-stick-meta":"","header-below-stick-meta":"","astra-migrate-meta-layouts":"default","ast-page-background-enabled":"default","ast-page-background-meta":{"desktop":{"background-color":"var(--ast-global-color-4)","background-image":"","background-repeat":"repeat","background-position":"center center","background-size":"auto","background-attachment":"scroll","background-type":"","background-media":"","overlay-type":"","overlay-color":"","overlay-opacity":"","overlay-gradient":""},"tablet":{"background-color":"","background-image":"","background-repeat":"repeat","background-position":"center center","background-size":"auto","background-attachment":"scroll","background-type":"","background-media":"","overlay-type":"","overlay-color":"","overlay-opacity":"","overlay-gradient":""},"mobile":{"background-color":"","background-image":"","background-repeat":"repeat","background-position":"center center","background-size":"auto","background-attachment":"scroll","background-type":"","background-media":"","overlay-type":"","overlay-color":"","overlay-opacity":"","overlay-gradient":""}},"ast-content-background-meta":{"desktop":{"background-color":"var(--ast-global-color-5)","background-image":"","background-repeat":"repeat","background-position":"center center","background-size":"auto","background-attachment":"scroll","background-type":"","background-media":"","overlay-type":"","overlay-color":"","overlay-opacity":"","overlay-gradient":""},"tablet":{"background-color":"var(--ast-global-color-5)","background-image":"","background-repeat":"repeat","background-position":"center center","background-size":"auto","background-attachment":"scroll","background-type":"","background-media":"","overlay-type":"","overlay-color":"","overlay-opacity":"","overlay-gradient":""},"mobile":{"background-color":"var(--ast-global-color-5)","background-image":"","background-repeat":"repeat","background-position":"center center","background-size":"auto","background-attachment":"scroll","background-type":"","background-media":"","overlay-type":"","overlay-color":"","overlay-opacity":"","overlay-gradient":""}}},"product_brand":[],"product_cat":[123],"product_tag":[],"class_list":{"0":"post-5594","1":"product","2":"type-product","3":"status-publish","4":"has-post-thumbnail","6":"product_cat-los-templos","7":"desktop-align-left","8":"tablet-align-left","9":"mobile-align-left","10":"ast-product-gallery-layout-vertical","11":"ast-product-gallery-with-no-image","12":"ast-magnify-disabled","13":"ast-product-tabs-layout-horizontal","15":"first","16":"instock","17":"taxable","18":"shipping-taxable","19":"purchasable","20":"product-type-simple"},"_links":{"self":[{"href":"https:\/\/coeurcristal.com\/es\/wp-json\/wp\/v2\/product\/5594","targetHints":{"allow":["GET"]}}],"collection":[{"href":"https:\/\/coeurcristal.com\/es\/wp-json\/wp\/v2\/product"}],"about":[{"href":"https:\/\/coeurcristal.com\/es\/wp-json\/wp\/v2\/types\/product"}],"replies":[{"embeddable":true,"href":"https:\/\/coeurcristal.com\/es\/wp-json\/wp\/v2\/comments?post=5594"}],"wp:featuredmedia":[{"embeddable":true,"href":"https:\/\/coeurcristal.com\/es\/wp-json\/wp\/v2\/media\/6258"}],"wp:attachment":[{"href":"https:\/\/coeurcristal.com\/es\/wp-json\/wp\/v2\/media?parent=5594"}],"wp:term":[{"taxonomy":"product_brand","embeddable":true,"href":"https:\/\/coeurcristal.com\/es\/wp-json\/wp\/v2\/product_brand?post=5594"},{"taxonomy":"product_cat","embeddable":true,"href":"https:\/\/coeurcristal.com\/es\/wp-json\/wp\/v2\/product_cat?post=5594"},{"taxonomy":"product_tag","embeddable":true,"href":"https:\/\/coeurcristal.com\/es\/wp-json\/wp\/v2\/product_tag?post=5594"}],"curies":[{"name":"wp","href":"https:\/\/api.w.org\/{rel}","templated":true}]}}