{"id":5593,"date":"2024-11-11T16:24:10","date_gmt":"2024-11-11T15:24:10","guid":{"rendered":"https:\/\/coeurcristal.com\/el-gran-sello-de-oro\/"},"modified":"2024-11-11T16:24:10","modified_gmt":"2024-11-11T15:24:10","slug":"el-gran-sello-de-oro","status":"publish","type":"product","link":"https:\/\/coeurcristal.com\/es\/el-gran-sello-de-oro\/","title":{"rendered":"El Gran Sello de Oro"},"content":{"rendered":"<p>El Sello de Oro ayuda a estimular el movimiento de la vida, el movimiento celular. Favorece la aparici\u00f3n de movimientos espont\u00e1neos, movimientos flexibles del cuerpo, no decididos arbitrariamente por la mente, sino libremente consentidos desde lo m\u00e1s profundo del ser. <\/p>\n<p>Esto permite que la mente se asiente y que las emociones fluyan libremente sin represi\u00f3n.<\/p>\n<p>Al colocar el Sello de Oro en el cerebro ent\u00e9rico, que es la fuente de todo movimiento en el cuerpo f\u00edsico, ayudamos a este cerebro a desidentificarse del formateo profundo, y a desplegarse no s\u00f3lo en los arca\u00edsmos del cerebro reptiliano, lucha y huida, o en el aprendizaje del cerebro l\u00edmbico, estrategias de supervivencia.<\/p>\n<p>Como resultado, los circuitos neuronales que definen estas estrategias y reflejos de supervivencia se har\u00e1n gradualmente m\u00e1s flexibles.<\/p>\n<p>Esto se debe a que el movimiento ondulatorio generado por el elemento \u00c9ter, estimulado en el cuerpo por el peque\u00f1o Sello de Oro, <strong>facilitar\u00e1 el intercambio de informaci\u00f3n.<\/strong><\/p>\n<p>Se trata de una transmutaci\u00f3n terrestre, vinculada al elemento Tierra, presente en las c\u00e9lulas madre. La m\u00e9dula \u00f3sea se regenera. El s\u00edlice org\u00e1nico se convierte en s\u00edlice cristalino. Las estructuras del cuerpo cristalino se hacen m\u00e1s densas, el esqueleto se vuelve cristalino.   <\/p>\n<p>Esta m\u00e9dula \u00f3sea, que se ha vuelto cristalina, genera entonces sangre nueva, pura y cristalina, catalizada por el \u00c9ter.<\/p>\n","protected":false},"excerpt":{"rendered":"<p><strong>Elemento \u00e9ter, aumenta la recepci\u00f3n de prana y densifica nuestras estructuras corporales cristalinas.<\/strong><\/p>\n","protected":false},"featured_media":4524,"comment_status":"open","ping_status":"closed","template":"","meta":{"site-sidebar-layout":"default","site-content-layout":"","ast-site-content-layout":"default","site-content-style":"default","site-sidebar-style":"default","ast-global-header-display":"","ast-banner-title-visibility":"","ast-main-header-display":"","ast-hfb-above-header-display":"","ast-hfb-below-header-display":"","ast-hfb-mobile-header-display":"","site-post-title":"","ast-breadcrumbs-content":"","ast-featured-img":"","footer-sml-layout":"","ast-disable-related-posts":"","theme-transparent-header-meta":"default","adv-header-id-meta":"","stick-header-meta":"","header-above-stick-meta":"","header-main-stick-meta":"","header-below-stick-meta":"","astra-migrate-meta-layouts":"default","ast-page-background-enabled":"default","ast-page-background-meta":{"desktop":{"background-color":"var(--ast-global-color-4)","background-image":"","background-repeat":"repeat","background-position":"center center","background-size":"auto","background-attachment":"scroll","background-type":"","background-media":"","overlay-type":"","overlay-color":"","overlay-opacity":"","overlay-gradient":""},"tablet":{"background-color":"","background-image":"","background-repeat":"repeat","background-position":"center center","background-size":"auto","background-attachment":"scroll","background-type":"","background-media":"","overlay-type":"","overlay-color":"","overlay-opacity":"","overlay-gradient":""},"mobile":{"background-color":"","background-image":"","background-repeat":"repeat","background-position":"center center","background-size":"auto","background-attachment":"scroll","background-type":"","background-media":"","overlay-type":"","overlay-color":"","overlay-opacity":"","overlay-gradient":""}},"ast-content-background-meta":{"desktop":{"background-color":"var(--ast-global-color-5)","background-image":"","background-repeat":"repeat","background-position":"center center","background-size":"auto","background-attachment":"scroll","background-type":"","background-media":"","overlay-type":"","overlay-color":"","overlay-opacity":"","overlay-gradient":""},"tablet":{"background-color":"var(--ast-global-color-5)","background-image":"","background-repeat":"repeat","background-position":"center center","background-size":"auto","background-attachment":"scroll","background-type":"","background-media":"","overlay-type":"","overlay-color":"","overlay-opacity":"","overlay-gradient":""},"mobile":{"background-color":"var(--ast-global-color-5)","background-image":"","background-repeat":"repeat","background-position":"center center","background-size":"auto","background-attachment":"scroll","background-type":"","background-media":"","overlay-type":"","overlay-color":"","overlay-opacity":"","overlay-gradient":""}}},"product_brand":[],"product_cat":[122],"product_tag":[],"class_list":{"0":"post-5593","1":"product","2":"type-product","3":"status-publish","4":"has-post-thumbnail","6":"product_cat-los-sellos","7":"desktop-align-left","8":"tablet-align-left","9":"mobile-align-left","10":"ast-product-gallery-layout-vertical","11":"ast-product-gallery-with-no-image","12":"ast-magnify-disabled","13":"ast-product-tabs-layout-horizontal","15":"first","16":"instock","17":"taxable","18":"shipping-taxable","19":"purchasable","20":"product-type-simple"},"_links":{"self":[{"href":"https:\/\/coeurcristal.com\/es\/wp-json\/wp\/v2\/product\/5593","targetHints":{"allow":["GET"]}}],"collection":[{"href":"https:\/\/coeurcristal.com\/es\/wp-json\/wp\/v2\/product"}],"about":[{"href":"https:\/\/coeurcristal.com\/es\/wp-json\/wp\/v2\/types\/product"}],"replies":[{"embeddable":true,"href":"https:\/\/coeurcristal.com\/es\/wp-json\/wp\/v2\/comments?post=5593"}],"wp:featuredmedia":[{"embeddable":true,"href":"https:\/\/coeurcristal.com\/es\/wp-json\/wp\/v2\/media\/4524"}],"wp:attachment":[{"href":"https:\/\/coeurcristal.com\/es\/wp-json\/wp\/v2\/media?parent=5593"}],"wp:term":[{"taxonomy":"product_brand","embeddable":true,"href":"https:\/\/coeurcristal.com\/es\/wp-json\/wp\/v2\/product_brand?post=5593"},{"taxonomy":"product_cat","embeddable":true,"href":"https:\/\/coeurcristal.com\/es\/wp-json\/wp\/v2\/product_cat?post=5593"},{"taxonomy":"product_tag","embeddable":true,"href":"https:\/\/coeurcristal.com\/es\/wp-json\/wp\/v2\/product_tag?post=5593"}],"curies":[{"name":"wp","href":"https:\/\/api.w.org\/{rel}","templated":true}]}}