{"id":5588,"date":"2024-11-13T15:00:09","date_gmt":"2024-11-13T14:00:09","guid":{"rendered":"https:\/\/coeurcristal.com\/le-triskell\/"},"modified":"2025-06-21T14:01:28","modified_gmt":"2025-06-21T12:01:28","slug":"le-triskell","status":"publish","type":"product","link":"https:\/\/coeurcristal.com\/es\/le-triskell\/","title":{"rendered":"Le Triskell"},"content":{"rendered":"<h3>El Triskell es doble, con un dise\u00f1o inverso en cada cara.<\/h3>\n<p>Te permite tener ambas polaridades en el mismo objeto.<\/p>\n<h4>En geobiolog\u00eda:<\/h4>\n<p>Colocado en el suelo, el Triskell neutraliza el efecto de las perturbaciones tel\u00faricas en un radio de unos 10 m, es decir, una superficie de unos 60 m2.<\/p>\n<p>Dentro de su alcance, se armonizan las corrientes de agua, las fallas tel\u00faricas y las redes. Col\u00f3calo en el suelo en el mismo sentido de rotaci\u00f3n que en la foto: partiendo del centro, los tres v\u00f3rtices giran en sentido contrario a las agujas del reloj. <\/p>\n<h4><strong>En Cuidado<\/strong>:<\/h4>\n<p>Colocado entre el chakra del coraz\u00f3n y el plexo solar, se reenfoca en 2 minutos.<\/p>\n<p>Al hacerlo rodar a unos cent\u00edmetros del cuerpo f\u00edsico, desde la parte superior de la cabeza hasta el 1er chakra, te ayuda <strong>a recuperar la concentraci\u00f3n y a volver a centrarte eficazmente.<\/strong><\/p>\n<p>Di\u00e1metro 8 cm.<\/p>\n","protected":false},"excerpt":{"rendered":"<p>Una herramienta de transmutaci\u00f3n, purificaci\u00f3n, tratamiento, pacificaci\u00f3n y anclaje. La herramienta de Geobiolog\u00eda por excelencia. <\/p>\n","protected":false},"featured_media":4638,"comment_status":"open","ping_status":"closed","template":"","meta":{"site-sidebar-layout":"default","site-content-layout":"","ast-site-content-layout":"default","site-content-style":"default","site-sidebar-style":"default","ast-global-header-display":"","ast-banner-title-visibility":"","ast-main-header-display":"","ast-hfb-above-header-display":"","ast-hfb-below-header-display":"","ast-hfb-mobile-header-display":"","site-post-title":"","ast-breadcrumbs-content":"","ast-featured-img":"","footer-sml-layout":"","ast-disable-related-posts":"","theme-transparent-header-meta":"default","adv-header-id-meta":"","stick-header-meta":"","header-above-stick-meta":"","header-main-stick-meta":"","header-below-stick-meta":"","astra-migrate-meta-layouts":"default","ast-page-background-enabled":"default","ast-page-background-meta":{"desktop":{"background-color":"var(--ast-global-color-4)","background-image":"","background-repeat":"repeat","background-position":"center center","background-size":"auto","background-attachment":"scroll","background-type":"","background-media":"","overlay-type":"","overlay-color":"","overlay-opacity":"","overlay-gradient":""},"tablet":{"background-color":"","background-image":"","background-repeat":"repeat","background-position":"center center","background-size":"auto","background-attachment":"scroll","background-type":"","background-media":"","overlay-type":"","overlay-color":"","overlay-opacity":"","overlay-gradient":""},"mobile":{"background-color":"","background-image":"","background-repeat":"repeat","background-position":"center center","background-size":"auto","background-attachment":"scroll","background-type":"","background-media":"","overlay-type":"","overlay-color":"","overlay-opacity":"","overlay-gradient":""}},"ast-content-background-meta":{"desktop":{"background-color":"var(--ast-global-color-5)","background-image":"","background-repeat":"repeat","background-position":"center center","background-size":"auto","background-attachment":"scroll","background-type":"","background-media":"","overlay-type":"","overlay-color":"","overlay-opacity":"","overlay-gradient":""},"tablet":{"background-color":"var(--ast-global-color-5)","background-image":"","background-repeat":"repeat","background-position":"center center","background-size":"auto","background-attachment":"scroll","background-type":"","background-media":"","overlay-type":"","overlay-color":"","overlay-opacity":"","overlay-gradient":""},"mobile":{"background-color":"var(--ast-global-color-5)","background-image":"","background-repeat":"repeat","background-position":"center center","background-size":"auto","background-attachment":"scroll","background-type":"","background-media":"","overlay-type":"","overlay-color":"","overlay-opacity":"","overlay-gradient":""}}},"product_brand":[],"product_cat":[119],"product_tag":[],"class_list":{"0":"post-5588","1":"product","2":"type-product","3":"status-publish","4":"has-post-thumbnail","6":"product_cat-herramientas","7":"desktop-align-left","8":"tablet-align-left","9":"mobile-align-left","10":"ast-product-gallery-layout-vertical","11":"ast-magnify-disabled","12":"ast-product-tabs-layout-horizontal","14":"first","15":"instock","16":"taxable","17":"shipping-taxable","18":"purchasable","19":"product-type-simple"},"_links":{"self":[{"href":"https:\/\/coeurcristal.com\/es\/wp-json\/wp\/v2\/product\/5588","targetHints":{"allow":["GET"]}}],"collection":[{"href":"https:\/\/coeurcristal.com\/es\/wp-json\/wp\/v2\/product"}],"about":[{"href":"https:\/\/coeurcristal.com\/es\/wp-json\/wp\/v2\/types\/product"}],"replies":[{"embeddable":true,"href":"https:\/\/coeurcristal.com\/es\/wp-json\/wp\/v2\/comments?post=5588"}],"wp:featuredmedia":[{"embeddable":true,"href":"https:\/\/coeurcristal.com\/es\/wp-json\/wp\/v2\/media\/4638"}],"wp:attachment":[{"href":"https:\/\/coeurcristal.com\/es\/wp-json\/wp\/v2\/media?parent=5588"}],"wp:term":[{"taxonomy":"product_brand","embeddable":true,"href":"https:\/\/coeurcristal.com\/es\/wp-json\/wp\/v2\/product_brand?post=5588"},{"taxonomy":"product_cat","embeddable":true,"href":"https:\/\/coeurcristal.com\/es\/wp-json\/wp\/v2\/product_cat?post=5588"},{"taxonomy":"product_tag","embeddable":true,"href":"https:\/\/coeurcristal.com\/es\/wp-json\/wp\/v2\/product_tag?post=5588"}],"curies":[{"name":"wp","href":"https:\/\/api.w.org\/{rel}","templated":true}]}}