{"id":4831,"date":"2024-10-16T10:16:15","date_gmt":"2024-10-16T10:16:15","guid":{"rendered":"https:\/\/coeurcristal.com\/le-temple-rose\/"},"modified":"2025-10-28T13:51:33","modified_gmt":"2025-10-28T12:51:33","slug":"le-temple-rose","status":"publish","type":"product","link":"https:\/\/coeurcristal.com\/en\/le-temple-rose\/","title":{"rendered":"Le Temple Rose"},"content":{"rendered":"<h2>The blossoming of the heart, the sweetness of forgiveness<\/h2>\n<ul>\n<li><strong>Self-esteem<\/strong><\/li>\n<li><strong>Creativity and design  <\/strong><\/li>\n<li><strong>Compassion and the sweetness of forgiveness  <\/strong><\/li>\n<li><strong>The Pink Temple expands and unfolds the whole sensitive part of our being.<\/strong><\/li>\n<li><strong> It connects us to the most subtle levels of our being.<\/strong><\/li>\n<li><strong><span style=\"font-size: 16px;\">It increases <\/span><\/strong><strong style=\"font-size: 16px;\">the quality of the love we feel and share, whether towards ourselves or towards others, and increases our ability to offer love to others.<\/strong><\/li>\n<li><strong>He works for the awareness of freedom in love.<\/strong><\/li>\n<li><strong>It helps inner vision and clairvoyance.<\/strong><\/li>\n<li><strong>It develops the gifts, talents and sensitivity linked to the throat chakras.<\/strong><\/li>\n<\/ul>\n<p><strong> <\/strong><strong>The mantra, the breath of the Pink Temple<\/strong><\/p>\n<p><em>&#8220;I open myself to Love&#8221;.<\/em><\/p>\n<ul>\n<li>He whispers to us the medicine of the Rose.<\/li>\n<li>It allows us to enter <strong>a new dimension of love. <\/strong> <\/li>\n<li>It brings a very fine, very subtle, very delicate quality of love, offering the awareness of Love as a <strong>vector of healing and transmutation <\/strong>.  <\/li>\n<\/ul>\n<p>It allows us to enter the dimension of <strong>true, unconditional Love.<\/strong><\/p>\n<p><strong>On a mental level:<\/strong><\/p>\n<ul>\n<li>It opens up spaces, perspectives and possibilities.<strong>. He brings love<\/strong>  in our projects.<\/li>\n<li>It&#8217;s an <strong>antidote to<\/strong> fear.<\/li>\n<li>It allows us<strong> to move from the lower mind to the heart, freeing us<\/strong> from doubts.<\/li>\n<\/ul>\n<p><strong>At the level of the Spirit:<\/strong><\/p>\n<p>It develops feminine qualities such as intuition, empathy and receptivity, placing the lower mind in the background. It enables <strong>men to fully embrace their feminine polarity, and use it with joy, to feel more complete. <\/strong>  <\/p>\n<ul>\n<li>It enables men to <strong>see gentleness as a gift <\/strong>and enter into a new relationship with the feminine archetype.<\/li>\n<li>It enables people to<strong>welcome their vulnerability <\/strong>as proof of their authenticity and sensitivity, without judgment or fear.<\/li>\n<\/ul>\n<p><strong>Emotionally:<\/strong><\/p>\n<ul>\n<li>Il fait remonter les \u00e9motions, les chocs, les blessures de non amour, les traumas, les abus, facilitant une <strong>lib\u00e9ration des m\u00e9moires et une r\u00e9paration \u00e9motionnelle.<\/strong><\/li>\n<li>It invites you to heal uterine memories and traumas.<\/li>\n<li><strong>It is the Emotional Angel who gently settles on our emotions and soothes them. <\/strong><\/li>\n<li><strong>It connects us to tenderness, to the warmth of love, to its gentleness, to comfort.  <\/strong><\/li>\n<li><strong>It helps transmute non-love, the wounds of rejection and abandonment, betrayal and all forms of lack of love.<\/strong><\/li>\n<\/ul>\n<p><strong>For children :<\/strong><\/p>\n<p>It helps children to stop being afraid of the dark. When the pink temple is with the child, fears are transmuted and calmed. <\/p>\n<ul>\n<li>It can be very helpful for a child&#8217;s bedroom.<\/li>\n<li><strong>It will help star-children, starseeds who have difficulty adapting to the heavy, dense frequencies of 3D<\/strong>, or those<strong> hypersensitive <\/strong>adults who feel all the dualities, all the inconsistencies, all the distortions, showing them that there is <strong>space for love.<\/strong> <\/li>\n<\/ul>\n","protected":false},"excerpt":{"rendered":"<p>Gentle release of emotional memories.<\/p>\n","protected":false},"featured_media":6969,"comment_status":"open","ping_status":"closed","template":"","meta":{"site-sidebar-layout":"default","site-content-layout":"","ast-site-content-layout":"default","site-content-style":"default","site-sidebar-style":"default","ast-global-header-display":"","ast-banner-title-visibility":"","ast-main-header-display":"","ast-hfb-above-header-display":"","ast-hfb-below-header-display":"","ast-hfb-mobile-header-display":"","site-post-title":"","ast-breadcrumbs-content":"","ast-featured-img":"","footer-sml-layout":"","ast-disable-related-posts":"","theme-transparent-header-meta":"default","adv-header-id-meta":"","stick-header-meta":"","header-above-stick-meta":"","header-main-stick-meta":"","header-below-stick-meta":"","astra-migrate-meta-layouts":"default","ast-page-background-enabled":"default","ast-page-background-meta":{"desktop":{"background-color":"var(--ast-global-color-4)","background-image":"","background-repeat":"repeat","background-position":"center center","background-size":"auto","background-attachment":"scroll","background-type":"","background-media":"","overlay-type":"","overlay-color":"","overlay-opacity":"","overlay-gradient":""},"tablet":{"background-color":"","background-image":"","background-repeat":"repeat","background-position":"center center","background-size":"auto","background-attachment":"scroll","background-type":"","background-media":"","overlay-type":"","overlay-color":"","overlay-opacity":"","overlay-gradient":""},"mobile":{"background-color":"","background-image":"","background-repeat":"repeat","background-position":"center center","background-size":"auto","background-attachment":"scroll","background-type":"","background-media":"","overlay-type":"","overlay-color":"","overlay-opacity":"","overlay-gradient":""}},"ast-content-background-meta":{"desktop":{"background-color":"var(--ast-global-color-5)","background-image":"","background-repeat":"repeat","background-position":"center center","background-size":"auto","background-attachment":"scroll","background-type":"","background-media":"","overlay-type":"","overlay-color":"","overlay-opacity":"","overlay-gradient":""},"tablet":{"background-color":"var(--ast-global-color-5)","background-image":"","background-repeat":"repeat","background-position":"center center","background-size":"auto","background-attachment":"scroll","background-type":"","background-media":"","overlay-type":"","overlay-color":"","overlay-opacity":"","overlay-gradient":""},"mobile":{"background-color":"var(--ast-global-color-5)","background-image":"","background-repeat":"repeat","background-position":"center center","background-size":"auto","background-attachment":"scroll","background-type":"","background-media":"","overlay-type":"","overlay-color":"","overlay-opacity":"","overlay-gradient":""}}},"product_brand":[],"product_cat":[97],"product_tag":[],"class_list":{"0":"post-4831","1":"product","2":"type-product","3":"status-publish","4":"has-post-thumbnail","6":"product_cat-the-temples","7":"desktop-align-left","8":"tablet-align-left","9":"mobile-align-left","10":"ast-product-gallery-layout-vertical","11":"ast-product-gallery-with-no-image","12":"ast-magnify-disabled","13":"ast-product-tabs-layout-horizontal","15":"first","16":"instock","17":"taxable","18":"shipping-taxable","19":"purchasable","20":"product-type-simple"},"_links":{"self":[{"href":"https:\/\/coeurcristal.com\/en\/wp-json\/wp\/v2\/product\/4831","targetHints":{"allow":["GET"]}}],"collection":[{"href":"https:\/\/coeurcristal.com\/en\/wp-json\/wp\/v2\/product"}],"about":[{"href":"https:\/\/coeurcristal.com\/en\/wp-json\/wp\/v2\/types\/product"}],"replies":[{"embeddable":true,"href":"https:\/\/coeurcristal.com\/en\/wp-json\/wp\/v2\/comments?post=4831"}],"wp:featuredmedia":[{"embeddable":true,"href":"https:\/\/coeurcristal.com\/en\/wp-json\/wp\/v2\/media\/6969"}],"wp:attachment":[{"href":"https:\/\/coeurcristal.com\/en\/wp-json\/wp\/v2\/media?parent=4831"}],"wp:term":[{"taxonomy":"product_brand","embeddable":true,"href":"https:\/\/coeurcristal.com\/en\/wp-json\/wp\/v2\/product_brand?post=4831"},{"taxonomy":"product_cat","embeddable":true,"href":"https:\/\/coeurcristal.com\/en\/wp-json\/wp\/v2\/product_cat?post=4831"},{"taxonomy":"product_tag","embeddable":true,"href":"https:\/\/coeurcristal.com\/en\/wp-json\/wp\/v2\/product_tag?post=4831"}],"curies":[{"name":"wp","href":"https:\/\/api.w.org\/{rel}","templated":true}]}}