{"id":4824,"date":"2024-10-16T10:57:44","date_gmt":"2024-10-16T08:57:44","guid":{"rendered":"https:\/\/coeurcristal.com\/the-multicolored-temple\/"},"modified":"2025-10-28T13:51:35","modified_gmt":"2025-10-28T12:51:35","slug":"the-multicolored-temple","status":"publish","type":"product","link":"https:\/\/coeurcristal.com\/en\/the-multicolored-temple\/","title":{"rendered":"The Multicolored Temple"},"content":{"rendered":"<p>It represents<strong> reunification<\/strong>, allowing us to rediscover the original frequency of our soul, to manifest and embody our true essence.<\/p>\n<ul>\n<li>Self-realization<\/li>\n<li>Revealing our talents and gifts<\/li>\n<li>Reunification<\/li>\n<li>Rainbow after the rain<\/li>\n<li>Great healer<\/li>\n<\/ul>\n<p>It confronts us with our doubts, fears and shortcomings, then opens the way to transmutation.<\/p>\n<p><strong>The mantra of the Multicolored Temple<\/strong><\/p>\n<p><em>&#8220;I CREATE now, ALL that I AM&#8221;.<\/em><\/p>\n<p><em>&#8220;I find, I reunite, I deploy all my potential&#8221;.<\/em><\/p>\n<h2><strong>The Temple Multicolore can help  <\/strong><\/h2>\n<p><strong>It allows us to rediscover our soul&#8217;s original frequency, to manifest and embody our soul&#8217;s creation.  <\/strong><\/p>\n<p>We all have an extremely precise and totally unique vibratory signature, and when we regain access to our original frequency and all our resources, we can unfold our multi-dimensionality and multi-potentiality and create in a vast and infinite way, in a field of possibilities that is also vast and infinite.<\/p>\n<p>Le temple multicolore vient effectuer ce travail. Il vient \u00e9purer notre conscience, et nos corps subtils, de tout ce qui ne nous appartient pas, ou de ce qui ne sert plus notre \u00e9volution, <strong>il vient nous redonner acc\u00e8s aux fr\u00e9quences<\/strong>, oubli\u00e9es ou perdues, qui sont v\u00e9ritablement les n\u00f4tres, en dehors de tout conditionnement. <\/p>\n<p>These frequencies allow us to create, in joy and fluidity.<\/p>\n<h3><strong>On a spiritual level<\/strong><\/h3>\n<ul>\n<li><strong>He reminds us of our divine mission.  <\/strong><\/li>\n<li><strong>It allows the soul and body to come together. <\/strong>Just as the rainbow is a bridge, a covenant, between God and us, the little multicolored temple works on the same principle: <strong>it creates a link, within us, between the spiritual and the material.<\/strong><\/li>\n<\/ul>\n<p><strong>It links our divine being to our incarnate being.<\/strong><\/p>\n<h3><strong>On a mental level  <\/strong><\/h3>\n<p>The multicolored temple allows us to explore different fixed patterns. It&#8217;s like an antenna, plugged into our personal, family and collective unconscious. <\/p>\n<p>It allows the higher mind to focus on openings and possibilities, and to be guided by our higher consciousness and soul to create or co-create.<\/p>\n<h3><strong>Emotionally  <\/strong><\/h3>\n<ul>\n<li>It brings up emotions stored in the unconscious, and restores coherence to these emotional patterns.<\/li>\n<li>It brings us face to face with our various masks and illusions, so that, if the time is right, we can dis-identify, turn the ego inside out and turn the heart inside out.<\/li>\n<\/ul>\n<h3><strong>Trans-generational  <\/strong><\/h3>\n<p><strong>It&#8217;s a vessel for traveling through time and space: <\/strong>when they&#8217;ve been blocked or stopped, <strong>it releases the family gifts and divine inheritances of the lineage, bringing them down to us. <\/strong>Allowing us to see them, find them and reintegrate them.<\/p>\n<h3><strong>On the Karmic level  <\/strong><\/h3>\n<p>Like a space-time capsule, it will always act in the same way on the karmic level as on the trans-generational level: it will enable us to cross time and space, and pass through opacities. It will bring back to us our gifts and talents, both karmic and multidimensional or trans-incarnational. <\/p>\n<p>At the same time, he will bring to our conscious the source of certain current blockages, whose origin lies in our karmic memories. It will constantly reveal what is there, lodged within us, and invite us to carry out this work of karmic absolution. It can be consciously used in this way to free the karma stored in our chakras.  <\/p>\n<h3><strong>Physically  <\/strong><\/h3>\n<ul>\n<li><strong>It raises the vibration very quickly and very high.<\/strong><\/li>\n<li>It acts very deeply on the 5 attachments of the soul in the physical body: the brain, the heart, the skin, the teeth, and right down to the bones. This is where the deepest and most difficult memories are stored. It can touch all 5 levels of the soul.  <\/li>\n<li>It invites us to fluidity, and brings us back to activities where our body finds itself and is reborn to itself.<\/li>\n<\/ul>\n<p>It could help dancers, musicians, painters, and encourage all artists to reveal themselves in the material.<\/p>\n<p><strong>IT WILL COMMIT US TO BRINGING THE &#8220;COLORS&#8221; OF OUR SOUL DOWN TO THE PHYSICAL PLANE.<\/strong><\/p>\n<h3><strong>On the cellular level<\/strong><\/h3>\n<ul>\n<li>It promotes <strong>intra-cellular and inter-cellular communication<\/strong>, brings movement and oxygen to the cells, and reminds the cells of the hologram of the soul, reminding them of the master plan for growth.<\/li>\n<li>It promotes<strong> cell regeneration and<\/strong> cell rejuvenation! It brings about a global re-information of the body, acting on metabolisms and all body systems. <em> It infuses DNA with light.<\/em> Our DNA contains the information of our multi-dimensional being, but it&#8217;s &#8220;bridled&#8221;.<\/li>\n<\/ul>\n<p>The multicolored temple unclasps the DNA, unlocking it, freeing it from the information of the 3D matrix so that it can regain access to the divine matrix of creation.<\/p>\n","protected":false},"excerpt":{"rendered":"<p>Reveals our gifts and talents so we can manifest them in matter.<\/p>\n","protected":false},"featured_media":6103,"comment_status":"open","ping_status":"closed","template":"","meta":{"site-sidebar-layout":"default","site-content-layout":"","ast-site-content-layout":"default","site-content-style":"default","site-sidebar-style":"default","ast-global-header-display":"","ast-banner-title-visibility":"","ast-main-header-display":"","ast-hfb-above-header-display":"","ast-hfb-below-header-display":"","ast-hfb-mobile-header-display":"","site-post-title":"","ast-breadcrumbs-content":"","ast-featured-img":"","footer-sml-layout":"","ast-disable-related-posts":"","theme-transparent-header-meta":"default","adv-header-id-meta":"","stick-header-meta":"","header-above-stick-meta":"","header-main-stick-meta":"","header-below-stick-meta":"","astra-migrate-meta-layouts":"default","ast-page-background-enabled":"default","ast-page-background-meta":{"desktop":{"background-color":"var(--ast-global-color-4)","background-image":"","background-repeat":"repeat","background-position":"center center","background-size":"auto","background-attachment":"scroll","background-type":"","background-media":"","overlay-type":"","overlay-color":"","overlay-opacity":"","overlay-gradient":""},"tablet":{"background-color":"","background-image":"","background-repeat":"repeat","background-position":"center center","background-size":"auto","background-attachment":"scroll","background-type":"","background-media":"","overlay-type":"","overlay-color":"","overlay-opacity":"","overlay-gradient":""},"mobile":{"background-color":"","background-image":"","background-repeat":"repeat","background-position":"center center","background-size":"auto","background-attachment":"scroll","background-type":"","background-media":"","overlay-type":"","overlay-color":"","overlay-opacity":"","overlay-gradient":""}},"ast-content-background-meta":{"desktop":{"background-color":"var(--ast-global-color-5)","background-image":"","background-repeat":"repeat","background-position":"center center","background-size":"auto","background-attachment":"scroll","background-type":"","background-media":"","overlay-type":"","overlay-color":"","overlay-opacity":"","overlay-gradient":""},"tablet":{"background-color":"var(--ast-global-color-5)","background-image":"","background-repeat":"repeat","background-position":"center center","background-size":"auto","background-attachment":"scroll","background-type":"","background-media":"","overlay-type":"","overlay-color":"","overlay-opacity":"","overlay-gradient":""},"mobile":{"background-color":"var(--ast-global-color-5)","background-image":"","background-repeat":"repeat","background-position":"center center","background-size":"auto","background-attachment":"scroll","background-type":"","background-media":"","overlay-type":"","overlay-color":"","overlay-opacity":"","overlay-gradient":""}}},"product_brand":[],"product_cat":[97],"product_tag":[],"class_list":{"0":"post-4824","1":"product","2":"type-product","3":"status-publish","4":"has-post-thumbnail","6":"product_cat-the-temples","7":"desktop-align-left","8":"tablet-align-left","9":"mobile-align-left","10":"ast-product-gallery-layout-vertical","11":"ast-magnify-disabled","12":"ast-product-tabs-layout-horizontal","14":"first","15":"instock","16":"taxable","17":"shipping-taxable","18":"purchasable","19":"product-type-simple"},"_links":{"self":[{"href":"https:\/\/coeurcristal.com\/en\/wp-json\/wp\/v2\/product\/4824","targetHints":{"allow":["GET"]}}],"collection":[{"href":"https:\/\/coeurcristal.com\/en\/wp-json\/wp\/v2\/product"}],"about":[{"href":"https:\/\/coeurcristal.com\/en\/wp-json\/wp\/v2\/types\/product"}],"replies":[{"embeddable":true,"href":"https:\/\/coeurcristal.com\/en\/wp-json\/wp\/v2\/comments?post=4824"}],"wp:featuredmedia":[{"embeddable":true,"href":"https:\/\/coeurcristal.com\/en\/wp-json\/wp\/v2\/media\/6103"}],"wp:attachment":[{"href":"https:\/\/coeurcristal.com\/en\/wp-json\/wp\/v2\/media?parent=4824"}],"wp:term":[{"taxonomy":"product_brand","embeddable":true,"href":"https:\/\/coeurcristal.com\/en\/wp-json\/wp\/v2\/product_brand?post=4824"},{"taxonomy":"product_cat","embeddable":true,"href":"https:\/\/coeurcristal.com\/en\/wp-json\/wp\/v2\/product_cat?post=4824"},{"taxonomy":"product_tag","embeddable":true,"href":"https:\/\/coeurcristal.com\/en\/wp-json\/wp\/v2\/product_tag?post=4824"}],"curies":[{"name":"wp","href":"https:\/\/api.w.org\/{rel}","templated":true}]}}